{"id":16289,"date":"2016-10-13T16:41:28","date_gmt":"2016-10-13T14:41:28","guid":{"rendered":"https:\/\/www.hair-lounge-meloneras.com\/farbe-und-straehnen\/"},"modified":"2017-07-17T11:45:24","modified_gmt":"2017-07-17T09:45:24","slug":"colores-y-mechas","status":"publish","type":"page","link":"https:\/\/www.hair-lounge-meloneras.com\/es\/colores-y-mechas\/","title":{"rendered":"Colores y mechas"},"content":{"rendered":"<p><img loading=\"lazy\" decoding=\"async\" class=\"alignright wp-image-16221\" src=\"https:\/\/www.hair-lounge-meloneras.com\/wp-content\/uploads\/2016\/10\/farbe-768x1024.jpeg\" alt=\"\" width=\"318\" height=\"424\" srcset=\"https:\/\/www.hair-lounge-meloneras.com\/wp-content\/uploads\/2016\/10\/farbe-768x1024.jpeg 768w, https:\/\/www.hair-lounge-meloneras.com\/wp-content\/uploads\/2016\/10\/farbe-225x300.jpeg 225w, https:\/\/www.hair-lounge-meloneras.com\/wp-content\/uploads\/2016\/10\/farbe-600x800.jpeg 600w, https:\/\/www.hair-lounge-meloneras.com\/wp-content\/uploads\/2016\/10\/farbe-700x933.jpeg 700w, https:\/\/www.hair-lounge-meloneras.com\/wp-content\/uploads\/2016\/10\/farbe.jpeg 1200w\" sizes=\"auto, (max-width: 318px) 100vw, 318px\" \/><\/p>\n<h2>COLORES DIVINAS<\/h2>\n<p style=\"text-align: justify;\"Sean colores vibrantes, reflejos naturales o maravillosos colores \u201cbalayage\u201d- en el Hair Lounge Meloneras tus sue\u00f1os se har\u00e1n realidad. Aun no has encontrado tu color ideal?  Pide una <strong>consulta personalizada<\/strong> con la gran profesional Sandra Hohner y su equipo. Estamos trabajando solo con los mejores colores del mercado y tenemos soluci\u00f3n para cualquier tipo de cabello. Amamos lo que hacemos y te mereces el m\u00e1ximo lujo y relax para dejar brillar tu imagen.<\/p>\n<p style=\"text-align: justify;\">[vc_separator type=&#8217;transparent&#8217; position=&#8217;center&#8217; color=\u00bb thickness=\u00bb up=&#8217;10&#8217; down=&#8217;10&#8217;]<\/p>\n<p style=\"text-align: justify;\">Sin duda ninguna,  grandes profesionales y productos de <strong>alta calidad<\/strong> tienen su precio.  No obstante, tanto damas  como caballeros est\u00e1n de acuerdo que la inversi\u00f3n en <strong>colores de alta calidad y larga duraci\u00f3n<\/strong> vale cada c\u00e9ntimo- no solo por el resultado sino tambi\u00e9n por el hecho que el trabajo ha sido realizado por grandes profesionales. Tras un tratamiento tan relajante te sentir\u00e1s como si hubieras pasado un d\u00eda de SPA &#038; Wellness.<\/p>\n<p style=\"text-align: justify;\">[vc_separator type=&#8217;transparent&#8217; position=&#8217;center&#8217; color=\u00bb thickness=\u00bb up=\u00bb down=&#8217;50&#8217;]<\/p>\n<div class=\"shariff\"><ul class=\"shariff-buttons theme-default orientation-horizontal buttonsize-medium\"><li class=\"shariff-button twitter shariff-nocustomcolor\" style=\"background-color:#1e3050\"><a href=\"https:\/\/twitter.com\/share?url=https%3A%2F%2Fwww.hair-lounge-meloneras.com%2Fes%2Fcolores-y-mechas%2F&text=Colores%20y%20mechas\" title=\"Compartir en X (Twitter)\" aria-label=\"Compartir en X (Twitter)\" role=\"button\" rel=\"noreferrernoopener nofollow\" class=\"shariff-link\" style=\"; background-color:#000000; color:#fff\" target=\"_blank\"><span class=\"shariff-icon\" style=\"\"><svg xmlns=\"http:\/\/www.w3.org\/2000\/svg\" height=\"1em\" viewBox=\"0 0 512 512\"><!--! Font Awesome Free 6.4.2 by @fontawesome - https:\/\/fontawesome.com License - https:\/\/fontawesome.com\/license (Commercial License) Copyright 2023 Fonticons, Inc. --><style>svg{fill:#ffffff}<\/style><path d=\"M389.2 48h70.6L305.6 224.2 487 464H345L233.7 318.6 106.5 464H35.8L200.7 275.5 26.8 48H172.4L272.9 180.9 389.2 48zM364.4 421.8h39.1L151.1 88h-42L364.4 421.8z\"\/><\/svg><\/span><span class=\"shariff-text\">tweet<\/span>&nbsp;<\/a><\/li><li class=\"shariff-button facebook shariff-nocustomcolor\" style=\"background-color:#4273c8\"><a href=\"https:\/\/www.facebook.com\/sharer\/sharer.php?u=https%3A%2F%2Fwww.hair-lounge-meloneras.com%2Fes%2Fcolores-y-mechas%2F\" title=\"Compartir en Facebook\" aria-label=\"Compartir en Facebook\" role=\"button\" rel=\"noreferrernoopener nofollow\" class=\"shariff-link\" style=\"; background-color:#3b5998; color:#fff\" target=\"_blank\"><span class=\"shariff-icon\" style=\"\"><svg width=\"32px\" height=\"20px\" xmlns=\"http:\/\/www.w3.org\/2000\/svg\" viewBox=\"0 0 18 32\"><path fill=\"#3b5998\" d=\"M17.1 0.2v4.7h-2.8q-1.5 0-2.1 0.6t-0.5 1.9v3.4h5.2l-0.7 5.3h-4.5v13.6h-5.5v-13.6h-4.5v-5.3h4.5v-3.9q0-3.3 1.9-5.2t5-1.8q2.6 0 4.1 0.2z\"\/><\/svg><\/span><span class=\"shariff-text\">compartir<\/span>&nbsp;<\/a><\/li><li class=\"shariff-button whatsapp shariff-nocustomcolor\" style=\"background-color:#5cbe4a\"><a href=\"https:\/\/api.whatsapp.com\/send?text=https%3A%2F%2Fwww.hair-lounge-meloneras.com%2Fes%2Fcolores-y-mechas%2F%20Colores%20y%20mechas\" title=\"Compartir en Whatsapp\" aria-label=\"Compartir en Whatsapp\" role=\"button\" rel=\"noreferrernoopener nofollow\" class=\"shariff-link\" style=\"; background-color:#34af23; color:#fff\" target=\"_blank\"><span class=\"shariff-icon\" style=\"\"><svg width=\"32px\" height=\"20px\" xmlns=\"http:\/\/www.w3.org\/2000\/svg\" viewBox=\"0 0 32 32\"><path fill=\"#34af23\" d=\"M17.6 17.4q0.2 0 1.7 0.8t1.6 0.9q0 0.1 0 0.3 0 0.6-0.3 1.4-0.3 0.7-1.3 1.2t-1.8 0.5q-1 0-3.4-1.1-1.7-0.8-3-2.1t-2.6-3.3q-1.3-1.9-1.3-3.5v-0.1q0.1-1.6 1.3-2.8 0.4-0.4 0.9-0.4 0.1 0 0.3 0t0.3 0q0.3 0 0.5 0.1t0.3 0.5q0.1 0.4 0.6 1.6t0.4 1.3q0 0.4-0.6 1t-0.6 0.8q0 0.1 0.1 0.3 0.6 1.3 1.8 2.4 1 0.9 2.7 1.8 0.2 0.1 0.4 0.1 0.3 0 1-0.9t0.9-0.9zM14 26.9q2.3 0 4.3-0.9t3.6-2.4 2.4-3.6 0.9-4.3-0.9-4.3-2.4-3.6-3.6-2.4-4.3-0.9-4.3 0.9-3.6 2.4-2.4 3.6-0.9 4.3q0 3.6 2.1 6.6l-1.4 4.2 4.3-1.4q2.8 1.9 6.2 1.9zM14 2.2q2.7 0 5.2 1.1t4.3 2.9 2.9 4.3 1.1 5.2-1.1 5.2-2.9 4.3-4.3 2.9-5.2 1.1q-3.5 0-6.5-1.7l-7.4 2.4 2.4-7.2q-1.9-3.2-1.9-6.9 0-2.7 1.1-5.2t2.9-4.3 4.3-2.9 5.2-1.1z\"\/><\/svg><\/span><span class=\"shariff-text\">compartir<\/span>&nbsp;<\/a><\/li><li class=\"shariff-button printer shariff-nocustomcolor\" style=\"background-color:#a8a8a8\"><a href=\"javascript:window.print()\" title=\"imprimir\" aria-label=\"imprimir\" role=\"button\" rel=\"noreferrernoopener nofollow\" class=\"shariff-link\" style=\"; background-color:#999; color:#fff\"><span class=\"shariff-icon\" style=\"\"><svg width=\"32px\" height=\"20px\" xmlns=\"http:\/\/www.w3.org\/2000\/svg\" viewBox=\"0 0 30 32\"><path fill=\"#999\" d=\"M6.8 27.4h16v-4.6h-16v4.6zM6.8 16h16v-6.8h-2.8q-0.7 0-1.2-0.5t-0.5-1.2v-2.8h-11.4v11.4zM27.4 17.2q0-0.5-0.3-0.8t-0.8-0.4-0.8 0.4-0.3 0.8 0.3 0.8 0.8 0.3 0.8-0.3 0.3-0.8zM29.7 17.2v7.4q0 0.2-0.2 0.4t-0.4 0.2h-4v2.8q0 0.7-0.5 1.2t-1.2 0.5h-17.2q-0.7 0-1.2-0.5t-0.5-1.2v-2.8h-4q-0.2 0-0.4-0.2t-0.2-0.4v-7.4q0-1.4 1-2.4t2.4-1h1.2v-9.7q0-0.7 0.5-1.2t1.2-0.5h12q0.7 0 1.6 0.4t1.3 0.8l2.7 2.7q0.5 0.5 0.9 1.4t0.4 1.6v4.6h1.1q1.4 0 2.4 1t1 2.4z\"\/><\/svg><\/span><span class=\"shariff-text\">imprimir<\/span>&nbsp;<\/a><\/li><\/ul><\/div>","protected":false},"excerpt":{"rendered":"<p>COLORES DIVINAS<\/p>\n","protected":false},"author":2,"featured_media":0,"parent":0,"menu_order":4,"comment_status":"closed","ping_status":"closed","template":"","meta":{"footnotes":""},"class_list":["post-16289","page","type-page","status-publish","hentry"],"yoast_head":"<!-- This site is optimized with the Yoast SEO plugin v27.3 - https:\/\/yoast.com\/product\/yoast-seo-wordpress\/ -->\n<title>Colores y mechas - Beauty-Lounge-Maspalomas by Sandra Hohner<\/title>\n<meta name=\"description\" content=\"Leuchtende Str\u00e4hnchen, nat\u00fcrliche Farbreflexe, aufregende Farbabstufungen - Sandra Hohner ber\u00e4t und arbeitet mit hochwertige Farbenwie von Schwarzkopf\" \/>\n<meta name=\"robots\" content=\"index, follow, max-snippet:-1, max-image-preview:large, max-video-preview:-1\" \/>\n<link rel=\"canonical\" href=\"https:\/\/www.hair-lounge-meloneras.com\/es\/colores-y-mechas\/\" \/>\n<meta property=\"og:locale\" content=\"es_ES\" \/>\n<meta property=\"og:type\" content=\"article\" \/>\n<meta property=\"og:title\" content=\"Colores y mechas - Beauty-Lounge-Maspalomas by Sandra Hohner\" \/>\n<meta property=\"og:description\" content=\"Leuchtende Str\u00e4hnchen, nat\u00fcrliche Farbreflexe, aufregende Farbabstufungen - Sandra Hohner ber\u00e4t und arbeitet mit hochwertige Farbenwie von Schwarzkopf\" \/>\n<meta property=\"og:url\" content=\"https:\/\/www.hair-lounge-meloneras.com\/es\/colores-y-mechas\/\" \/>\n<meta property=\"og:site_name\" content=\"Beauty-Lounge-Maspalomas by Sandra Hohner\" \/>\n<meta property=\"article:modified_time\" content=\"2017-07-17T09:45:24+00:00\" \/>\n<meta property=\"og:image\" content=\"https:\/\/www.hair-lounge-meloneras.com\/wp-content\/uploads\/2016\/10\/farbe-768x1024.jpeg\" \/>\n<meta name=\"twitter:card\" content=\"summary_large_image\" \/>\n<script type=\"application\/ld+json\" class=\"yoast-schema-graph\">{\"@context\":\"https:\\\/\\\/schema.org\",\"@graph\":[{\"@type\":\"WebPage\",\"@id\":\"https:\\\/\\\/www.hair-lounge-meloneras.com\\\/es\\\/colores-y-mechas\\\/\",\"url\":\"https:\\\/\\\/www.hair-lounge-meloneras.com\\\/es\\\/colores-y-mechas\\\/\",\"name\":\"Colores y mechas - Beauty-Lounge-Maspalomas by Sandra Hohner\",\"isPartOf\":{\"@id\":\"https:\\\/\\\/www.hair-lounge-meloneras.com\\\/es\\\/#website\"},\"primaryImageOfPage\":{\"@id\":\"https:\\\/\\\/www.hair-lounge-meloneras.com\\\/es\\\/colores-y-mechas\\\/#primaryimage\"},\"image\":{\"@id\":\"https:\\\/\\\/www.hair-lounge-meloneras.com\\\/es\\\/colores-y-mechas\\\/#primaryimage\"},\"thumbnailUrl\":\"https:\\\/\\\/www.hair-lounge-meloneras.com\\\/wp-content\\\/uploads\\\/2016\\\/10\\\/farbe-768x1024.jpeg\",\"datePublished\":\"2016-10-13T14:41:28+00:00\",\"dateModified\":\"2017-07-17T09:45:24+00:00\",\"description\":\"Leuchtende Str\u00e4hnchen, nat\u00fcrliche Farbreflexe, aufregende Farbabstufungen - Sandra Hohner ber\u00e4t und arbeitet mit hochwertige Farbenwie von Schwarzkopf\",\"breadcrumb\":{\"@id\":\"https:\\\/\\\/www.hair-lounge-meloneras.com\\\/es\\\/colores-y-mechas\\\/#breadcrumb\"},\"inLanguage\":\"es\",\"potentialAction\":[{\"@type\":\"ReadAction\",\"target\":[\"https:\\\/\\\/www.hair-lounge-meloneras.com\\\/es\\\/colores-y-mechas\\\/\"]}]},{\"@type\":\"ImageObject\",\"inLanguage\":\"es\",\"@id\":\"https:\\\/\\\/www.hair-lounge-meloneras.com\\\/es\\\/colores-y-mechas\\\/#primaryimage\",\"url\":\"https:\\\/\\\/www.hair-lounge-meloneras.com\\\/wp-content\\\/uploads\\\/2016\\\/10\\\/farbe-768x1024.jpeg\",\"contentUrl\":\"https:\\\/\\\/www.hair-lounge-meloneras.com\\\/wp-content\\\/uploads\\\/2016\\\/10\\\/farbe-768x1024.jpeg\"},{\"@type\":\"BreadcrumbList\",\"@id\":\"https:\\\/\\\/www.hair-lounge-meloneras.com\\\/es\\\/colores-y-mechas\\\/#breadcrumb\",\"itemListElement\":[{\"@type\":\"ListItem\",\"position\":1,\"name\":\"Home\",\"item\":\"https:\\\/\\\/www.hair-lounge-meloneras.com\\\/es\\\/\"},{\"@type\":\"ListItem\",\"position\":2,\"name\":\"Colores y mechas\"}]},{\"@type\":\"WebSite\",\"@id\":\"https:\\\/\\\/www.hair-lounge-meloneras.com\\\/es\\\/#website\",\"url\":\"https:\\\/\\\/www.hair-lounge-meloneras.com\\\/es\\\/\",\"name\":\"Beauty-Lounge-Maspalomas by Sandra Hohner\",\"description\":\"YOUR BEAUTY IS OUR MISSION\",\"potentialAction\":[{\"@type\":\"SearchAction\",\"target\":{\"@type\":\"EntryPoint\",\"urlTemplate\":\"https:\\\/\\\/www.hair-lounge-meloneras.com\\\/es\\\/?s={search_term_string}\"},\"query-input\":{\"@type\":\"PropertyValueSpecification\",\"valueRequired\":true,\"valueName\":\"search_term_string\"}}],\"inLanguage\":\"es\"}]}<\/script>\n<!-- \/ Yoast SEO plugin. -->","yoast_head_json":{"title":"Colores y mechas - Beauty-Lounge-Maspalomas by Sandra Hohner","description":"Leuchtende Str\u00e4hnchen, nat\u00fcrliche Farbreflexe, aufregende Farbabstufungen - Sandra Hohner ber\u00e4t und arbeitet mit hochwertige Farbenwie von Schwarzkopf","robots":{"index":"index","follow":"follow","max-snippet":"max-snippet:-1","max-image-preview":"max-image-preview:large","max-video-preview":"max-video-preview:-1"},"canonical":"https:\/\/www.hair-lounge-meloneras.com\/es\/colores-y-mechas\/","og_locale":"es_ES","og_type":"article","og_title":"Colores y mechas - Beauty-Lounge-Maspalomas by Sandra Hohner","og_description":"Leuchtende Str\u00e4hnchen, nat\u00fcrliche Farbreflexe, aufregende Farbabstufungen - Sandra Hohner ber\u00e4t und arbeitet mit hochwertige Farbenwie von Schwarzkopf","og_url":"https:\/\/www.hair-lounge-meloneras.com\/es\/colores-y-mechas\/","og_site_name":"Beauty-Lounge-Maspalomas by Sandra Hohner","article_modified_time":"2017-07-17T09:45:24+00:00","og_image":[{"url":"https:\/\/www.hair-lounge-meloneras.com\/wp-content\/uploads\/2016\/10\/farbe-768x1024.jpeg","type":"","width":"","height":""}],"twitter_card":"summary_large_image","schema":{"@context":"https:\/\/schema.org","@graph":[{"@type":"WebPage","@id":"https:\/\/www.hair-lounge-meloneras.com\/es\/colores-y-mechas\/","url":"https:\/\/www.hair-lounge-meloneras.com\/es\/colores-y-mechas\/","name":"Colores y mechas - Beauty-Lounge-Maspalomas by Sandra Hohner","isPartOf":{"@id":"https:\/\/www.hair-lounge-meloneras.com\/es\/#website"},"primaryImageOfPage":{"@id":"https:\/\/www.hair-lounge-meloneras.com\/es\/colores-y-mechas\/#primaryimage"},"image":{"@id":"https:\/\/www.hair-lounge-meloneras.com\/es\/colores-y-mechas\/#primaryimage"},"thumbnailUrl":"https:\/\/www.hair-lounge-meloneras.com\/wp-content\/uploads\/2016\/10\/farbe-768x1024.jpeg","datePublished":"2016-10-13T14:41:28+00:00","dateModified":"2017-07-17T09:45:24+00:00","description":"Leuchtende Str\u00e4hnchen, nat\u00fcrliche Farbreflexe, aufregende Farbabstufungen - Sandra Hohner ber\u00e4t und arbeitet mit hochwertige Farbenwie von Schwarzkopf","breadcrumb":{"@id":"https:\/\/www.hair-lounge-meloneras.com\/es\/colores-y-mechas\/#breadcrumb"},"inLanguage":"es","potentialAction":[{"@type":"ReadAction","target":["https:\/\/www.hair-lounge-meloneras.com\/es\/colores-y-mechas\/"]}]},{"@type":"ImageObject","inLanguage":"es","@id":"https:\/\/www.hair-lounge-meloneras.com\/es\/colores-y-mechas\/#primaryimage","url":"https:\/\/www.hair-lounge-meloneras.com\/wp-content\/uploads\/2016\/10\/farbe-768x1024.jpeg","contentUrl":"https:\/\/www.hair-lounge-meloneras.com\/wp-content\/uploads\/2016\/10\/farbe-768x1024.jpeg"},{"@type":"BreadcrumbList","@id":"https:\/\/www.hair-lounge-meloneras.com\/es\/colores-y-mechas\/#breadcrumb","itemListElement":[{"@type":"ListItem","position":1,"name":"Home","item":"https:\/\/www.hair-lounge-meloneras.com\/es\/"},{"@type":"ListItem","position":2,"name":"Colores y mechas"}]},{"@type":"WebSite","@id":"https:\/\/www.hair-lounge-meloneras.com\/es\/#website","url":"https:\/\/www.hair-lounge-meloneras.com\/es\/","name":"Beauty-Lounge-Maspalomas by Sandra Hohner","description":"YOUR BEAUTY IS OUR MISSION","potentialAction":[{"@type":"SearchAction","target":{"@type":"EntryPoint","urlTemplate":"https:\/\/www.hair-lounge-meloneras.com\/es\/?s={search_term_string}"},"query-input":{"@type":"PropertyValueSpecification","valueRequired":true,"valueName":"search_term_string"}}],"inLanguage":"es"}]}},"_links":{"self":[{"href":"https:\/\/www.hair-lounge-meloneras.com\/es\/wp-json\/wp\/v2\/pages\/16289","targetHints":{"allow":["GET"]}}],"collection":[{"href":"https:\/\/www.hair-lounge-meloneras.com\/es\/wp-json\/wp\/v2\/pages"}],"about":[{"href":"https:\/\/www.hair-lounge-meloneras.com\/es\/wp-json\/wp\/v2\/types\/page"}],"author":[{"embeddable":true,"href":"https:\/\/www.hair-lounge-meloneras.com\/es\/wp-json\/wp\/v2\/users\/2"}],"replies":[{"embeddable":true,"href":"https:\/\/www.hair-lounge-meloneras.com\/es\/wp-json\/wp\/v2\/comments?post=16289"}],"version-history":[{"count":5,"href":"https:\/\/www.hair-lounge-meloneras.com\/es\/wp-json\/wp\/v2\/pages\/16289\/revisions"}],"predecessor-version":[{"id":16313,"href":"https:\/\/www.hair-lounge-meloneras.com\/es\/wp-json\/wp\/v2\/pages\/16289\/revisions\/16313"}],"wp:attachment":[{"href":"https:\/\/www.hair-lounge-meloneras.com\/es\/wp-json\/wp\/v2\/media?parent=16289"}],"curies":[{"name":"wp","href":"https:\/\/api.w.org\/{rel}","templated":true}]}}