{"id":16292,"date":"2016-10-13T13:08:21","date_gmt":"2016-10-13T11:08:21","guid":{"rendered":"https:\/\/www.hair-lounge-meloneras.com\/datenschutz\/"},"modified":"2018-09-09T18:14:58","modified_gmt":"2018-09-09T16:14:58","slug":"politica-de-privacidad","status":"publish","type":"page","link":"https:\/\/www.hair-lounge-meloneras.com\/es\/politica-de-privacidad\/","title":{"rendered":"Politica de Privacidad"},"content":{"rendered":"<p>PROTECCI\u00d3N DE DATOS<\/p>\n<p>Sandra Hohner creadora del sitio web cumple con las directrices de la Ley Org\u00e1nica 15\/1999 de 13 de diciembre de Protecci\u00f3n de Datos de Car\u00e1cter Personal, el Real Decreto 1720\/2007 de 21 de diciembre por el que se aprueba el Reglamento de desarrollo de la Ley Org\u00e1nica y dem\u00e1s normativa vigente en cada momento, y vela por garantizar un correcto uso y tratamiento de los datos personales del usuario. Para ello, junto a cada formulario de recabo de datos de car\u00e1cter personal, en los servicios que el usuario pueda solicitar a Sandra Hohner creadora del sitio web , har\u00e1 saber al usuario de la existencia y aceptaci\u00f3n de las condiciones particulares del tratamiento de sus datos en cada caso, inform\u00e1ndole de la responsabilidad del fichero creado, la direcci\u00f3n del responsable, la posibilidad de ejercer sus derechos de acceso, rectificaci\u00f3n, cancelaci\u00f3n u oposici\u00f3n, la finalidad del tratamiento y las comunicaciones de datos a terceros en su caso.<\/p>\n<p>Asimismo, Sandra Hohner creadora del sitio web informa que da cumplimiento a la Ley 34\/2002 de 11 de julio, de Servicios de la Sociedad de la Informaci\u00f3n y el Comercio Electr\u00f3nico y le solicitar\u00e1 su consentimiento al tratamiento de su correo electr\u00f3nico con fines comerciales en cada momento.<br \/>\nPROPIEDAD INTELECTUAL E INDUSTRIAL<\/p>\n<p>Sandra Hohner creadora del sitio web por s\u00ed o como cesionaria, es titular de todos los derechos de propiedad intelectual e industrial de su p\u00e1gina web, as\u00ed como de los elementos contenidos en la misma (a t\u00edtulo enunciativo, im\u00e1genes, sonido, audio, v\u00eddeo, software o textos; marcas o logotipos, combinaciones de colores, estructura y dise\u00f1o, selecci\u00f3n de materiales usados, programas de ordenador necesarios para su funcionamiento, acceso y uso, etc.), titularidad de Sandra Hohner creadora del sitio web o bien de sus licenciantes.<\/p>\n<p>Todos los derechos reservados. En virtud de lo dispuesto en los art\u00edculos 8 y 32.1, p\u00e1rrafo segundo, de la Ley de Propiedad Intelectual, quedan expresamente prohibidas la reproducci\u00f3n, la distribuci\u00f3n y la comunicaci\u00f3n p\u00fablica, incluida su modalidad de puesta a disposici\u00f3n, de la totalidad o parte de los contenidos de esta p\u00e1gina web, con fines comerciales, en cualquier soporte y por cualquier medio t\u00e9cnico, sin la autorizaci\u00f3n de Sandra Hohner creadora del sitio web .El USUARIO se compromete a respetar los derechos de Propiedad Intelectual e Industrial titularidad de Sandra Hohner creadora del sitio web. Podr\u00e1 visualizar los elementos del portal e incluso imprimirlos, copiarlos y almacenarlos en el disco duro de su ordenador o en cualquier otro soporte f\u00edsico siempre y cuando sea, \u00fanica y exclusivamente, para su uso personal y privado. El USUARIO deber\u00e1 abstenerse de suprimir, alterar, eludir o manipular cualquier dispositivo de protecci\u00f3n o sistema de seguridad que estuviera instalado en las p\u00e1ginas de Sandra Hohner creadora del sitio web.<br \/>\nEXCLUSI\u00d3N DE GARANT\u00cdAS Y RESPONSABILIDAD<\/p>\n<p>Sandra Hohner creadora del sitio web. no se hace responsable, en ning\u00fan caso, de los da\u00f1os y perjuicios de cualquier naturaleza que pudieran ocasionar, a t\u00edtulo enunciativo: errores u omisiones en los contenidos, falta de disponibilidad del portal o la transmisi\u00f3n de virus o programas maliciosos o lesivos en los contenidos, a pesar de haber adoptado todas las medidas tecnol\u00f3gicas necesarias para evitarlo.<br \/>\nMODIFICACIONES<\/p>\n<p>Sandra Hohner creadora del sitio web se reserva el derecho de efectuar sin previo aviso las modificaciones que considere oportunas en su portal, pudiendo cambiar, suprimir o a\u00f1adir tanto los contenidos y servicios que se presten a trav\u00e9s de la misma como la forma en la que \u00e9stos aparezcan presentados o localizados en su portal.<br \/>\nENLACES<\/p>\n<p>En el caso de que en nombre del dominio se dispusiesen enlaces o hiperv\u00ednculos hac\u00eda otros sitios de Internet, Sandra Hohner creadora del sitio web no ejercer\u00e1 ning\u00fan tipo de control sobre dichos sitios y contenidos. En ning\u00fan caso Sandra Hohner creadora del sitio web asumir\u00e1 responsabilidad alguna por los contenidos de alg\u00fan enlace perteneciente a un sitio web ajeno, ni garantizar\u00e1 la disponibilidad t\u00e9cnica, calidad, fiabilidad, exactitud, amplitud, veracidad, validez y constitucionalidad de cualquier material o informaci\u00f3n contenida en ninguno de dichos hiperv\u00ednculos u otros sitios de Internet.<\/p>\n<p>Igualmente la inclusi\u00f3n de estas conexiones externas no implicar\u00e1 ning\u00fan tipo de asociaci\u00f3n, fusi\u00f3n o participaci\u00f3n con las entidades conectadas.<br \/>\nDERECHO DE EXCLUSI\u00d3N<\/p>\n<p>Sandra Hohner creadora del sitio web se reserva el derecho a denegar o retirar el acceso a portal y\/o los servicios ofrecidos sin necesidad de preaviso, a instancia propia o de un tercero, a aquellos usuarios que incumplan las presentes Condiciones Generales de Uso.<br \/>\nGENERALIDADES<\/p>\n<p>Sandra Hohner creadora del sitio web perseguir\u00e1 el incumplimiento de las presentes condiciones as\u00ed como cualquier utilizaci\u00f3n indebida de su portal ejerciendo todas las acciones civiles y penales que le puedan corresponder en derecho.<br \/>\nMODIFICACI\u00d3N DE LAS PRESENTES CONDICIONES Y DURACI\u00d3N<\/p>\n<p>Sandra Hohner creadora del sitio web podr\u00e1 modificar en cualquier momento las condiciones aqu\u00ed determinadas, siendo debidamente publicadas como aqu\u00ed aparecen. La vigencia de las citadas condiciones ir\u00e1 en funci\u00f3n de su exposici\u00f3n y estar\u00e1n vigentes hasta que sean modificadas por otras debidamente publicadas.<br \/>\nLEGISLACI\u00d3N APLICABLE Y JURISDICCI\u00d3N<\/p>\n<p>La relaci\u00f3n entre Sandra Hohner creadora del sitio web y el USUARIO se regir\u00e1 por la normativa espa\u00f1ola vigente y cualquier controversia se someter\u00e1 a los Juzgados y tribunales.<\/p>\n<h1>Pol\u00edtica de cookies<\/h1>\n<div>\n<p>Una cookie es un archivo de informaci\u00f3n que el servidor de este sitio web env\u00eda al ordenador\/smartphone\/tablet de quien accede a la p\u00e1gina para almacenar y recuperar informaci\u00f3n sobre la navegaci\u00f3n que se efect\u00faa desde dicho equipo. Utilizamos diversos tipos de cookies (t\u00e9cnica, anal\u00edticas y sociales) \u00fanicamente con la finalidad de mejorar la navegaci\u00f3n del usuario en el sitio web, sin ning\u00fan tipo de objeto publicitario o similar. Este portal, a trav\u00e9s de las cookies no recoge dato personal alguno. Todas las cookies, salvo una utilizada por el sistema de estad\u00edsticas Google Analytics son temporales y desaparecen al concluir la sesi\u00f3n.<\/p>\n<p>Este sitio web utiliza las cookies que se detallan en el cuadro siguiente:<\/p>\n<ul>\n<li>Cookies t\u00e9cnicas necesarias o convenientes para la prestaci\u00f3n de determinados servicios. Si se desactivan estas cookies, no podr\u00e1 recibir correctamente los contenidos del sitio web.<\/li>\n<li>Cookies anal\u00edticas, para el seguimiento y an\u00e1lisis estad\u00edstico del comportamiento del conjunto de los usuarios. Si se desactivan estas cookies, el sitio web podr\u00e1 seguir funcionando, sin perjuicio de que la informaci\u00f3n captada por estas cookies sobre el uso de nuestra web y sobre su contenido permite mejorar nuestros servicios.<\/li>\n<li>Cookies de redes sociales externas, que se utilizan para que los visitantes puedan interactuar con el contenido de diferentes plataformas sociales (Facebook, YouTube, Twitter, LinkedIn, etc.) y que se generan \u00fanicamente para los usuarios de dichas redes sociales. Las condiciones de utilizaci\u00f3n de estas cookies y la informaci\u00f3n recopilada se regula por la pol\u00edtica de privacidad de la plataforma social correspondiente.<\/li>\n<\/ul>\n<table border=\"1\" width=\"100%\" cellspacing=\"0\">\n<thead>\n<tr class=\"\">\n<th align=\"middle\">Cookie<\/th>\n<th align=\"middle\">Tipo<\/th>\n<th align=\"middle\">Temporalidad<\/th>\n<th align=\"middle\">Titularidad<\/th>\n<th align=\"middle\">Finalidad<\/th>\n<th align=\"middle\">Opt-Out<\/th>\n<\/tr>\n<\/thead>\n<tbody>\n<tr>\n<td>JavaScript\/Sesi\u00f3n<\/td>\n<td>T\u00e9cnica<\/td>\n<td>Temporal<\/td>\n<td>Propia<\/td>\n<td>Garantizar el correcto funcionamiento del sitio, detectando si el usuario que ha accedido tiene habilitada la posibilidad de utilizar JavaScript (lenguaje de programaci\u00f3n interpretado que, entre otras cosas, permite una mejora en la experiencia de usuario de este Sitio), o de mantener la sesi\u00f3n en el gestor de contenidos.<\/td>\n<td>Neutro, por lo que no utiliza cookies<\/td>\n<\/tr>\n<tr>\n<td>Google Analytics I<\/td>\n<td>Anal\u00edtica<\/td>\n<td>Permanente<\/td>\n<td>Ajena<\/td>\n<td>Generar un identificador de usuario \u00fanico, que es el que se utiliza para hacer recuento de cu\u00e1ntas veces visita el sitio un usuario, as\u00ed como la fecha de la primera y la \u00faltima vez que visit\u00f3 la web.<\/td>\n<td>Neutro<\/td>\n<\/tr>\n<tr>\n<td>Google Analytics II<\/td>\n<td>Anal\u00edtica<\/td>\n<td>Temporal<\/td>\n<td>Ajena<\/td>\n<td>Registrar la fecha y hora de acceso a cualquiera de las p\u00e1ginas del Sitio.<\/td>\n<td>Neutro<\/td>\n<\/tr>\n<tr>\n<td>Google Analytics III<\/td>\n<td>Anal\u00edtica<\/td>\n<td>Temporal<\/td>\n<td>Ajena<\/td>\n<td>Comprobar la necesidad de mantener la sesi\u00f3n de un usuario abierta o crear una nueva.<\/td>\n<td>Neutro<\/td>\n<\/tr>\n<tr>\n<td>Google Analytics IV<\/td>\n<td>Anal\u00edtica<\/td>\n<td>Temporal<\/td>\n<td>Ajena<\/td>\n<td>Identificar la sesi\u00f3n del usuario, para recoger la ubicaci\u00f3n geogr\u00e1fica aproximada del ordenador que accede al Sitio con efectos estad\u00edsticos.<\/td>\n<td>Neutro<\/td>\n<\/tr>\n<tr>\n<td>Sociales (Facebook, YouTube, Twitter, LinkedIn, etc.).<\/td>\n<td>Sociales<\/td>\n<td colspan=\"4\" width=\"68%\">Depende de cada red social.<\/td>\n<\/tr>\n<\/tbody>\n<\/table>\n<p><a name=\"configuracion_cookies\"><\/a>El usuario podr\u00e1 -en cualquier momento- elegir qu\u00e9 cookies quiere que funcionen en este sitio web mediante:<\/p>\n<ul class=\"configuracion_cookies_listado\">\n<li>la configuraci\u00f3n del <strong>navegador<\/strong>; por ejemplo:\n<ul>\n<li><strong>Chrome<\/strong>, desde <a class=\"external-link\" href=\"https:\/\/support.google.com\/chrome\/bin\/answer.py?hl=es&amp;answer=95647\" target=\"_blank\" rel=\"noopener\">https:\/\/support.google.com\/chrome\/bin\/answer.py?hl=es&amp;answer=95647 <\/a><\/li>\n<li><strong>Explorer<\/strong>, desde <a class=\"external-link\" href=\"https:\/\/windows.microsoft.com\/es-es\/windows7\/how-to-manage-cookies-in-internet-explorer-9\" target=\"_blank\" rel=\"noopener\">https:\/\/windows.microsoft.com\/es-es\/windows7\/how-to-manage-cookies-in-internet-explorer-9<\/a><\/li>\n<li><strong>Firefox<\/strong>, desde <a class=\"external-link\" href=\"https:\/\/support.mozilla.org\/es\/kb\/habilitar-y-deshabilitar-cookies-que-los-sitios-we\" target=\"_blank\" rel=\"noopener\">https:\/\/support.mozilla.org\/es\/kb\/habilitar-y-deshabilitar-cookies-que-los-sitios-we<\/a><\/li>\n<li><strong>Safari<\/strong>, desde <a class=\"external-link\" href=\"https:\/\/support.apple.com\/kb\/ph5042\" target=\"_blank\" rel=\"noopener\">https:\/\/support.apple.com\/kb\/ph5042<\/a><\/li>\n<\/ul>\n<\/li>\n<li>Existen herramientas de terceros, disponibles on line, que permiten a los usuarios detectar las cookies en cada sitio web que visita y gestionar su desactivaci\u00f3n.<\/li>\n<\/ul>\n<p><a href=\"https:\/\/www.red.es\/redes\/\" target=\"_blank\" rel=\"noopener\">Informaci\u00f3n suministrada por RED.es<\/a><\/p>\n<\/div>\n<div class=\"shariff\"><ul class=\"shariff-buttons theme-default orientation-horizontal buttonsize-medium\"><li class=\"shariff-button twitter shariff-nocustomcolor\" style=\"background-color:#1e3050\"><a href=\"https:\/\/twitter.com\/share?url=https%3A%2F%2Fwww.hair-lounge-meloneras.com%2Fes%2Fpolitica-de-privacidad%2F&text=Politica%20de%20Privacidad\" title=\"Compartir en X (Twitter)\" aria-label=\"Compartir en X (Twitter)\" role=\"button\" rel=\"noreferrernoopener nofollow\" class=\"shariff-link\" style=\"; background-color:#000000; color:#fff\" target=\"_blank\"><span class=\"shariff-icon\" style=\"\"><svg xmlns=\"http:\/\/www.w3.org\/2000\/svg\" height=\"1em\" viewBox=\"0 0 512 512\"><!--! Font Awesome Free 6.4.2 by @fontawesome - https:\/\/fontawesome.com License - https:\/\/fontawesome.com\/license (Commercial License) Copyright 2023 Fonticons, Inc. --><style>svg{fill:#ffffff}<\/style><path d=\"M389.2 48h70.6L305.6 224.2 487 464H345L233.7 318.6 106.5 464H35.8L200.7 275.5 26.8 48H172.4L272.9 180.9 389.2 48zM364.4 421.8h39.1L151.1 88h-42L364.4 421.8z\"\/><\/svg><\/span><span class=\"shariff-text\">tweet<\/span>&nbsp;<\/a><\/li><li class=\"shariff-button facebook shariff-nocustomcolor\" style=\"background-color:#4273c8\"><a href=\"https:\/\/www.facebook.com\/sharer\/sharer.php?u=https%3A%2F%2Fwww.hair-lounge-meloneras.com%2Fes%2Fpolitica-de-privacidad%2F\" title=\"Compartir en Facebook\" aria-label=\"Compartir en Facebook\" role=\"button\" rel=\"noreferrernoopener nofollow\" class=\"shariff-link\" style=\"; background-color:#3b5998; color:#fff\" target=\"_blank\"><span class=\"shariff-icon\" style=\"\"><svg width=\"32px\" height=\"20px\" xmlns=\"http:\/\/www.w3.org\/2000\/svg\" viewBox=\"0 0 18 32\"><path fill=\"#3b5998\" d=\"M17.1 0.2v4.7h-2.8q-1.5 0-2.1 0.6t-0.5 1.9v3.4h5.2l-0.7 5.3h-4.5v13.6h-5.5v-13.6h-4.5v-5.3h4.5v-3.9q0-3.3 1.9-5.2t5-1.8q2.6 0 4.1 0.2z\"\/><\/svg><\/span><span class=\"shariff-text\">compartir<\/span>&nbsp;<\/a><\/li><li class=\"shariff-button whatsapp shariff-nocustomcolor\" style=\"background-color:#5cbe4a\"><a href=\"https:\/\/api.whatsapp.com\/send?text=https%3A%2F%2Fwww.hair-lounge-meloneras.com%2Fes%2Fpolitica-de-privacidad%2F%20Politica%20de%20Privacidad\" title=\"Compartir en Whatsapp\" aria-label=\"Compartir en Whatsapp\" role=\"button\" rel=\"noreferrernoopener nofollow\" class=\"shariff-link\" style=\"; background-color:#34af23; color:#fff\" target=\"_blank\"><span class=\"shariff-icon\" style=\"\"><svg width=\"32px\" height=\"20px\" xmlns=\"http:\/\/www.w3.org\/2000\/svg\" viewBox=\"0 0 32 32\"><path fill=\"#34af23\" d=\"M17.6 17.4q0.2 0 1.7 0.8t1.6 0.9q0 0.1 0 0.3 0 0.6-0.3 1.4-0.3 0.7-1.3 1.2t-1.8 0.5q-1 0-3.4-1.1-1.7-0.8-3-2.1t-2.6-3.3q-1.3-1.9-1.3-3.5v-0.1q0.1-1.6 1.3-2.8 0.4-0.4 0.9-0.4 0.1 0 0.3 0t0.3 0q0.3 0 0.5 0.1t0.3 0.5q0.1 0.4 0.6 1.6t0.4 1.3q0 0.4-0.6 1t-0.6 0.8q0 0.1 0.1 0.3 0.6 1.3 1.8 2.4 1 0.9 2.7 1.8 0.2 0.1 0.4 0.1 0.3 0 1-0.9t0.9-0.9zM14 26.9q2.3 0 4.3-0.9t3.6-2.4 2.4-3.6 0.9-4.3-0.9-4.3-2.4-3.6-3.6-2.4-4.3-0.9-4.3 0.9-3.6 2.4-2.4 3.6-0.9 4.3q0 3.6 2.1 6.6l-1.4 4.2 4.3-1.4q2.8 1.9 6.2 1.9zM14 2.2q2.7 0 5.2 1.1t4.3 2.9 2.9 4.3 1.1 5.2-1.1 5.2-2.9 4.3-4.3 2.9-5.2 1.1q-3.5 0-6.5-1.7l-7.4 2.4 2.4-7.2q-1.9-3.2-1.9-6.9 0-2.7 1.1-5.2t2.9-4.3 4.3-2.9 5.2-1.1z\"\/><\/svg><\/span><span class=\"shariff-text\">compartir<\/span>&nbsp;<\/a><\/li><li class=\"shariff-button printer shariff-nocustomcolor\" style=\"background-color:#a8a8a8\"><a href=\"javascript:window.print()\" title=\"imprimir\" aria-label=\"imprimir\" role=\"button\" rel=\"noreferrernoopener nofollow\" class=\"shariff-link\" style=\"; background-color:#999; color:#fff\"><span class=\"shariff-icon\" style=\"\"><svg width=\"32px\" height=\"20px\" xmlns=\"http:\/\/www.w3.org\/2000\/svg\" viewBox=\"0 0 30 32\"><path fill=\"#999\" d=\"M6.8 27.4h16v-4.6h-16v4.6zM6.8 16h16v-6.8h-2.8q-0.7 0-1.2-0.5t-0.5-1.2v-2.8h-11.4v11.4zM27.4 17.2q0-0.5-0.3-0.8t-0.8-0.4-0.8 0.4-0.3 0.8 0.3 0.8 0.8 0.3 0.8-0.3 0.3-0.8zM29.7 17.2v7.4q0 0.2-0.2 0.4t-0.4 0.2h-4v2.8q0 0.7-0.5 1.2t-1.2 0.5h-17.2q-0.7 0-1.2-0.5t-0.5-1.2v-2.8h-4q-0.2 0-0.4-0.2t-0.2-0.4v-7.4q0-1.4 1-2.4t2.4-1h1.2v-9.7q0-0.7 0.5-1.2t1.2-0.5h12q0.7 0 1.6 0.4t1.3 0.8l2.7 2.7q0.5 0.5 0.9 1.4t0.4 1.6v4.6h1.1q1.4 0 2.4 1t1 2.4z\"\/><\/svg><\/span><span class=\"shariff-text\">imprimir<\/span>&nbsp;<\/a><\/li><\/ul><\/div>","protected":false},"excerpt":{"rendered":"<p>PROTECCI\u00d3N DE DATOS Sandra Hohner creadora del sitio web cumple con las directrices de la Ley Org\u00e1nica 15\/1999 de 13 de diciembre de Protecci\u00f3n de Datos de Car\u00e1cter Personal, el Real Decreto 1720\/2007 de 21 de diciembre por el que se aprueba el Reglamento de&#8230;<\/p>\n","protected":false},"author":1,"featured_media":0,"parent":0,"menu_order":0,"comment_status":"closed","ping_status":"closed","template":"","meta":{"footnotes":""},"class_list":["post-16292","page","type-page","status-publish","hentry"],"yoast_head":"<!-- This site is optimized with the Yoast SEO plugin v27.4 - https:\/\/yoast.com\/product\/yoast-seo-wordpress\/ -->\n<title>Politica de Privacidad - Beauty-Lounge-Maspalomas by Sandra Hohner<\/title>\n<meta name=\"robots\" content=\"index, follow, max-snippet:-1, max-image-preview:large, max-video-preview:-1\" \/>\n<link rel=\"canonical\" href=\"https:\/\/www.hair-lounge-meloneras.com\/es\/politica-de-privacidad\/\" \/>\n<meta property=\"og:locale\" content=\"es_ES\" \/>\n<meta property=\"og:type\" content=\"article\" \/>\n<meta property=\"og:title\" content=\"Politica de Privacidad - Beauty-Lounge-Maspalomas by Sandra Hohner\" \/>\n<meta property=\"og:description\" content=\"PROTECCI\u00d3N DE DATOS Sandra Hohner creadora del sitio web cumple con las directrices de la Ley Org\u00e1nica 15\/1999 de 13 de diciembre de Protecci\u00f3n de Datos de Car\u00e1cter Personal, el Real Decreto 1720\/2007 de 21 de diciembre por el que se aprueba el Reglamento de...\" \/>\n<meta property=\"og:url\" content=\"https:\/\/www.hair-lounge-meloneras.com\/es\/politica-de-privacidad\/\" \/>\n<meta property=\"og:site_name\" content=\"Beauty-Lounge-Maspalomas by Sandra Hohner\" \/>\n<meta property=\"article:modified_time\" content=\"2018-09-09T16:14:58+00:00\" \/>\n<meta name=\"twitter:card\" content=\"summary_large_image\" \/>\n<meta name=\"twitter:label1\" content=\"Tiempo de lectura\" \/>\n\t<meta name=\"twitter:data1\" content=\"8 minutos\" \/>\n<script type=\"application\/ld+json\" class=\"yoast-schema-graph\">{\"@context\":\"https:\\\/\\\/schema.org\",\"@graph\":[{\"@type\":\"WebPage\",\"@id\":\"https:\\\/\\\/www.hair-lounge-meloneras.com\\\/es\\\/politica-de-privacidad\\\/\",\"url\":\"https:\\\/\\\/www.hair-lounge-meloneras.com\\\/es\\\/politica-de-privacidad\\\/\",\"name\":\"Politica de Privacidad - Beauty-Lounge-Maspalomas by Sandra Hohner\",\"isPartOf\":{\"@id\":\"https:\\\/\\\/www.hair-lounge-meloneras.com\\\/es\\\/#website\"},\"datePublished\":\"2016-10-13T11:08:21+00:00\",\"dateModified\":\"2018-09-09T16:14:58+00:00\",\"breadcrumb\":{\"@id\":\"https:\\\/\\\/www.hair-lounge-meloneras.com\\\/es\\\/politica-de-privacidad\\\/#breadcrumb\"},\"inLanguage\":\"es\",\"potentialAction\":[{\"@type\":\"ReadAction\",\"target\":[\"https:\\\/\\\/www.hair-lounge-meloneras.com\\\/es\\\/politica-de-privacidad\\\/\"]}]},{\"@type\":\"BreadcrumbList\",\"@id\":\"https:\\\/\\\/www.hair-lounge-meloneras.com\\\/es\\\/politica-de-privacidad\\\/#breadcrumb\",\"itemListElement\":[{\"@type\":\"ListItem\",\"position\":1,\"name\":\"Home\",\"item\":\"https:\\\/\\\/www.hair-lounge-meloneras.com\\\/es\\\/\"},{\"@type\":\"ListItem\",\"position\":2,\"name\":\"Politica de Privacidad\"}]},{\"@type\":\"WebSite\",\"@id\":\"https:\\\/\\\/www.hair-lounge-meloneras.com\\\/es\\\/#website\",\"url\":\"https:\\\/\\\/www.hair-lounge-meloneras.com\\\/es\\\/\",\"name\":\"Beauty-Lounge-Maspalomas by Sandra Hohner\",\"description\":\"YOUR BEAUTY IS OUR MISSION\",\"potentialAction\":[{\"@type\":\"SearchAction\",\"target\":{\"@type\":\"EntryPoint\",\"urlTemplate\":\"https:\\\/\\\/www.hair-lounge-meloneras.com\\\/es\\\/?s={search_term_string}\"},\"query-input\":{\"@type\":\"PropertyValueSpecification\",\"valueRequired\":true,\"valueName\":\"search_term_string\"}}],\"inLanguage\":\"es\"}]}<\/script>\n<!-- \/ Yoast SEO plugin. -->","yoast_head_json":{"title":"Politica de Privacidad - Beauty-Lounge-Maspalomas by Sandra Hohner","robots":{"index":"index","follow":"follow","max-snippet":"max-snippet:-1","max-image-preview":"max-image-preview:large","max-video-preview":"max-video-preview:-1"},"canonical":"https:\/\/www.hair-lounge-meloneras.com\/es\/politica-de-privacidad\/","og_locale":"es_ES","og_type":"article","og_title":"Politica de Privacidad - Beauty-Lounge-Maspalomas by Sandra Hohner","og_description":"PROTECCI\u00d3N DE DATOS Sandra Hohner creadora del sitio web cumple con las directrices de la Ley Org\u00e1nica 15\/1999 de 13 de diciembre de Protecci\u00f3n de Datos de Car\u00e1cter Personal, el Real Decreto 1720\/2007 de 21 de diciembre por el que se aprueba el Reglamento de...","og_url":"https:\/\/www.hair-lounge-meloneras.com\/es\/politica-de-privacidad\/","og_site_name":"Beauty-Lounge-Maspalomas by Sandra Hohner","article_modified_time":"2018-09-09T16:14:58+00:00","twitter_card":"summary_large_image","twitter_misc":{"Tiempo de lectura":"8 minutos"},"schema":{"@context":"https:\/\/schema.org","@graph":[{"@type":"WebPage","@id":"https:\/\/www.hair-lounge-meloneras.com\/es\/politica-de-privacidad\/","url":"https:\/\/www.hair-lounge-meloneras.com\/es\/politica-de-privacidad\/","name":"Politica de Privacidad - Beauty-Lounge-Maspalomas by Sandra Hohner","isPartOf":{"@id":"https:\/\/www.hair-lounge-meloneras.com\/es\/#website"},"datePublished":"2016-10-13T11:08:21+00:00","dateModified":"2018-09-09T16:14:58+00:00","breadcrumb":{"@id":"https:\/\/www.hair-lounge-meloneras.com\/es\/politica-de-privacidad\/#breadcrumb"},"inLanguage":"es","potentialAction":[{"@type":"ReadAction","target":["https:\/\/www.hair-lounge-meloneras.com\/es\/politica-de-privacidad\/"]}]},{"@type":"BreadcrumbList","@id":"https:\/\/www.hair-lounge-meloneras.com\/es\/politica-de-privacidad\/#breadcrumb","itemListElement":[{"@type":"ListItem","position":1,"name":"Home","item":"https:\/\/www.hair-lounge-meloneras.com\/es\/"},{"@type":"ListItem","position":2,"name":"Politica de Privacidad"}]},{"@type":"WebSite","@id":"https:\/\/www.hair-lounge-meloneras.com\/es\/#website","url":"https:\/\/www.hair-lounge-meloneras.com\/es\/","name":"Beauty-Lounge-Maspalomas by Sandra Hohner","description":"YOUR BEAUTY IS OUR MISSION","potentialAction":[{"@type":"SearchAction","target":{"@type":"EntryPoint","urlTemplate":"https:\/\/www.hair-lounge-meloneras.com\/es\/?s={search_term_string}"},"query-input":{"@type":"PropertyValueSpecification","valueRequired":true,"valueName":"search_term_string"}}],"inLanguage":"es"}]}},"_links":{"self":[{"href":"https:\/\/www.hair-lounge-meloneras.com\/es\/wp-json\/wp\/v2\/pages\/16292","targetHints":{"allow":["GET"]}}],"collection":[{"href":"https:\/\/www.hair-lounge-meloneras.com\/es\/wp-json\/wp\/v2\/pages"}],"about":[{"href":"https:\/\/www.hair-lounge-meloneras.com\/es\/wp-json\/wp\/v2\/types\/page"}],"author":[{"embeddable":true,"href":"https:\/\/www.hair-lounge-meloneras.com\/es\/wp-json\/wp\/v2\/users\/1"}],"replies":[{"embeddable":true,"href":"https:\/\/www.hair-lounge-meloneras.com\/es\/wp-json\/wp\/v2\/comments?post=16292"}],"version-history":[{"count":3,"href":"https:\/\/www.hair-lounge-meloneras.com\/es\/wp-json\/wp\/v2\/pages\/16292\/revisions"}],"predecessor-version":[{"id":16483,"href":"https:\/\/www.hair-lounge-meloneras.com\/es\/wp-json\/wp\/v2\/pages\/16292\/revisions\/16483"}],"wp:attachment":[{"href":"https:\/\/www.hair-lounge-meloneras.com\/es\/wp-json\/wp\/v2\/media?parent=16292"}],"curies":[{"name":"wp","href":"https:\/\/api.w.org\/{rel}","templated":true}]}}