{"id":16296,"date":"2015-05-20T14:24:45","date_gmt":"2015-05-20T12:24:45","guid":{"rendered":"https:\/\/www.hair-lounge-meloneras.com\/ueber-uns\/"},"modified":"2026-02-04T13:14:07","modified_gmt":"2026-02-04T12:14:07","slug":"sobre-nosotros","status":"publish","type":"page","link":"https:\/\/www.hair-lounge-meloneras.com\/es\/sobre-nosotros\/","title":{"rendered":"Sobre nosotros"},"content":{"rendered":"<div class=\"wpb-content-wrapper\"><p>[vc_row css_animation=\u00bb\u00bb row_type=\u00bbrow\u00bb use_row_as_full_screen_section=\u00bbno\u00bb type=\u00bbgrid\u00bb angled_section=\u00bbno\u00bb text_align=\u00bbleft\u00bb background_image_as_pattern=\u00bbwithout_pattern\u00bb padding_top=\u00bb0&#8243; padding_bottom=\u00bb0&#8243; css=\u00bb.vc_custom_1476264148724{margin-top: 70px !important;margin-bottom: 70px !important;}\u00bb][vc_column width=\u00bb2\/3&#8243; css=\u00bb.vc_custom_1476264160335{margin-top: 20px !important;margin-bottom: 20px !important;}\u00bb]<div class='qode_image_gallery_no_space light highlight_active'>\n            <div class='qode_image_gallery_holder' style='height: 500px;'>\n                <ul ><li >\n                    <div style=\"height: 500px; width:852px;\"><img decoding=\"async\" itemprop=\"image\" src=\"https:\/\/www.hair-lounge-meloneras.com\/wp-content\/uploads\/2015\/05\/Hair-Lounge01.png\" alt=\"\" \/><\/div><\/li><li >\n                    <div style=\"height: 500px; width:852px;\"><img decoding=\"async\" itemprop=\"image\" src=\"https:\/\/www.hair-lounge-meloneras.com\/wp-content\/uploads\/2015\/05\/Hair-Lounge02.png\" alt=\"\" \/><\/div><\/li><li >\n                    <div style=\"height: 500px; width:852px;\"><img decoding=\"async\" itemprop=\"image\" src=\"https:\/\/www.hair-lounge-meloneras.com\/wp-content\/uploads\/2015\/05\/Hair-Lounge03.png\" alt=\"\" \/><\/div><\/li><li >\n                    <div style=\"height: 500px; width:852px;\"><img decoding=\"async\" itemprop=\"image\" src=\"https:\/\/www.hair-lounge-meloneras.com\/wp-content\/uploads\/2015\/05\/Hair-Lounge04.png\" alt=\"\" \/><\/div><\/li><li >\n                    <div style=\"height: 500px; width:852px;\"><img decoding=\"async\" itemprop=\"image\" src=\"https:\/\/www.hair-lounge-meloneras.com\/wp-content\/uploads\/2015\/05\/Hair-Lounge05.png\" alt=\"\" \/><\/div><\/li><li >\n                    <div style=\"height: 500px; width:852px;\"><img decoding=\"async\" itemprop=\"image\" src=\"https:\/\/www.hair-lounge-meloneras.com\/wp-content\/uploads\/2015\/05\/Hair-Lounge06.png\" alt=\"\" \/><\/div><\/li><li >\n                    <div style=\"height: 500px; width:852px;\"><img decoding=\"async\" itemprop=\"image\" src=\"https:\/\/www.hair-lounge-meloneras.com\/wp-content\/uploads\/2015\/05\/Hair-Lounge07.png\" alt=\"\" \/><\/div><\/li><li >\n                    <div style=\"height: 500px; width:852px;\"><img decoding=\"async\" itemprop=\"image\" src=\"https:\/\/www.hair-lounge-meloneras.com\/wp-content\/uploads\/2015\/05\/Hair-Lounge08.png\" alt=\"\" \/><\/div><\/li><li >\n                    <div style=\"height: 500px; width:852px;\"><img decoding=\"async\" itemprop=\"image\" src=\"https:\/\/www.hair-lounge-meloneras.com\/wp-content\/uploads\/2015\/05\/Hair-Lounge09.png\" alt=\"\" \/><\/div><\/li><\/ul>\n          <\/div>\n          <div class='controls'>\n              <a class='prev-slide' href='#'><span><i class='fa fa-angle-left'><\/i><\/span><\/a>\n              <a class='next-slide' href='#'><span><i class='fa fa-angle-right'><\/i><\/span><\/a>\n          <\/div>\n      <\/div>[\/vc_column][vc_column width=\u00bb1\/3&#8243;][vc_separator type=\u00bbtransparent\u00bb up=\u00bb30&#8243; down=\u00bb0&#8243;][vc_column_text]<span style=\"font-size: 130%;\"><strong>HAIR\u00a0LOUNGE\u00a0MELONERAS<\/strong><\/span>[\/vc_column_text][vc_separator type=\u00bbtransparent\u00bb up=\u00bb24&#8243;][vc_column_text]D\u00e9jate mimar en el Hair Lounge Meloneras! No importa si eres turista, residente o verdadero canario- ven y te informamos sobre las \u00faltimas tendencias en el mundo de la peluquer\u00eda. Toma asiento, rel\u00e1jate y deja que los expertas se encargan de tu pelo mientras tu disfrutas de las espectaculares vistas al mar.[\/vc_column_text][vc_separator type=\u00bbtransparent\u00bb up=\u00bb24&#8243; down=\u00bb24&#8243;][vc_column_text]<strong><span style=\"color: #b8525b;\">MAS SOBRE SANDRA HOHNER<\/span><\/strong><br \/>\n<strong><span style=\"color: #b8525b;\"> Y SU EQUIPO<\/span><\/strong>[\/vc_column_text]<span data-type=\"normal\"  class=\"qode_icon_shortcode  q_font_awsome_icon fa-4x  q_icon_animation\" style=\" \"><i class=\"qode_icon_font_awesome fa fa-arrow-down qode_icon_element\" style=\"\" ><\/i><\/span>[\/vc_column][\/vc_row][vc_row css_animation=\u00bb\u00bb row_type=\u00bbrow\u00bb use_row_as_full_screen_section=\u00bbno\u00bb type=\u00bbgrid\u00bb angled_section=\u00bbyes\u00bb angled_section_position=\u00bbtop\u00bb angled_section_direction=\u00bbfrom_right_to_left\u00bb text_align=\u00bbleft\u00bb background_image_as_pattern=\u00bbwithout_pattern\u00bb background_color=\u00bb#f9f9f9&#8243; padding_top=\u00bb20&#8243;][vc_column width=\u00bb1\/2&#8243;][vc_separator type=\u00bbtransparent\u00bb up=\u00bb184&#8243; down=\u00bb0&#8243;][vc_column_text]<\/p>\n<h3>Sandra Hohner<\/h3>\n<p><em>Peluquera certificada- Master\u2019s degree<\/em>[\/vc_column_text][vc_separator type=\u00bbtransparent\u00bb up=\u00bb27&#8243; down=\u00bb0&#8243;][vc_column_text]<\/p>\n<p style=\"text-align: justify;\">En 1999, la alemana Sandra Hohner recibi\u00f3 su certificado de profesionalidad en peluquer\u00eda (master\u2019s degree) en Munich, Bavaria. A finales del a\u00f1o 2002, Sandra dej\u00f3 su pa\u00eds natal para empezar una nueva vida en Gran Canaria. Desde entonces dirige con \u00e9xito su propia peluquer\u00eda y gracias a su gran talento, \u201c trenzas viejas\u201d se convierten en modernos cortes de pelo.<\/p>\n<hr \/>\n<p><em>\u00abLa misi\u00f3n de una buena peluquera es de realzar la belleza del cliente y hacerla visible para su entorno.\u00bb <\/em>&#8211; Sandra[\/vc_column_text][vc_separator type=\u00bbtransparent\u00bb up=\u00bb24&#8243; down=\u00bb0&#8243;]<span class='q_social_icon_holder normal_social' data-color=#8d8d8d data-hover-color=#c15660><a itemprop='url' href='mailto:info@hair-lounge-meloneras.com' target='_blank'><i class=\"qode_icon_font_awesome fa fa-envelope  simple_social\" style=\"color: #8d8d8d;margin: 0 4px 0 0;font-size: 22px;\" ><\/i><\/a><\/span><span class='q_social_icon_holder normal_social' data-color=#8d8d8d data-hover-color=#c15660><a itemprop='url' href='https:\/\/www.facebook.com\/HairstudioMaspalomas' target='_blank'><i class=\"qode_icon_font_awesome fa fa-facebook  simple_social\" style=\"color: #8d8d8d;margin: 0 4px 0 0;font-size: 22px;\" ><\/i><\/a><\/span>[\/vc_column][vc_column width=\u00bb1\/2&#8243;][vc_single_image image=\u00bb16592&#8243; img_size=\u00bbfull\u00bb qode_css_animation=\u00bb\u00bb][\/vc_column][\/vc_row][vc_row css_animation=\u00bb\u00bb row_type=\u00bbrow\u00bb use_row_as_full_screen_section=\u00bbno\u00bb type=\u00bbgrid\u00bb angled_section=\u00bbyes\u00bb angled_section_position=\u00bbboth\u00bb angled_section_direction=\u00bbfrom_right_to_left\u00bb text_align=\u00bbleft\u00bb background_image_as_pattern=\u00bbwithout_pattern\u00bb background_color=\u00bb#ffffff\u00bb padding_top=\u00bb80&#8243; padding_bottom=\u00bb0&#8243;][vc_column width=\u00bb1\/2&#8243;][vc_single_image image=\u00bb17033&#8243; img_size=\u00bbfull\u00bb css=\u00bb\u00bb qode_css_animation=\u00bb\u00bb][\/vc_column][vc_column width=\u00bb1\/2&#8243;][vc_separator type=\u00bbtransparent\u00bb up=\u00bb40&#8243;][vc_column_text]<\/p>\n<h3>Richard Rodriguez<\/h3>\n<p><em>Peluquero &amp; Maquillador<\/em>[\/vc_column_text][vc_separator type=\u00bbtransparent\u00bb up=\u00bb40&#8243;][vc_column_text]Richard Rodr\u00edguez estudi\u00f3 peluquer\u00eda en 1992 en una respetada academia italiana de Venezuela.<br \/>\nA d\u00eda de hoy, asiste a numerosos seminarios y cursos de formaci\u00f3n en el sector de la belleza y es ahora uno de los artistas capilares m\u00e1s respetados que se pueden encontrar en Gran Canaria.<br \/>\nEs un verdadero experto en todo, desde el pelo largo hasta los cortes de pelo de moda para hombres.<br \/>\nEn su oferta no faltan las \u00faltimas t\u00e9cnicas de color y resaltado, as\u00ed como maquillajes exclusivos para cualquier ocasi\u00f3n.<br \/>\nSu mayor \u00e9xito es ver a sus clientes salir contentos de la tienda.<br \/>\nHa hecho de su vocaci\u00f3n a su profesi\u00f3n.<\/p>\n<p>[\/vc_column_text][vc_separator type=\u00bbtransparent\u00bb up=\u00bb40&#8243;][\/vc_column][\/vc_row][vc_row css_animation=\u00bb\u00bb row_type=\u00bbrow\u00bb use_row_as_full_screen_section=\u00bbno\u00bb type=\u00bbgrid\u00bb angled_section=\u00bbyes\u00bb angled_section_position=\u00bbboth\u00bb angled_section_direction=\u00bbfrom_right_to_left\u00bb text_align=\u00bbleft\u00bb background_image_as_pattern=\u00bbwithout_pattern\u00bb background_color=\u00bb#ffffff\u00bb padding_top=\u00bb80&#8243; padding_bottom=\u00bb0&#8243;][vc_column width=\u00bb1\/2&#8243;][vc_separator type=\u00bbtransparent\u00bb up=\u00bb40&#8243;][vc_column_text css=\u00bb\u00bb]<\/p>\n<h3>Andreas Sauer<\/h3>\n<p>Maestro peluquero con pasi\u00f3n y sensibilidad[\/vc_column_text][vc_separator type=\u00bbtransparent\u00bb up=\u00bb40&#8243;][vc_column_text css=\u00bb\u00bb]Andreas Sauer es maestro peluquero alem\u00e1n y una parte fundamental de nuestra Beauty Lounge. Con su car\u00e1cter tranquilo y emp\u00e1tico, se toma conscientemente el tiempo necesario para cada cliente, ya que para \u00e9l no solo el peinado es lo m\u00e1s importante, sino la persona que hay detr\u00e1s.<br \/>\nGracias a formaciones continuas y a sus conocimientos siempre actualizados, Andreas est\u00e1 siempre a la vanguardia. Es especialmente conocido por sus precisas t\u00e9cnicas de mechas, los modernos acabados de color y los conceptos crom\u00e1ticos armoniosos, perfectamente adaptados a cada tipo. Su gran fortaleza es el asesoramiento personalizado: con mucha sensibilidad, experiencia y un fino sentido est\u00e9tico, crea looks naturales que realzan la personalidad.<br \/>\nAndreas ama su profesi\u00f3n, y eso se nota. Cada corte, cada color y cada asesoramiento se realizan con el m\u00e1ximo cuidado, creatividad y verdadera dedicaci\u00f3n. Quienes valoran la calidad, la honestidad y un resultado que entusiasme a largo plazo est\u00e1n en las mejores manos con \u00e9l.<br \/>\nUna visita a Andreas es mucho m\u00e1s que una cita en la peluquer\u00eda: es tiempo para uno mismo y para un look que destaca tu belleza.[\/vc_column_text][vc_separator type=\u00bbtransparent\u00bb up=\u00bb40&#8243;][\/vc_column][vc_column width=\u00bb1\/2&#8243;][vc_single_image image=\u00bb17018&#8243; img_size=\u00bbfull\u00bb css=\u00bb\u00bb qode_css_animation=\u00bb\u00bb][\/vc_column][\/vc_row][vc_row css_animation=\u00bb\u00bb row_type=\u00bbrow\u00bb use_row_as_full_screen_section=\u00bbno\u00bb type=\u00bbgrid\u00bb angled_section=\u00bbyes\u00bb angled_section_position=\u00bbboth\u00bb angled_section_direction=\u00bbfrom_right_to_left\u00bb text_align=\u00bbleft\u00bb background_image_as_pattern=\u00bbwithout_pattern\u00bb background_color=\u00bb#ffffff\u00bb padding_top=\u00bb80&#8243; padding_bottom=\u00bb0&#8243;][vc_column width=\u00bb1\/2&#8243;][vc_single_image image=\u00bb17010&#8243; img_size=\u00bbfull\u00bb css=\u00bb\u00bb qode_css_animation=\u00bb\u00bb][\/vc_column][vc_column width=\u00bb1\/2&#8243;][vc_separator type=\u00bbtransparent\u00bb up=\u00bb40&#8243;][vc_column_text css=\u00bb\u00bb]<\/p>\n<h3>Nuestra esteticien Alicia<\/h3>\n<p>Belleza, bienestar y pasi\u00f3n[\/vc_column_text][vc_separator type=\u00bbtransparent\u00bb up=\u00bb40&#8243;][vc_column_text css=\u00bb\u00bb]Alicia forma parte esencial de Beauty Lounge desde hace dos a\u00f1os y conquista a nuestras clientas y clientes con su trato cercano, su alta competencia profesional y su gran pasi\u00f3n por la cosm\u00e9tica y el bienestar hol\u00edstico. Como esteticista titulada, ofrece una amplia y cuidada gama de tratamientos: pedicura est\u00e9tica, manicura, relajantes masajes de bienestar, Shiatsu, masajes cl\u00e1sicos, as\u00ed como Reiki y tratamientos energ\u00e9ticos.<br \/>\nOtro de los pilares de su trabajo es la depilaci\u00f3n corporal completa con cera, que Alicia realiza con gran cuidado, higiene y sensibilidad. El resultado es una piel suave y bien cuidada, con una agradable sensaci\u00f3n, siempre adaptada a las necesidades individuales de cada cliente.<br \/>\nLos tratamientos faciales de Alicia son especialmente populares. Con mucha atenci\u00f3n y productos naturales de alta calidad de la marca Aroms Natur, mima la piel y logra resultados visibles junto con una profunda relajaci\u00f3n. Cada tratamiento se personaliza y se realiza de forma integral.<br \/>\nAlicia trabaja con todo su coraz\u00f3n, y eso se percibe en cada sesi\u00f3n. Su sensibilidad, profesionalidad y amor por su trabajo hacen de cada visita una experiencia especial. En particular, la combinaci\u00f3n de la cosm\u00e9tica cl\u00e1sica con el trabajo energ\u00e9tico como el Reiki aporta una profundidad \u00fanica a sus tratamientos.<br \/>\nQuienes deseen dejarse mimar por completo, recargar energ\u00eda y hacer algo bueno por el cuerpo, la mente y la piel, est\u00e1n en las mejores manos con Alicia.[\/vc_column_text][vc_separator type=\u00bbtransparent\u00bb up=\u00bb40&#8243;][\/vc_column][\/vc_row]<\/p>\n<div class=\"shariff\"><ul class=\"shariff-buttons theme-default orientation-horizontal buttonsize-medium\"><li class=\"shariff-button twitter shariff-nocustomcolor\" style=\"background-color:#1e3050\"><a href=\"https:\/\/twitter.com\/share?url=https%3A%2F%2Fwww.hair-lounge-meloneras.com%2Fes%2Fsobre-nosotros%2F&text=Sobre%20nosotros\" title=\"Compartir en X (Twitter)\" aria-label=\"Compartir en X (Twitter)\" role=\"button\" rel=\"noreferrernoopener nofollow\" class=\"shariff-link\" style=\"; background-color:#000000; color:#fff\" target=\"_blank\"><span class=\"shariff-icon\" style=\"\"><svg xmlns=\"http:\/\/www.w3.org\/2000\/svg\" height=\"1em\" viewBox=\"0 0 512 512\"><!--! Font Awesome Free 6.4.2 by @fontawesome - https:\/\/fontawesome.com License - https:\/\/fontawesome.com\/license (Commercial License) Copyright 2023 Fonticons, Inc. --><style>svg{fill:#ffffff}<\/style><path d=\"M389.2 48h70.6L305.6 224.2 487 464H345L233.7 318.6 106.5 464H35.8L200.7 275.5 26.8 48H172.4L272.9 180.9 389.2 48zM364.4 421.8h39.1L151.1 88h-42L364.4 421.8z\"\/><\/svg><\/span><span class=\"shariff-text\">tweet<\/span>&nbsp;<\/a><\/li><li class=\"shariff-button facebook shariff-nocustomcolor\" style=\"background-color:#4273c8\"><a href=\"https:\/\/www.facebook.com\/sharer\/sharer.php?u=https%3A%2F%2Fwww.hair-lounge-meloneras.com%2Fes%2Fsobre-nosotros%2F\" title=\"Compartir en Facebook\" aria-label=\"Compartir en Facebook\" role=\"button\" rel=\"noreferrernoopener nofollow\" class=\"shariff-link\" style=\"; background-color:#3b5998; color:#fff\" target=\"_blank\"><span class=\"shariff-icon\" style=\"\"><svg width=\"32px\" height=\"20px\" xmlns=\"http:\/\/www.w3.org\/2000\/svg\" viewBox=\"0 0 18 32\"><path fill=\"#3b5998\" d=\"M17.1 0.2v4.7h-2.8q-1.5 0-2.1 0.6t-0.5 1.9v3.4h5.2l-0.7 5.3h-4.5v13.6h-5.5v-13.6h-4.5v-5.3h4.5v-3.9q0-3.3 1.9-5.2t5-1.8q2.6 0 4.1 0.2z\"\/><\/svg><\/span><span class=\"shariff-text\">compartir<\/span>&nbsp;<\/a><\/li><li class=\"shariff-button whatsapp shariff-nocustomcolor\" style=\"background-color:#5cbe4a\"><a href=\"https:\/\/api.whatsapp.com\/send?text=https%3A%2F%2Fwww.hair-lounge-meloneras.com%2Fes%2Fsobre-nosotros%2F%20Sobre%20nosotros\" title=\"Compartir en Whatsapp\" aria-label=\"Compartir en Whatsapp\" role=\"button\" rel=\"noreferrernoopener nofollow\" class=\"shariff-link\" style=\"; background-color:#34af23; color:#fff\" target=\"_blank\"><span class=\"shariff-icon\" style=\"\"><svg width=\"32px\" height=\"20px\" xmlns=\"http:\/\/www.w3.org\/2000\/svg\" viewBox=\"0 0 32 32\"><path fill=\"#34af23\" d=\"M17.6 17.4q0.2 0 1.7 0.8t1.6 0.9q0 0.1 0 0.3 0 0.6-0.3 1.4-0.3 0.7-1.3 1.2t-1.8 0.5q-1 0-3.4-1.1-1.7-0.8-3-2.1t-2.6-3.3q-1.3-1.9-1.3-3.5v-0.1q0.1-1.6 1.3-2.8 0.4-0.4 0.9-0.4 0.1 0 0.3 0t0.3 0q0.3 0 0.5 0.1t0.3 0.5q0.1 0.4 0.6 1.6t0.4 1.3q0 0.4-0.6 1t-0.6 0.8q0 0.1 0.1 0.3 0.6 1.3 1.8 2.4 1 0.9 2.7 1.8 0.2 0.1 0.4 0.1 0.3 0 1-0.9t0.9-0.9zM14 26.9q2.3 0 4.3-0.9t3.6-2.4 2.4-3.6 0.9-4.3-0.9-4.3-2.4-3.6-3.6-2.4-4.3-0.9-4.3 0.9-3.6 2.4-2.4 3.6-0.9 4.3q0 3.6 2.1 6.6l-1.4 4.2 4.3-1.4q2.8 1.9 6.2 1.9zM14 2.2q2.7 0 5.2 1.1t4.3 2.9 2.9 4.3 1.1 5.2-1.1 5.2-2.9 4.3-4.3 2.9-5.2 1.1q-3.5 0-6.5-1.7l-7.4 2.4 2.4-7.2q-1.9-3.2-1.9-6.9 0-2.7 1.1-5.2t2.9-4.3 4.3-2.9 5.2-1.1z\"\/><\/svg><\/span><span class=\"shariff-text\">compartir<\/span>&nbsp;<\/a><\/li><li class=\"shariff-button printer shariff-nocustomcolor\" style=\"background-color:#a8a8a8\"><a href=\"javascript:window.print()\" title=\"imprimir\" aria-label=\"imprimir\" role=\"button\" rel=\"noreferrernoopener nofollow\" class=\"shariff-link\" style=\"; background-color:#999; color:#fff\"><span class=\"shariff-icon\" style=\"\"><svg width=\"32px\" height=\"20px\" xmlns=\"http:\/\/www.w3.org\/2000\/svg\" viewBox=\"0 0 30 32\"><path fill=\"#999\" d=\"M6.8 27.4h16v-4.6h-16v4.6zM6.8 16h16v-6.8h-2.8q-0.7 0-1.2-0.5t-0.5-1.2v-2.8h-11.4v11.4zM27.4 17.2q0-0.5-0.3-0.8t-0.8-0.4-0.8 0.4-0.3 0.8 0.3 0.8 0.8 0.3 0.8-0.3 0.3-0.8zM29.7 17.2v7.4q0 0.2-0.2 0.4t-0.4 0.2h-4v2.8q0 0.7-0.5 1.2t-1.2 0.5h-17.2q-0.7 0-1.2-0.5t-0.5-1.2v-2.8h-4q-0.2 0-0.4-0.2t-0.2-0.4v-7.4q0-1.4 1-2.4t2.4-1h1.2v-9.7q0-0.7 0.5-1.2t1.2-0.5h12q0.7 0 1.6 0.4t1.3 0.8l2.7 2.7q0.5 0.5 0.9 1.4t0.4 1.6v4.6h1.1q1.4 0 2.4 1t1 2.4z\"\/><\/svg><\/span><span class=\"shariff-text\">imprimir<\/span>&nbsp;<\/a><\/li><\/ul><\/div><\/div>","protected":false},"excerpt":{"rendered":"<p>[vc_row css_animation=\u00bb\u00bb row_type=\u00bbrow\u00bb use_row_as_full_screen_section=\u00bbno\u00bb type=\u00bbgrid\u00bb angled_section=\u00bbno\u00bb text_align=\u00bbleft\u00bb background_image_as_pattern=\u00bbwithout_pattern\u00bb padding_top=\u00bb0&#8243; padding_bottom=\u00bb0&#8243; css=\u00bb.vc_custom_1476264148724{margin-top: 70px !important;margin-bottom: 70px !important;}\u00bb][vc_column width=\u00bb2\/3&#8243; css=\u00bb.vc_custom_1476264160335{margin-top: 20px !important;margin-bottom: 20px !important;}\u00bb][\/vc_column][vc_column width=\u00bb1\/3&#8243;][vc_separator type=\u00bbtransparent\u00bb up=\u00bb30&#8243; down=\u00bb0&#8243;][vc_column_text]HAIR\u00a0LOUNGE\u00a0MELONERAS[\/vc_column_text][vc_separator type=\u00bbtransparent\u00bb up=\u00bb24&#8243;][vc_column_text]D\u00e9jate mimar en el Hair Lounge Meloneras! No importa si eres turista, residente o verdadero canario- ven y te&#8230;<\/p>\n","protected":false},"author":2,"featured_media":0,"parent":0,"menu_order":1,"comment_status":"open","ping_status":"closed","template":"full_width.php","meta":{"footnotes":""},"class_list":["post-16296","page","type-page","status-publish","hentry"],"yoast_head":"<!-- This site is optimized with the Yoast SEO plugin v27.4 - https:\/\/yoast.com\/product\/yoast-seo-wordpress\/ -->\n<title>Sobre nosotros - Beauty-Lounge-Maspalomas by Sandra Hohner<\/title>\n<meta name=\"description\" content=\"Sandra Hohner, deutsche Friseurmeisterin und zertifizierte Meisterin und ihr Team heissen Sie auf Gran Canaria willkommen in der Hair-Lounge-Meloneras.\" \/>\n<meta name=\"robots\" content=\"index, follow, max-snippet:-1, max-image-preview:large, max-video-preview:-1\" \/>\n<link rel=\"canonical\" href=\"https:\/\/www.hair-lounge-meloneras.com\/es\/sobre-nosotros\/\" \/>\n<meta property=\"og:locale\" content=\"es_ES\" \/>\n<meta property=\"og:type\" content=\"article\" \/>\n<meta property=\"og:title\" content=\"Sobre nosotros - Beauty-Lounge-Maspalomas by Sandra Hohner\" \/>\n<meta property=\"og:description\" content=\"Sandra Hohner, deutsche Friseurmeisterin und zertifizierte Meisterin und ihr Team heissen Sie auf Gran Canaria willkommen in der Hair-Lounge-Meloneras.\" \/>\n<meta property=\"og:url\" content=\"https:\/\/www.hair-lounge-meloneras.com\/es\/sobre-nosotros\/\" \/>\n<meta property=\"og:site_name\" content=\"Beauty-Lounge-Maspalomas by Sandra Hohner\" \/>\n<meta property=\"article:modified_time\" content=\"2026-02-04T12:14:07+00:00\" \/>\n<meta name=\"twitter:card\" content=\"summary_large_image\" \/>\n<meta name=\"twitter:label1\" content=\"Tiempo de lectura\" \/>\n\t<meta name=\"twitter:data1\" content=\"6 minutos\" \/>\n<script type=\"application\/ld+json\" class=\"yoast-schema-graph\">{\"@context\":\"https:\\\/\\\/schema.org\",\"@graph\":[{\"@type\":\"WebPage\",\"@id\":\"https:\\\/\\\/www.hair-lounge-meloneras.com\\\/es\\\/sobre-nosotros\\\/\",\"url\":\"https:\\\/\\\/www.hair-lounge-meloneras.com\\\/es\\\/sobre-nosotros\\\/\",\"name\":\"Sobre nosotros - Beauty-Lounge-Maspalomas by Sandra Hohner\",\"isPartOf\":{\"@id\":\"https:\\\/\\\/www.hair-lounge-meloneras.com\\\/es\\\/#website\"},\"datePublished\":\"2015-05-20T12:24:45+00:00\",\"dateModified\":\"2026-02-04T12:14:07+00:00\",\"description\":\"Sandra Hohner, deutsche Friseurmeisterin und zertifizierte Meisterin und ihr Team heissen Sie auf Gran Canaria willkommen in der Hair-Lounge-Meloneras.\",\"breadcrumb\":{\"@id\":\"https:\\\/\\\/www.hair-lounge-meloneras.com\\\/es\\\/sobre-nosotros\\\/#breadcrumb\"},\"inLanguage\":\"es\",\"potentialAction\":[{\"@type\":\"ReadAction\",\"target\":[\"https:\\\/\\\/www.hair-lounge-meloneras.com\\\/es\\\/sobre-nosotros\\\/\"]}]},{\"@type\":\"BreadcrumbList\",\"@id\":\"https:\\\/\\\/www.hair-lounge-meloneras.com\\\/es\\\/sobre-nosotros\\\/#breadcrumb\",\"itemListElement\":[{\"@type\":\"ListItem\",\"position\":1,\"name\":\"Home\",\"item\":\"https:\\\/\\\/www.hair-lounge-meloneras.com\\\/es\\\/\"},{\"@type\":\"ListItem\",\"position\":2,\"name\":\"Sobre nosotros\"}]},{\"@type\":\"WebSite\",\"@id\":\"https:\\\/\\\/www.hair-lounge-meloneras.com\\\/es\\\/#website\",\"url\":\"https:\\\/\\\/www.hair-lounge-meloneras.com\\\/es\\\/\",\"name\":\"Beauty-Lounge-Maspalomas by Sandra Hohner\",\"description\":\"YOUR BEAUTY IS OUR MISSION\",\"potentialAction\":[{\"@type\":\"SearchAction\",\"target\":{\"@type\":\"EntryPoint\",\"urlTemplate\":\"https:\\\/\\\/www.hair-lounge-meloneras.com\\\/es\\\/?s={search_term_string}\"},\"query-input\":{\"@type\":\"PropertyValueSpecification\",\"valueRequired\":true,\"valueName\":\"search_term_string\"}}],\"inLanguage\":\"es\"}]}<\/script>\n<!-- \/ Yoast SEO plugin. -->","yoast_head_json":{"title":"Sobre nosotros - Beauty-Lounge-Maspalomas by Sandra Hohner","description":"Sandra Hohner, deutsche Friseurmeisterin und zertifizierte Meisterin und ihr Team heissen Sie auf Gran Canaria willkommen in der Hair-Lounge-Meloneras.","robots":{"index":"index","follow":"follow","max-snippet":"max-snippet:-1","max-image-preview":"max-image-preview:large","max-video-preview":"max-video-preview:-1"},"canonical":"https:\/\/www.hair-lounge-meloneras.com\/es\/sobre-nosotros\/","og_locale":"es_ES","og_type":"article","og_title":"Sobre nosotros - Beauty-Lounge-Maspalomas by Sandra Hohner","og_description":"Sandra Hohner, deutsche Friseurmeisterin und zertifizierte Meisterin und ihr Team heissen Sie auf Gran Canaria willkommen in der Hair-Lounge-Meloneras.","og_url":"https:\/\/www.hair-lounge-meloneras.com\/es\/sobre-nosotros\/","og_site_name":"Beauty-Lounge-Maspalomas by Sandra Hohner","article_modified_time":"2026-02-04T12:14:07+00:00","twitter_card":"summary_large_image","twitter_misc":{"Tiempo de lectura":"6 minutos"},"schema":{"@context":"https:\/\/schema.org","@graph":[{"@type":"WebPage","@id":"https:\/\/www.hair-lounge-meloneras.com\/es\/sobre-nosotros\/","url":"https:\/\/www.hair-lounge-meloneras.com\/es\/sobre-nosotros\/","name":"Sobre nosotros - Beauty-Lounge-Maspalomas by Sandra Hohner","isPartOf":{"@id":"https:\/\/www.hair-lounge-meloneras.com\/es\/#website"},"datePublished":"2015-05-20T12:24:45+00:00","dateModified":"2026-02-04T12:14:07+00:00","description":"Sandra Hohner, deutsche Friseurmeisterin und zertifizierte Meisterin und ihr Team heissen Sie auf Gran Canaria willkommen in der Hair-Lounge-Meloneras.","breadcrumb":{"@id":"https:\/\/www.hair-lounge-meloneras.com\/es\/sobre-nosotros\/#breadcrumb"},"inLanguage":"es","potentialAction":[{"@type":"ReadAction","target":["https:\/\/www.hair-lounge-meloneras.com\/es\/sobre-nosotros\/"]}]},{"@type":"BreadcrumbList","@id":"https:\/\/www.hair-lounge-meloneras.com\/es\/sobre-nosotros\/#breadcrumb","itemListElement":[{"@type":"ListItem","position":1,"name":"Home","item":"https:\/\/www.hair-lounge-meloneras.com\/es\/"},{"@type":"ListItem","position":2,"name":"Sobre nosotros"}]},{"@type":"WebSite","@id":"https:\/\/www.hair-lounge-meloneras.com\/es\/#website","url":"https:\/\/www.hair-lounge-meloneras.com\/es\/","name":"Beauty-Lounge-Maspalomas by Sandra Hohner","description":"YOUR BEAUTY IS OUR MISSION","potentialAction":[{"@type":"SearchAction","target":{"@type":"EntryPoint","urlTemplate":"https:\/\/www.hair-lounge-meloneras.com\/es\/?s={search_term_string}"},"query-input":{"@type":"PropertyValueSpecification","valueRequired":true,"valueName":"search_term_string"}}],"inLanguage":"es"}]}},"_links":{"self":[{"href":"https:\/\/www.hair-lounge-meloneras.com\/es\/wp-json\/wp\/v2\/pages\/16296","targetHints":{"allow":["GET"]}}],"collection":[{"href":"https:\/\/www.hair-lounge-meloneras.com\/es\/wp-json\/wp\/v2\/pages"}],"about":[{"href":"https:\/\/www.hair-lounge-meloneras.com\/es\/wp-json\/wp\/v2\/types\/page"}],"author":[{"embeddable":true,"href":"https:\/\/www.hair-lounge-meloneras.com\/es\/wp-json\/wp\/v2\/users\/2"}],"replies":[{"embeddable":true,"href":"https:\/\/www.hair-lounge-meloneras.com\/es\/wp-json\/wp\/v2\/comments?post=16296"}],"version-history":[{"count":11,"href":"https:\/\/www.hair-lounge-meloneras.com\/es\/wp-json\/wp\/v2\/pages\/16296\/revisions"}],"predecessor-version":[{"id":17054,"href":"https:\/\/www.hair-lounge-meloneras.com\/es\/wp-json\/wp\/v2\/pages\/16296\/revisions\/17054"}],"wp:attachment":[{"href":"https:\/\/www.hair-lounge-meloneras.com\/es\/wp-json\/wp\/v2\/media?parent=16296"}],"curies":[{"name":"wp","href":"https:\/\/api.w.org\/{rel}","templated":true}]}}