{"id":16869,"date":"2022-08-06T11:51:06","date_gmt":"2022-08-06T09:51:06","guid":{"rendered":"https:\/\/www.hair-lounge-meloneras.com\/faden-depilation-ganz-koerper-waxing-intim-waxing\/"},"modified":"2022-11-17T15:52:27","modified_gmt":"2022-11-17T14:52:27","slug":"faden-depilation-ganz-koerper-waxing-intim-waxing","status":"publish","type":"page","link":"https:\/\/www.hair-lounge-meloneras.com\/es\/faden-depilation-ganz-koerper-waxing-intim-waxing\/","title":{"rendered":"Faden Depilation Ganz K\u00f6rper Waxing Intim Waxing Brazilian Waxing"},"content":{"rendered":"<p><img loading=\"lazy\" decoding=\"async\" class=\"alignnone size-medium wp-image-16920\" src=\"https:\/\/www.hair-lounge-meloneras.com\/wp-content\/uploads\/2022\/11\/WAXING-HERREN-210x300.png\" alt=\"\" width=\"210\" height=\"300\" \/><img loading=\"lazy\" decoding=\"async\" class=\"alignnone size-medium wp-image-16928\" src=\"https:\/\/www.hair-lounge-meloneras.com\/wp-content\/uploads\/2022\/11\/DAMEN-WAX-KLEIN-210x300.png\" alt=\"\" width=\"210\" height=\"300\" \/>In der Beauty Lounge finden sie ein Team von <strong>professionellen Experten<\/strong> in <strong>Ganzk\u00f6rperwaxing<\/strong>, <strong>Intimwaxing<\/strong>, auch bekannt als <strong>Brazilian Waxing<\/strong> sowie <strong>Fadendepilation.<\/strong><\/p>\n<p>Die aus dem Orient stammende <strong>Faden Depilation ist eine besondere Technik.<\/strong><\/p>\n<p>&nbsp;<\/p>\n<p>Selbst <strong>feinster Flaum<\/strong> im Gesicht wird restlos entfernt.<\/p>\n<p>Diese\u00a0 h\u00f6chst effektive und schonende Technik der Epilation wird bei uns in Europa immer beliebter.<\/p>\n<p>&nbsp;<\/p>\n<p>Fragen sie nach unserer<strong> Expertin<\/strong> in <strong>Depilation, Pedik\u00fcre &amp; Manik\u00fcre, Wilma Chambi.<\/strong><\/p>\n<p>EUER BEAUTY TEAM<\/p>\n<p><strong>\u00a0WAXING GRAN CANARIA\u00a0<\/strong><\/p>\n<p>&nbsp;<\/p>\n<p>&nbsp;<\/p>\n<p>&nbsp;<\/p>\n<p><img loading=\"lazy\" decoding=\"async\" class=\"alignnone size-medium wp-image-16870\" src=\"https:\/\/www.hair-lounge-meloneras.com\/wp-content\/uploads\/2022\/09\/thumbnail_d7077e00-e4f1-44b1-97a0-ede3b8a81187-245x300.jpg\" alt=\"\" width=\"245\" height=\"300\" srcset=\"https:\/\/www.hair-lounge-meloneras.com\/wp-content\/uploads\/2022\/09\/thumbnail_d7077e00-e4f1-44b1-97a0-ede3b8a81187-245x300.jpg 245w, https:\/\/www.hair-lounge-meloneras.com\/wp-content\/uploads\/2022\/09\/thumbnail_d7077e00-e4f1-44b1-97a0-ede3b8a81187-837x1024.jpg 837w, https:\/\/www.hair-lounge-meloneras.com\/wp-content\/uploads\/2022\/09\/thumbnail_d7077e00-e4f1-44b1-97a0-ede3b8a81187-768x940.jpg 768w, https:\/\/www.hair-lounge-meloneras.com\/wp-content\/uploads\/2022\/09\/thumbnail_d7077e00-e4f1-44b1-97a0-ede3b8a81187-700x857.jpg 700w, https:\/\/www.hair-lounge-meloneras.com\/wp-content\/uploads\/2022\/09\/thumbnail_d7077e00-e4f1-44b1-97a0-ede3b8a81187.jpg 1046w\" sizes=\"auto, (max-width: 245px) 100vw, 245px\" \/><img loading=\"lazy\" decoding=\"async\" class=\"size-full wp-image-16799 aligncenter\" src=\"https:\/\/www.hair-lounge-meloneras.com\/wp-content\/uploads\/2022\/04\/62128B2E-5507-4C4F-ABE6-47C4E2735D3A.jpeg\" alt=\"\" width=\"1080\" height=\"1080\" srcset=\"https:\/\/www.hair-lounge-meloneras.com\/wp-content\/uploads\/2022\/04\/62128B2E-5507-4C4F-ABE6-47C4E2735D3A.jpeg 1080w, https:\/\/www.hair-lounge-meloneras.com\/wp-content\/uploads\/2022\/04\/62128B2E-5507-4C4F-ABE6-47C4E2735D3A-300x300.jpeg 300w, https:\/\/www.hair-lounge-meloneras.com\/wp-content\/uploads\/2022\/04\/62128B2E-5507-4C4F-ABE6-47C4E2735D3A-1024x1024.jpeg 1024w, https:\/\/www.hair-lounge-meloneras.com\/wp-content\/uploads\/2022\/04\/62128B2E-5507-4C4F-ABE6-47C4E2735D3A-150x150.jpeg 150w, https:\/\/www.hair-lounge-meloneras.com\/wp-content\/uploads\/2022\/04\/62128B2E-5507-4C4F-ABE6-47C4E2735D3A-768x768.jpeg 768w, https:\/\/www.hair-lounge-meloneras.com\/wp-content\/uploads\/2022\/04\/62128B2E-5507-4C4F-ABE6-47C4E2735D3A-570x570.jpeg 570w, https:\/\/www.hair-lounge-meloneras.com\/wp-content\/uploads\/2022\/04\/62128B2E-5507-4C4F-ABE6-47C4E2735D3A-500x500.jpeg 500w, https:\/\/www.hair-lounge-meloneras.com\/wp-content\/uploads\/2022\/04\/62128B2E-5507-4C4F-ABE6-47C4E2735D3A-1000x1000.jpeg 1000w, https:\/\/www.hair-lounge-meloneras.com\/wp-content\/uploads\/2022\/04\/62128B2E-5507-4C4F-ABE6-47C4E2735D3A-700x700.jpeg 700w\" sizes=\"auto, (max-width: 1080px) 100vw, 1080px\" \/><\/p>\n<div class=\"shariff\"><ul class=\"shariff-buttons theme-default orientation-horizontal buttonsize-medium\"><li class=\"shariff-button twitter shariff-nocustomcolor\" style=\"background-color:#1e3050\"><a href=\"https:\/\/twitter.com\/share?url=https%3A%2F%2Fwww.hair-lounge-meloneras.com%2Fes%2Ffaden-depilation-ganz-koerper-waxing-intim-waxing%2F&text=Faden%20Depilation%20Ganz%20K%C3%B6rper%20Waxing%20Intim%20Waxing%20Brazilian%20Waxing\" title=\"Compartir en X (Twitter)\" aria-label=\"Compartir en X (Twitter)\" role=\"button\" rel=\"noreferrernoopener nofollow\" class=\"shariff-link\" style=\"; background-color:#000000; color:#fff\" target=\"_blank\"><span class=\"shariff-icon\" style=\"\"><svg xmlns=\"http:\/\/www.w3.org\/2000\/svg\" height=\"1em\" viewBox=\"0 0 512 512\"><!--! Font Awesome Free 6.4.2 by @fontawesome - https:\/\/fontawesome.com License - https:\/\/fontawesome.com\/license (Commercial License) Copyright 2023 Fonticons, Inc. --><style>svg{fill:#ffffff}<\/style><path d=\"M389.2 48h70.6L305.6 224.2 487 464H345L233.7 318.6 106.5 464H35.8L200.7 275.5 26.8 48H172.4L272.9 180.9 389.2 48zM364.4 421.8h39.1L151.1 88h-42L364.4 421.8z\"\/><\/svg><\/span><span class=\"shariff-text\">tweet<\/span>&nbsp;<\/a><\/li><li class=\"shariff-button facebook shariff-nocustomcolor\" style=\"background-color:#4273c8\"><a href=\"https:\/\/www.facebook.com\/sharer\/sharer.php?u=https%3A%2F%2Fwww.hair-lounge-meloneras.com%2Fes%2Ffaden-depilation-ganz-koerper-waxing-intim-waxing%2F\" title=\"Compartir en Facebook\" aria-label=\"Compartir en Facebook\" role=\"button\" rel=\"noreferrernoopener nofollow\" class=\"shariff-link\" style=\"; background-color:#3b5998; color:#fff\" target=\"_blank\"><span class=\"shariff-icon\" style=\"\"><svg width=\"32px\" height=\"20px\" xmlns=\"http:\/\/www.w3.org\/2000\/svg\" viewBox=\"0 0 18 32\"><path fill=\"#3b5998\" d=\"M17.1 0.2v4.7h-2.8q-1.5 0-2.1 0.6t-0.5 1.9v3.4h5.2l-0.7 5.3h-4.5v13.6h-5.5v-13.6h-4.5v-5.3h4.5v-3.9q0-3.3 1.9-5.2t5-1.8q2.6 0 4.1 0.2z\"\/><\/svg><\/span><span class=\"shariff-text\">compartir<\/span>&nbsp;<\/a><\/li><li class=\"shariff-button whatsapp shariff-nocustomcolor\" style=\"background-color:#5cbe4a\"><a href=\"https:\/\/api.whatsapp.com\/send?text=https%3A%2F%2Fwww.hair-lounge-meloneras.com%2Fes%2Ffaden-depilation-ganz-koerper-waxing-intim-waxing%2F%20Faden%20Depilation%20Ganz%20K%C3%B6rper%20Waxing%20Intim%20Waxing%20Brazilian%20Waxing\" title=\"Compartir en Whatsapp\" aria-label=\"Compartir en Whatsapp\" role=\"button\" rel=\"noreferrernoopener nofollow\" class=\"shariff-link\" style=\"; background-color:#34af23; color:#fff\" target=\"_blank\"><span class=\"shariff-icon\" style=\"\"><svg width=\"32px\" height=\"20px\" xmlns=\"http:\/\/www.w3.org\/2000\/svg\" viewBox=\"0 0 32 32\"><path fill=\"#34af23\" d=\"M17.6 17.4q0.2 0 1.7 0.8t1.6 0.9q0 0.1 0 0.3 0 0.6-0.3 1.4-0.3 0.7-1.3 1.2t-1.8 0.5q-1 0-3.4-1.1-1.7-0.8-3-2.1t-2.6-3.3q-1.3-1.9-1.3-3.5v-0.1q0.1-1.6 1.3-2.8 0.4-0.4 0.9-0.4 0.1 0 0.3 0t0.3 0q0.3 0 0.5 0.1t0.3 0.5q0.1 0.4 0.6 1.6t0.4 1.3q0 0.4-0.6 1t-0.6 0.8q0 0.1 0.1 0.3 0.6 1.3 1.8 2.4 1 0.9 2.7 1.8 0.2 0.1 0.4 0.1 0.3 0 1-0.9t0.9-0.9zM14 26.9q2.3 0 4.3-0.9t3.6-2.4 2.4-3.6 0.9-4.3-0.9-4.3-2.4-3.6-3.6-2.4-4.3-0.9-4.3 0.9-3.6 2.4-2.4 3.6-0.9 4.3q0 3.6 2.1 6.6l-1.4 4.2 4.3-1.4q2.8 1.9 6.2 1.9zM14 2.2q2.7 0 5.2 1.1t4.3 2.9 2.9 4.3 1.1 5.2-1.1 5.2-2.9 4.3-4.3 2.9-5.2 1.1q-3.5 0-6.5-1.7l-7.4 2.4 2.4-7.2q-1.9-3.2-1.9-6.9 0-2.7 1.1-5.2t2.9-4.3 4.3-2.9 5.2-1.1z\"\/><\/svg><\/span><span class=\"shariff-text\">compartir<\/span>&nbsp;<\/a><\/li><li class=\"shariff-button printer shariff-nocustomcolor\" style=\"background-color:#a8a8a8\"><a href=\"javascript:window.print()\" title=\"imprimir\" aria-label=\"imprimir\" role=\"button\" rel=\"noreferrernoopener nofollow\" class=\"shariff-link\" style=\"; background-color:#999; color:#fff\"><span class=\"shariff-icon\" style=\"\"><svg width=\"32px\" height=\"20px\" xmlns=\"http:\/\/www.w3.org\/2000\/svg\" viewBox=\"0 0 30 32\"><path fill=\"#999\" d=\"M6.8 27.4h16v-4.6h-16v4.6zM6.8 16h16v-6.8h-2.8q-0.7 0-1.2-0.5t-0.5-1.2v-2.8h-11.4v11.4zM27.4 17.2q0-0.5-0.3-0.8t-0.8-0.4-0.8 0.4-0.3 0.8 0.3 0.8 0.8 0.3 0.8-0.3 0.3-0.8zM29.7 17.2v7.4q0 0.2-0.2 0.4t-0.4 0.2h-4v2.8q0 0.7-0.5 1.2t-1.2 0.5h-17.2q-0.7 0-1.2-0.5t-0.5-1.2v-2.8h-4q-0.2 0-0.4-0.2t-0.2-0.4v-7.4q0-1.4 1-2.4t2.4-1h1.2v-9.7q0-0.7 0.5-1.2t1.2-0.5h12q0.7 0 1.6 0.4t1.3 0.8l2.7 2.7q0.5 0.5 0.9 1.4t0.4 1.6v4.6h1.1q1.4 0 2.4 1t1 2.4z\"\/><\/svg><\/span><span class=\"shariff-text\">imprimir<\/span>&nbsp;<\/a><\/li><\/ul><\/div>","protected":false},"excerpt":{"rendered":"<p>In der Beauty Lounge finden sie ein Team von professionellen Experten in Ganzk\u00f6rperwaxing, Intimwaxing, auch bekannt als Brazilian Waxing sowie Fadendepilation. Die aus dem Orient stammende Faden Depilation ist eine besondere Technik. &nbsp; Selbst feinster Flaum im Gesicht wird restlos entfernt. Diese\u00a0 h\u00f6chst effektive und&#8230;<\/p>\n","protected":false},"author":4,"featured_media":0,"parent":0,"menu_order":0,"comment_status":"closed","ping_status":"closed","template":"","meta":{"footnotes":""},"class_list":["post-16869","page","type-page","status-publish","hentry"],"yoast_head":"<!-- This site is optimized with the Yoast SEO plugin v27.4 - https:\/\/yoast.com\/product\/yoast-seo-wordpress\/ -->\n<title>Depilation -Faden - Ganz K\u00f6rper Waxing- Intim Waxing-BRAZILIAN<\/title>\n<meta name=\"description\" content=\"Kennst du unsere Fadendepilation.Hierbei werden auch feinste H\u00e4rchen im Gesicht entfernt.Wir kreieren auch exakt geformte Augenbrauen.\" \/>\n<meta name=\"robots\" content=\"index, follow, max-snippet:-1, max-image-preview:large, max-video-preview:-1\" \/>\n<link rel=\"canonical\" href=\"https:\/\/www.hair-lounge-meloneras.com\/es\/faden-depilation-ganz-koerper-waxing-intim-waxing\/\" \/>\n<meta property=\"og:locale\" content=\"es_ES\" \/>\n<meta property=\"og:type\" content=\"article\" \/>\n<meta property=\"og:title\" content=\"Depilation -Faden - Ganz K\u00f6rper Waxing- Intim Waxing-BRAZILIAN\" \/>\n<meta property=\"og:description\" content=\"Kennst du unsere Fadendepilation.Hierbei werden auch feinste H\u00e4rchen im Gesicht entfernt.Wir kreieren auch exakt geformte Augenbrauen.\" \/>\n<meta property=\"og:url\" content=\"https:\/\/www.hair-lounge-meloneras.com\/es\/faden-depilation-ganz-koerper-waxing-intim-waxing\/\" \/>\n<meta property=\"og:site_name\" content=\"Beauty-Lounge-Maspalomas by Sandra Hohner\" \/>\n<meta property=\"article:modified_time\" content=\"2022-11-17T14:52:27+00:00\" \/>\n<meta property=\"og:image\" content=\"https:\/\/www.hair-lounge-meloneras.com\/wp-content\/uploads\/2022\/11\/WAXING-HERREN-210x300.png\" \/>\n<meta name=\"twitter:card\" content=\"summary_large_image\" \/>\n<meta name=\"twitter:label1\" content=\"Tiempo de lectura\" \/>\n\t<meta name=\"twitter:data1\" content=\"2 minutos\" \/>\n<script type=\"application\/ld+json\" class=\"yoast-schema-graph\">{\"@context\":\"https:\\\/\\\/schema.org\",\"@graph\":[{\"@type\":\"Article\",\"@id\":\"https:\\\/\\\/www.hair-lounge-meloneras.com\\\/es\\\/faden-depilation-ganz-koerper-waxing-intim-waxing\\\/#article\",\"isPartOf\":{\"@id\":\"https:\\\/\\\/www.hair-lounge-meloneras.com\\\/es\\\/faden-depilation-ganz-koerper-waxing-intim-waxing\\\/\"},\"author\":{\"name\":\"Sandra Hohner\",\"@id\":\"https:\\\/\\\/www.hair-lounge-meloneras.com\\\/es\\\/#\\\/schema\\\/person\\\/8904464e9b2cb418ec4bbc4cb663dfd4\"},\"headline\":\"Faden Depilation Ganz K\u00f6rper Waxing Intim Waxing Brazilian Waxing\",\"datePublished\":\"2022-08-06T09:51:06+00:00\",\"dateModified\":\"2022-11-17T14:52:27+00:00\",\"mainEntityOfPage\":{\"@id\":\"https:\\\/\\\/www.hair-lounge-meloneras.com\\\/es\\\/faden-depilation-ganz-koerper-waxing-intim-waxing\\\/\"},\"wordCount\":92,\"image\":{\"@id\":\"https:\\\/\\\/www.hair-lounge-meloneras.com\\\/es\\\/faden-depilation-ganz-koerper-waxing-intim-waxing\\\/#primaryimage\"},\"thumbnailUrl\":\"https:\\\/\\\/www.hair-lounge-meloneras.com\\\/wp-content\\\/uploads\\\/2022\\\/11\\\/WAXING-HERREN-210x300.png\",\"inLanguage\":\"es\"},{\"@type\":\"WebPage\",\"@id\":\"https:\\\/\\\/www.hair-lounge-meloneras.com\\\/es\\\/faden-depilation-ganz-koerper-waxing-intim-waxing\\\/\",\"url\":\"https:\\\/\\\/www.hair-lounge-meloneras.com\\\/es\\\/faden-depilation-ganz-koerper-waxing-intim-waxing\\\/\",\"name\":\"Depilation -Faden - Ganz K\u00f6rper Waxing- Intim Waxing-BRAZILIAN\",\"isPartOf\":{\"@id\":\"https:\\\/\\\/www.hair-lounge-meloneras.com\\\/es\\\/#website\"},\"primaryImageOfPage\":{\"@id\":\"https:\\\/\\\/www.hair-lounge-meloneras.com\\\/es\\\/faden-depilation-ganz-koerper-waxing-intim-waxing\\\/#primaryimage\"},\"image\":{\"@id\":\"https:\\\/\\\/www.hair-lounge-meloneras.com\\\/es\\\/faden-depilation-ganz-koerper-waxing-intim-waxing\\\/#primaryimage\"},\"thumbnailUrl\":\"https:\\\/\\\/www.hair-lounge-meloneras.com\\\/wp-content\\\/uploads\\\/2022\\\/11\\\/WAXING-HERREN-210x300.png\",\"datePublished\":\"2022-08-06T09:51:06+00:00\",\"dateModified\":\"2022-11-17T14:52:27+00:00\",\"description\":\"Kennst du unsere Fadendepilation.Hierbei werden auch feinste H\u00e4rchen im Gesicht entfernt.Wir kreieren auch exakt geformte Augenbrauen.\",\"breadcrumb\":{\"@id\":\"https:\\\/\\\/www.hair-lounge-meloneras.com\\\/es\\\/faden-depilation-ganz-koerper-waxing-intim-waxing\\\/#breadcrumb\"},\"inLanguage\":\"es\",\"potentialAction\":[{\"@type\":\"ReadAction\",\"target\":[\"https:\\\/\\\/www.hair-lounge-meloneras.com\\\/es\\\/faden-depilation-ganz-koerper-waxing-intim-waxing\\\/\"]}]},{\"@type\":\"ImageObject\",\"inLanguage\":\"es\",\"@id\":\"https:\\\/\\\/www.hair-lounge-meloneras.com\\\/es\\\/faden-depilation-ganz-koerper-waxing-intim-waxing\\\/#primaryimage\",\"url\":\"https:\\\/\\\/www.hair-lounge-meloneras.com\\\/wp-content\\\/uploads\\\/2022\\\/11\\\/WAXING-HERREN-210x300.png\",\"contentUrl\":\"https:\\\/\\\/www.hair-lounge-meloneras.com\\\/wp-content\\\/uploads\\\/2022\\\/11\\\/WAXING-HERREN-210x300.png\"},{\"@type\":\"BreadcrumbList\",\"@id\":\"https:\\\/\\\/www.hair-lounge-meloneras.com\\\/es\\\/faden-depilation-ganz-koerper-waxing-intim-waxing\\\/#breadcrumb\",\"itemListElement\":[{\"@type\":\"ListItem\",\"position\":1,\"name\":\"Home\",\"item\":\"https:\\\/\\\/www.hair-lounge-meloneras.com\\\/es\\\/\"},{\"@type\":\"ListItem\",\"position\":2,\"name\":\"Faden Depilation Ganz K\u00f6rper Waxing Intim Waxing Brazilian Waxing\"}]},{\"@type\":\"WebSite\",\"@id\":\"https:\\\/\\\/www.hair-lounge-meloneras.com\\\/es\\\/#website\",\"url\":\"https:\\\/\\\/www.hair-lounge-meloneras.com\\\/es\\\/\",\"name\":\"Beauty-Lounge-Maspalomas by Sandra Hohner\",\"description\":\"YOUR BEAUTY IS OUR MISSION\",\"potentialAction\":[{\"@type\":\"SearchAction\",\"target\":{\"@type\":\"EntryPoint\",\"urlTemplate\":\"https:\\\/\\\/www.hair-lounge-meloneras.com\\\/es\\\/?s={search_term_string}\"},\"query-input\":{\"@type\":\"PropertyValueSpecification\",\"valueRequired\":true,\"valueName\":\"search_term_string\"}}],\"inLanguage\":\"es\"},{\"@type\":\"Person\",\"@id\":\"https:\\\/\\\/www.hair-lounge-meloneras.com\\\/es\\\/#\\\/schema\\\/person\\\/8904464e9b2cb418ec4bbc4cb663dfd4\",\"name\":\"Sandra Hohner\",\"image\":{\"@type\":\"ImageObject\",\"inLanguage\":\"es\",\"@id\":\"https:\\\/\\\/secure.gravatar.com\\\/avatar\\\/ce50fc274cbf08f58ceec675ca5f28a7bd97fa02a42c60fe381622b92a7f3656?s=96&d=mm&r=g\",\"url\":\"https:\\\/\\\/secure.gravatar.com\\\/avatar\\\/ce50fc274cbf08f58ceec675ca5f28a7bd97fa02a42c60fe381622b92a7f3656?s=96&d=mm&r=g\",\"contentUrl\":\"https:\\\/\\\/secure.gravatar.com\\\/avatar\\\/ce50fc274cbf08f58ceec675ca5f28a7bd97fa02a42c60fe381622b92a7f3656?s=96&d=mm&r=g\",\"caption\":\"Sandra Hohner\"},\"description\":\"Pr\u00e4mierte Starfriseurin aus M\u00fcnchen, spezialisiert in Haarextensions mit der Marke Great Lenghts.Mitarbeiter Make Up Artist, modernste Schneide und F\u00e4rbetechniken, Wellnessbehandlungen, Depilation, Fadendepilation, Pedik\u00fcre, Manik\u00fcre\",\"sameAs\":[\"http:\\\/\\\/www.beauty-lounge-maspalomas.com\",\"https:\\\/\\\/www.facebook.com\\\/Beautyloungemaspalomas\",\"https:\\\/\\\/www.instagram.com\\\/sandrahohner\\\/?hl=de\",\"https:\\\/\\\/www.linkedin.com\\\/in\\\/sandra-hohner-95903796\\\/\"],\"url\":\"https:\\\/\\\/www.hair-lounge-meloneras.com\\\/es\\\/author\\\/sandra\\\/\"}]}<\/script>\n<!-- \/ Yoast SEO plugin. -->","yoast_head_json":{"title":"Depilation -Faden - Ganz K\u00f6rper Waxing- Intim Waxing-BRAZILIAN","description":"Kennst du unsere Fadendepilation.Hierbei werden auch feinste H\u00e4rchen im Gesicht entfernt.Wir kreieren auch exakt geformte Augenbrauen.","robots":{"index":"index","follow":"follow","max-snippet":"max-snippet:-1","max-image-preview":"max-image-preview:large","max-video-preview":"max-video-preview:-1"},"canonical":"https:\/\/www.hair-lounge-meloneras.com\/es\/faden-depilation-ganz-koerper-waxing-intim-waxing\/","og_locale":"es_ES","og_type":"article","og_title":"Depilation -Faden - Ganz K\u00f6rper Waxing- Intim Waxing-BRAZILIAN","og_description":"Kennst du unsere Fadendepilation.Hierbei werden auch feinste H\u00e4rchen im Gesicht entfernt.Wir kreieren auch exakt geformte Augenbrauen.","og_url":"https:\/\/www.hair-lounge-meloneras.com\/es\/faden-depilation-ganz-koerper-waxing-intim-waxing\/","og_site_name":"Beauty-Lounge-Maspalomas by Sandra Hohner","article_modified_time":"2022-11-17T14:52:27+00:00","og_image":[{"url":"https:\/\/www.hair-lounge-meloneras.com\/wp-content\/uploads\/2022\/11\/WAXING-HERREN-210x300.png","type":"","width":"","height":""}],"twitter_card":"summary_large_image","twitter_misc":{"Tiempo de lectura":"2 minutos"},"schema":{"@context":"https:\/\/schema.org","@graph":[{"@type":"Article","@id":"https:\/\/www.hair-lounge-meloneras.com\/es\/faden-depilation-ganz-koerper-waxing-intim-waxing\/#article","isPartOf":{"@id":"https:\/\/www.hair-lounge-meloneras.com\/es\/faden-depilation-ganz-koerper-waxing-intim-waxing\/"},"author":{"name":"Sandra Hohner","@id":"https:\/\/www.hair-lounge-meloneras.com\/es\/#\/schema\/person\/8904464e9b2cb418ec4bbc4cb663dfd4"},"headline":"Faden Depilation Ganz K\u00f6rper Waxing Intim Waxing Brazilian Waxing","datePublished":"2022-08-06T09:51:06+00:00","dateModified":"2022-11-17T14:52:27+00:00","mainEntityOfPage":{"@id":"https:\/\/www.hair-lounge-meloneras.com\/es\/faden-depilation-ganz-koerper-waxing-intim-waxing\/"},"wordCount":92,"image":{"@id":"https:\/\/www.hair-lounge-meloneras.com\/es\/faden-depilation-ganz-koerper-waxing-intim-waxing\/#primaryimage"},"thumbnailUrl":"https:\/\/www.hair-lounge-meloneras.com\/wp-content\/uploads\/2022\/11\/WAXING-HERREN-210x300.png","inLanguage":"es"},{"@type":"WebPage","@id":"https:\/\/www.hair-lounge-meloneras.com\/es\/faden-depilation-ganz-koerper-waxing-intim-waxing\/","url":"https:\/\/www.hair-lounge-meloneras.com\/es\/faden-depilation-ganz-koerper-waxing-intim-waxing\/","name":"Depilation -Faden - Ganz K\u00f6rper Waxing- Intim Waxing-BRAZILIAN","isPartOf":{"@id":"https:\/\/www.hair-lounge-meloneras.com\/es\/#website"},"primaryImageOfPage":{"@id":"https:\/\/www.hair-lounge-meloneras.com\/es\/faden-depilation-ganz-koerper-waxing-intim-waxing\/#primaryimage"},"image":{"@id":"https:\/\/www.hair-lounge-meloneras.com\/es\/faden-depilation-ganz-koerper-waxing-intim-waxing\/#primaryimage"},"thumbnailUrl":"https:\/\/www.hair-lounge-meloneras.com\/wp-content\/uploads\/2022\/11\/WAXING-HERREN-210x300.png","datePublished":"2022-08-06T09:51:06+00:00","dateModified":"2022-11-17T14:52:27+00:00","description":"Kennst du unsere Fadendepilation.Hierbei werden auch feinste H\u00e4rchen im Gesicht entfernt.Wir kreieren auch exakt geformte Augenbrauen.","breadcrumb":{"@id":"https:\/\/www.hair-lounge-meloneras.com\/es\/faden-depilation-ganz-koerper-waxing-intim-waxing\/#breadcrumb"},"inLanguage":"es","potentialAction":[{"@type":"ReadAction","target":["https:\/\/www.hair-lounge-meloneras.com\/es\/faden-depilation-ganz-koerper-waxing-intim-waxing\/"]}]},{"@type":"ImageObject","inLanguage":"es","@id":"https:\/\/www.hair-lounge-meloneras.com\/es\/faden-depilation-ganz-koerper-waxing-intim-waxing\/#primaryimage","url":"https:\/\/www.hair-lounge-meloneras.com\/wp-content\/uploads\/2022\/11\/WAXING-HERREN-210x300.png","contentUrl":"https:\/\/www.hair-lounge-meloneras.com\/wp-content\/uploads\/2022\/11\/WAXING-HERREN-210x300.png"},{"@type":"BreadcrumbList","@id":"https:\/\/www.hair-lounge-meloneras.com\/es\/faden-depilation-ganz-koerper-waxing-intim-waxing\/#breadcrumb","itemListElement":[{"@type":"ListItem","position":1,"name":"Home","item":"https:\/\/www.hair-lounge-meloneras.com\/es\/"},{"@type":"ListItem","position":2,"name":"Faden Depilation Ganz K\u00f6rper Waxing Intim Waxing Brazilian Waxing"}]},{"@type":"WebSite","@id":"https:\/\/www.hair-lounge-meloneras.com\/es\/#website","url":"https:\/\/www.hair-lounge-meloneras.com\/es\/","name":"Beauty-Lounge-Maspalomas by Sandra Hohner","description":"YOUR BEAUTY IS OUR MISSION","potentialAction":[{"@type":"SearchAction","target":{"@type":"EntryPoint","urlTemplate":"https:\/\/www.hair-lounge-meloneras.com\/es\/?s={search_term_string}"},"query-input":{"@type":"PropertyValueSpecification","valueRequired":true,"valueName":"search_term_string"}}],"inLanguage":"es"},{"@type":"Person","@id":"https:\/\/www.hair-lounge-meloneras.com\/es\/#\/schema\/person\/8904464e9b2cb418ec4bbc4cb663dfd4","name":"Sandra Hohner","image":{"@type":"ImageObject","inLanguage":"es","@id":"https:\/\/secure.gravatar.com\/avatar\/ce50fc274cbf08f58ceec675ca5f28a7bd97fa02a42c60fe381622b92a7f3656?s=96&d=mm&r=g","url":"https:\/\/secure.gravatar.com\/avatar\/ce50fc274cbf08f58ceec675ca5f28a7bd97fa02a42c60fe381622b92a7f3656?s=96&d=mm&r=g","contentUrl":"https:\/\/secure.gravatar.com\/avatar\/ce50fc274cbf08f58ceec675ca5f28a7bd97fa02a42c60fe381622b92a7f3656?s=96&d=mm&r=g","caption":"Sandra Hohner"},"description":"Pr\u00e4mierte Starfriseurin aus M\u00fcnchen, spezialisiert in Haarextensions mit der Marke Great Lenghts.Mitarbeiter Make Up Artist, modernste Schneide und F\u00e4rbetechniken, Wellnessbehandlungen, Depilation, Fadendepilation, Pedik\u00fcre, Manik\u00fcre","sameAs":["http:\/\/www.beauty-lounge-maspalomas.com","https:\/\/www.facebook.com\/Beautyloungemaspalomas","https:\/\/www.instagram.com\/sandrahohner\/?hl=de","https:\/\/www.linkedin.com\/in\/sandra-hohner-95903796\/"],"url":"https:\/\/www.hair-lounge-meloneras.com\/es\/author\/sandra\/"}]}},"_links":{"self":[{"href":"https:\/\/www.hair-lounge-meloneras.com\/es\/wp-json\/wp\/v2\/pages\/16869","targetHints":{"allow":["GET"]}}],"collection":[{"href":"https:\/\/www.hair-lounge-meloneras.com\/es\/wp-json\/wp\/v2\/pages"}],"about":[{"href":"https:\/\/www.hair-lounge-meloneras.com\/es\/wp-json\/wp\/v2\/types\/page"}],"author":[{"embeddable":true,"href":"https:\/\/www.hair-lounge-meloneras.com\/es\/wp-json\/wp\/v2\/users\/4"}],"replies":[{"embeddable":true,"href":"https:\/\/www.hair-lounge-meloneras.com\/es\/wp-json\/wp\/v2\/comments?post=16869"}],"version-history":[{"count":5,"href":"https:\/\/www.hair-lounge-meloneras.com\/es\/wp-json\/wp\/v2\/pages\/16869\/revisions"}],"predecessor-version":[{"id":16943,"href":"https:\/\/www.hair-lounge-meloneras.com\/es\/wp-json\/wp\/v2\/pages\/16869\/revisions\/16943"}],"wp:attachment":[{"href":"https:\/\/www.hair-lounge-meloneras.com\/es\/wp-json\/wp\/v2\/media?parent=16869"}],"curies":[{"name":"wp","href":"https:\/\/api.w.org\/{rel}","templated":true}]}}