{"id":16421,"date":"2016-10-13T16:40:54","date_gmt":"2016-10-13T14:40:54","guid":{"rendered":"https:\/\/www.hair-lounge-meloneras.com\/hair-extensions\/"},"modified":"2017-09-20T09:53:36","modified_gmt":"2017-09-20T07:53:36","slug":"extensions-de-cheveux","status":"publish","type":"page","link":"https:\/\/www.hair-lounge-meloneras.com\/fr\/extensions-de-cheveux\/","title":{"rendered":"Extensions de cheveux"},"content":{"rendered":"<p style=\"text-align: justify;\"><img loading=\"lazy\" decoding=\"async\" class=\"wp-image-16177 alignright\" src=\"https:\/\/www.hair-lounge-meloneras.com\/wp-content\/uploads\/2016\/10\/100prozentfair.gif\" alt=\"\" width=\"165\" height=\"161\" \/><\/p>\n<h2><img loading=\"lazy\" decoding=\"async\" class=\"alignleft wp-image-16223 \" src=\"https:\/\/www.hair-lounge-meloneras.com\/wp-content\/uploads\/2016\/10\/extensions.jpeg\" alt=\"\" width=\"416\" height=\"416\" srcset=\"https:\/\/www.hair-lounge-meloneras.com\/wp-content\/uploads\/2016\/10\/extensions.jpeg 960w, https:\/\/www.hair-lounge-meloneras.com\/wp-content\/uploads\/2016\/10\/extensions-150x150.jpeg 150w, https:\/\/www.hair-lounge-meloneras.com\/wp-content\/uploads\/2016\/10\/extensions-300x300.jpeg 300w, https:\/\/www.hair-lounge-meloneras.com\/wp-content\/uploads\/2016\/10\/extensions-768x768.jpeg 768w, https:\/\/www.hair-lounge-meloneras.com\/wp-content\/uploads\/2016\/10\/extensions-570x570.jpeg 570w, https:\/\/www.hair-lounge-meloneras.com\/wp-content\/uploads\/2016\/10\/extensions-500x500.jpeg 500w, https:\/\/www.hair-lounge-meloneras.com\/wp-content\/uploads\/2016\/10\/extensions-700x700.jpeg 700w\" sizes=\"auto, (max-width: 416px) 100vw, 416px\" \/>LONGS CHEVEUX DE REVE<\/h2>\n<p>Du volume au naturel, des effets modernes, toutes les longueurs possibles ou simplement de tr\u00e8s beaux cheveux longs. Gr\u00e2ce \u00e0 GREAT LENGHTS et ses excellents r\u00e9sultats  vous allez \u00ab\u00a0briller\u00a0\u00bb.<br \/>\nDes \u201cbondings\u201d invisibles appliqu\u00e9s gr\u00e2ce aux ultrasons. Une technique de haute qualit\u00e9. Les r\u00e9sultats parleront par eux-m\u00eames.<\/p>\n<p style=\"text-align: justify;\">[vc_separator type=&rsquo;transparent&rsquo; position=&rsquo;center&rsquo; color=\u00a0\u00bb thickness=\u00a0\u00bb up=&rsquo;10&rsquo; down=&rsquo;10&rsquo;]<\/p>\n<p style=\"text-align: justify;\">Les extensions utilis\u00e9es au Hair Lounge Meloneras sont haut de gamme et sont disponibles dans toutes les tonalit\u00e9s. Allant du blond clair au blond fonc\u00e9, en passant par diff\u00e9rentes nuances de marron et de rouge et en finissant par un noir tr\u00e8s fonc\u00e9.<\/p>\n<p style=\"text-align: justify;\">Les colorations  vibrantes assurent <strong>la nuance de couleur parfaite<\/strong> et ajoutent du glamour \u00e0 vos extensions et \u00e9paississent vos cheveux.<\/p>\n<p style=\"text-align: justify;\">[vc_separator type=&rsquo;transparent&rsquo; position=&rsquo;center&rsquo; color=\u00a0\u00bb thickness=\u00a0\u00bb up=\u00a0\u00bb down=&rsquo;50&rsquo;]<\/p>\n<div class=\"shariff\"><ul class=\"shariff-buttons theme-default orientation-horizontal buttonsize-medium\"><li class=\"shariff-button twitter shariff-nocustomcolor\" style=\"background-color:#1e3050\"><a href=\"https:\/\/twitter.com\/share?url=https%3A%2F%2Fwww.hair-lounge-meloneras.com%2Ffr%2Fextensions-de-cheveux%2F&text=Extensions%20de%20cheveux\" title=\"Partager sur X (Twitter)\" aria-label=\"Partager sur X (Twitter)\" role=\"button\" rel=\"noreferrernoopener nofollow\" class=\"shariff-link\" style=\"; background-color:#000000; color:#fff\" target=\"_blank\"><span class=\"shariff-icon\" style=\"\"><svg xmlns=\"http:\/\/www.w3.org\/2000\/svg\" height=\"1em\" viewBox=\"0 0 512 512\"><!--! Font Awesome Free 6.4.2 by @fontawesome - https:\/\/fontawesome.com License - https:\/\/fontawesome.com\/license (Commercial License) Copyright 2023 Fonticons, Inc. --><style>svg{fill:#ffffff}<\/style><path d=\"M389.2 48h70.6L305.6 224.2 487 464H345L233.7 318.6 106.5 464H35.8L200.7 275.5 26.8 48H172.4L272.9 180.9 389.2 48zM364.4 421.8h39.1L151.1 88h-42L364.4 421.8z\"\/><\/svg><\/span><span class=\"shariff-text\">tweeter<\/span>&nbsp;<\/a><\/li><li class=\"shariff-button facebook shariff-nocustomcolor\" style=\"background-color:#4273c8\"><a href=\"https:\/\/www.facebook.com\/sharer\/sharer.php?u=https%3A%2F%2Fwww.hair-lounge-meloneras.com%2Ffr%2Fextensions-de-cheveux%2F\" title=\"Partager sur Facebook\" aria-label=\"Partager sur Facebook\" role=\"button\" rel=\"noreferrernoopener nofollow\" class=\"shariff-link\" style=\"; background-color:#3b5998; color:#fff\" target=\"_blank\"><span class=\"shariff-icon\" style=\"\"><svg width=\"32px\" height=\"20px\" xmlns=\"http:\/\/www.w3.org\/2000\/svg\" viewBox=\"0 0 18 32\"><path fill=\"#3b5998\" d=\"M17.1 0.2v4.7h-2.8q-1.5 0-2.1 0.6t-0.5 1.9v3.4h5.2l-0.7 5.3h-4.5v13.6h-5.5v-13.6h-4.5v-5.3h4.5v-3.9q0-3.3 1.9-5.2t5-1.8q2.6 0 4.1 0.2z\"\/><\/svg><\/span><span class=\"shariff-text\">partager<\/span>&nbsp;<\/a><\/li><li class=\"shariff-button whatsapp shariff-nocustomcolor\" style=\"background-color:#5cbe4a\"><a href=\"https:\/\/api.whatsapp.com\/send?text=https%3A%2F%2Fwww.hair-lounge-meloneras.com%2Ffr%2Fextensions-de-cheveux%2F%20Extensions%20de%20cheveux\" title=\"Partager sur Whatsapp\" aria-label=\"Partager sur Whatsapp\" role=\"button\" rel=\"noreferrernoopener nofollow\" class=\"shariff-link\" style=\"; background-color:#34af23; color:#fff\" target=\"_blank\"><span class=\"shariff-icon\" style=\"\"><svg width=\"32px\" height=\"20px\" xmlns=\"http:\/\/www.w3.org\/2000\/svg\" viewBox=\"0 0 32 32\"><path fill=\"#34af23\" d=\"M17.6 17.4q0.2 0 1.7 0.8t1.6 0.9q0 0.1 0 0.3 0 0.6-0.3 1.4-0.3 0.7-1.3 1.2t-1.8 0.5q-1 0-3.4-1.1-1.7-0.8-3-2.1t-2.6-3.3q-1.3-1.9-1.3-3.5v-0.1q0.1-1.6 1.3-2.8 0.4-0.4 0.9-0.4 0.1 0 0.3 0t0.3 0q0.3 0 0.5 0.1t0.3 0.5q0.1 0.4 0.6 1.6t0.4 1.3q0 0.4-0.6 1t-0.6 0.8q0 0.1 0.1 0.3 0.6 1.3 1.8 2.4 1 0.9 2.7 1.8 0.2 0.1 0.4 0.1 0.3 0 1-0.9t0.9-0.9zM14 26.9q2.3 0 4.3-0.9t3.6-2.4 2.4-3.6 0.9-4.3-0.9-4.3-2.4-3.6-3.6-2.4-4.3-0.9-4.3 0.9-3.6 2.4-2.4 3.6-0.9 4.3q0 3.6 2.1 6.6l-1.4 4.2 4.3-1.4q2.8 1.9 6.2 1.9zM14 2.2q2.7 0 5.2 1.1t4.3 2.9 2.9 4.3 1.1 5.2-1.1 5.2-2.9 4.3-4.3 2.9-5.2 1.1q-3.5 0-6.5-1.7l-7.4 2.4 2.4-7.2q-1.9-3.2-1.9-6.9 0-2.7 1.1-5.2t2.9-4.3 4.3-2.9 5.2-1.1z\"\/><\/svg><\/span><span class=\"shariff-text\">partager<\/span>&nbsp;<\/a><\/li><li class=\"shariff-button printer shariff-nocustomcolor\" style=\"background-color:#a8a8a8\"><a href=\"javascript:window.print()\" title=\"imprimer\" aria-label=\"imprimer\" role=\"button\" rel=\"noreferrernoopener nofollow\" class=\"shariff-link\" style=\"; background-color:#999; color:#fff\"><span class=\"shariff-icon\" style=\"\"><svg width=\"32px\" height=\"20px\" xmlns=\"http:\/\/www.w3.org\/2000\/svg\" viewBox=\"0 0 30 32\"><path fill=\"#999\" d=\"M6.8 27.4h16v-4.6h-16v4.6zM6.8 16h16v-6.8h-2.8q-0.7 0-1.2-0.5t-0.5-1.2v-2.8h-11.4v11.4zM27.4 17.2q0-0.5-0.3-0.8t-0.8-0.4-0.8 0.4-0.3 0.8 0.3 0.8 0.8 0.3 0.8-0.3 0.3-0.8zM29.7 17.2v7.4q0 0.2-0.2 0.4t-0.4 0.2h-4v2.8q0 0.7-0.5 1.2t-1.2 0.5h-17.2q-0.7 0-1.2-0.5t-0.5-1.2v-2.8h-4q-0.2 0-0.4-0.2t-0.2-0.4v-7.4q0-1.4 1-2.4t2.4-1h1.2v-9.7q0-0.7 0.5-1.2t1.2-0.5h12q0.7 0 1.6 0.4t1.3 0.8l2.7 2.7q0.5 0.5 0.9 1.4t0.4 1.6v4.6h1.1q1.4 0 2.4 1t1 2.4z\"\/><\/svg><\/span><span class=\"shariff-text\">imprimer<\/span>&nbsp;<\/a><\/li><\/ul><\/div>","protected":false},"excerpt":{"rendered":"<p>LONGS CHEVEUX DE REVE Du volume au naturel, des effets modernes, toutes les longueurs possibles ou simplement de tr\u00e8s beaux cheveux longs. Gr\u00e2ce \u00e0 GREAT LENGHTS et ses excellents r\u00e9sultats vous allez \u00ab\u00a0briller\u00a0\u00bb. Des \u201cbondings\u201d invisibles appliqu\u00e9s gr\u00e2ce aux ultrasons. Une technique de haute qualit\u00e9&#8230;.<\/p>\n","protected":false},"author":2,"featured_media":0,"parent":0,"menu_order":4,"comment_status":"closed","ping_status":"closed","template":"","meta":{"footnotes":""},"class_list":["post-16421","page","type-page","status-publish","hentry"],"yoast_head":"<!-- This site is optimized with the Yoast SEO plugin v27.3 - https:\/\/yoast.com\/product\/yoast-seo-wordpress\/ -->\n<title>Extensions de cheveux - Beauty-Lounge-Maspalomas by Sandra Hohner<\/title>\n<meta name=\"description\" content=\"Hair Extensions von Great Lengths. Schonenden Ultraschallmethode. Gl\u00e4nzenden Farben f\u00fcr den perfekten Haarton. Friseursalon in Meloneras (Gran Canaria)\" \/>\n<meta name=\"robots\" content=\"index, follow, max-snippet:-1, max-image-preview:large, max-video-preview:-1\" \/>\n<link rel=\"canonical\" href=\"https:\/\/www.hair-lounge-meloneras.com\/fr\/extensions-de-cheveux\/\" \/>\n<meta property=\"og:locale\" content=\"fr_FR\" \/>\n<meta property=\"og:type\" content=\"article\" \/>\n<meta property=\"og:title\" content=\"Extensions de cheveux - Beauty-Lounge-Maspalomas by Sandra Hohner\" \/>\n<meta property=\"og:description\" content=\"Hair Extensions von Great Lengths. Schonenden Ultraschallmethode. Gl\u00e4nzenden Farben f\u00fcr den perfekten Haarton. Friseursalon in Meloneras (Gran Canaria)\" \/>\n<meta property=\"og:url\" content=\"https:\/\/www.hair-lounge-meloneras.com\/fr\/extensions-de-cheveux\/\" \/>\n<meta property=\"og:site_name\" content=\"Beauty-Lounge-Maspalomas by Sandra Hohner\" \/>\n<meta property=\"article:modified_time\" content=\"2017-09-20T07:53:36+00:00\" \/>\n<meta property=\"og:image\" content=\"https:\/\/www.hair-lounge-meloneras.com\/wp-content\/uploads\/2016\/10\/100prozentfair.gif\" \/>\n<meta name=\"twitter:card\" content=\"summary_large_image\" \/>\n<meta name=\"twitter:label1\" content=\"Dur\u00e9e de lecture estim\u00e9e\" \/>\n\t<meta name=\"twitter:data1\" content=\"1 minute\" \/>\n<script type=\"application\/ld+json\" class=\"yoast-schema-graph\">{\"@context\":\"https:\\\/\\\/schema.org\",\"@graph\":[{\"@type\":\"WebPage\",\"@id\":\"https:\\\/\\\/www.hair-lounge-meloneras.com\\\/fr\\\/extensions-de-cheveux\\\/\",\"url\":\"https:\\\/\\\/www.hair-lounge-meloneras.com\\\/fr\\\/extensions-de-cheveux\\\/\",\"name\":\"Extensions de cheveux - Beauty-Lounge-Maspalomas by Sandra Hohner\",\"isPartOf\":{\"@id\":\"https:\\\/\\\/www.hair-lounge-meloneras.com\\\/fr\\\/#website\"},\"primaryImageOfPage\":{\"@id\":\"https:\\\/\\\/www.hair-lounge-meloneras.com\\\/fr\\\/extensions-de-cheveux\\\/#primaryimage\"},\"image\":{\"@id\":\"https:\\\/\\\/www.hair-lounge-meloneras.com\\\/fr\\\/extensions-de-cheveux\\\/#primaryimage\"},\"thumbnailUrl\":\"https:\\\/\\\/www.hair-lounge-meloneras.com\\\/wp-content\\\/uploads\\\/2016\\\/10\\\/100prozentfair.gif\",\"datePublished\":\"2016-10-13T14:40:54+00:00\",\"dateModified\":\"2017-09-20T07:53:36+00:00\",\"description\":\"Hair Extensions von Great Lengths. Schonenden Ultraschallmethode. Gl\u00e4nzenden Farben f\u00fcr den perfekten Haarton. Friseursalon in Meloneras (Gran Canaria)\",\"breadcrumb\":{\"@id\":\"https:\\\/\\\/www.hair-lounge-meloneras.com\\\/fr\\\/extensions-de-cheveux\\\/#breadcrumb\"},\"inLanguage\":\"fr-FR\",\"potentialAction\":[{\"@type\":\"ReadAction\",\"target\":[\"https:\\\/\\\/www.hair-lounge-meloneras.com\\\/fr\\\/extensions-de-cheveux\\\/\"]}]},{\"@type\":\"ImageObject\",\"inLanguage\":\"fr-FR\",\"@id\":\"https:\\\/\\\/www.hair-lounge-meloneras.com\\\/fr\\\/extensions-de-cheveux\\\/#primaryimage\",\"url\":\"https:\\\/\\\/www.hair-lounge-meloneras.com\\\/wp-content\\\/uploads\\\/2016\\\/10\\\/100prozentfair.gif\",\"contentUrl\":\"https:\\\/\\\/www.hair-lounge-meloneras.com\\\/wp-content\\\/uploads\\\/2016\\\/10\\\/100prozentfair.gif\"},{\"@type\":\"BreadcrumbList\",\"@id\":\"https:\\\/\\\/www.hair-lounge-meloneras.com\\\/fr\\\/extensions-de-cheveux\\\/#breadcrumb\",\"itemListElement\":[{\"@type\":\"ListItem\",\"position\":1,\"name\":\"Home\",\"item\":\"https:\\\/\\\/www.hair-lounge-meloneras.com\\\/fr\\\/\"},{\"@type\":\"ListItem\",\"position\":2,\"name\":\"Extensions de cheveux\"}]},{\"@type\":\"WebSite\",\"@id\":\"https:\\\/\\\/www.hair-lounge-meloneras.com\\\/fr\\\/#website\",\"url\":\"https:\\\/\\\/www.hair-lounge-meloneras.com\\\/fr\\\/\",\"name\":\"Beauty-Lounge-Maspalomas by Sandra Hohner\",\"description\":\"YOUR BEAUTY IS OUR MISSION\",\"potentialAction\":[{\"@type\":\"SearchAction\",\"target\":{\"@type\":\"EntryPoint\",\"urlTemplate\":\"https:\\\/\\\/www.hair-lounge-meloneras.com\\\/fr\\\/?s={search_term_string}\"},\"query-input\":{\"@type\":\"PropertyValueSpecification\",\"valueRequired\":true,\"valueName\":\"search_term_string\"}}],\"inLanguage\":\"fr-FR\"}]}<\/script>\n<!-- \/ Yoast SEO plugin. -->","yoast_head_json":{"title":"Extensions de cheveux - Beauty-Lounge-Maspalomas by Sandra Hohner","description":"Hair Extensions von Great Lengths. Schonenden Ultraschallmethode. Gl\u00e4nzenden Farben f\u00fcr den perfekten Haarton. Friseursalon in Meloneras (Gran Canaria)","robots":{"index":"index","follow":"follow","max-snippet":"max-snippet:-1","max-image-preview":"max-image-preview:large","max-video-preview":"max-video-preview:-1"},"canonical":"https:\/\/www.hair-lounge-meloneras.com\/fr\/extensions-de-cheveux\/","og_locale":"fr_FR","og_type":"article","og_title":"Extensions de cheveux - Beauty-Lounge-Maspalomas by Sandra Hohner","og_description":"Hair Extensions von Great Lengths. Schonenden Ultraschallmethode. Gl\u00e4nzenden Farben f\u00fcr den perfekten Haarton. Friseursalon in Meloneras (Gran Canaria)","og_url":"https:\/\/www.hair-lounge-meloneras.com\/fr\/extensions-de-cheveux\/","og_site_name":"Beauty-Lounge-Maspalomas by Sandra Hohner","article_modified_time":"2017-09-20T07:53:36+00:00","og_image":[{"url":"https:\/\/www.hair-lounge-meloneras.com\/wp-content\/uploads\/2016\/10\/100prozentfair.gif","type":"","width":"","height":""}],"twitter_card":"summary_large_image","twitter_misc":{"Dur\u00e9e de lecture estim\u00e9e":"1 minute"},"schema":{"@context":"https:\/\/schema.org","@graph":[{"@type":"WebPage","@id":"https:\/\/www.hair-lounge-meloneras.com\/fr\/extensions-de-cheveux\/","url":"https:\/\/www.hair-lounge-meloneras.com\/fr\/extensions-de-cheveux\/","name":"Extensions de cheveux - Beauty-Lounge-Maspalomas by Sandra Hohner","isPartOf":{"@id":"https:\/\/www.hair-lounge-meloneras.com\/fr\/#website"},"primaryImageOfPage":{"@id":"https:\/\/www.hair-lounge-meloneras.com\/fr\/extensions-de-cheveux\/#primaryimage"},"image":{"@id":"https:\/\/www.hair-lounge-meloneras.com\/fr\/extensions-de-cheveux\/#primaryimage"},"thumbnailUrl":"https:\/\/www.hair-lounge-meloneras.com\/wp-content\/uploads\/2016\/10\/100prozentfair.gif","datePublished":"2016-10-13T14:40:54+00:00","dateModified":"2017-09-20T07:53:36+00:00","description":"Hair Extensions von Great Lengths. Schonenden Ultraschallmethode. Gl\u00e4nzenden Farben f\u00fcr den perfekten Haarton. Friseursalon in Meloneras (Gran Canaria)","breadcrumb":{"@id":"https:\/\/www.hair-lounge-meloneras.com\/fr\/extensions-de-cheveux\/#breadcrumb"},"inLanguage":"fr-FR","potentialAction":[{"@type":"ReadAction","target":["https:\/\/www.hair-lounge-meloneras.com\/fr\/extensions-de-cheveux\/"]}]},{"@type":"ImageObject","inLanguage":"fr-FR","@id":"https:\/\/www.hair-lounge-meloneras.com\/fr\/extensions-de-cheveux\/#primaryimage","url":"https:\/\/www.hair-lounge-meloneras.com\/wp-content\/uploads\/2016\/10\/100prozentfair.gif","contentUrl":"https:\/\/www.hair-lounge-meloneras.com\/wp-content\/uploads\/2016\/10\/100prozentfair.gif"},{"@type":"BreadcrumbList","@id":"https:\/\/www.hair-lounge-meloneras.com\/fr\/extensions-de-cheveux\/#breadcrumb","itemListElement":[{"@type":"ListItem","position":1,"name":"Home","item":"https:\/\/www.hair-lounge-meloneras.com\/fr\/"},{"@type":"ListItem","position":2,"name":"Extensions de cheveux"}]},{"@type":"WebSite","@id":"https:\/\/www.hair-lounge-meloneras.com\/fr\/#website","url":"https:\/\/www.hair-lounge-meloneras.com\/fr\/","name":"Beauty-Lounge-Maspalomas by Sandra Hohner","description":"YOUR BEAUTY IS OUR MISSION","potentialAction":[{"@type":"SearchAction","target":{"@type":"EntryPoint","urlTemplate":"https:\/\/www.hair-lounge-meloneras.com\/fr\/?s={search_term_string}"},"query-input":{"@type":"PropertyValueSpecification","valueRequired":true,"valueName":"search_term_string"}}],"inLanguage":"fr-FR"}]}},"_links":{"self":[{"href":"https:\/\/www.hair-lounge-meloneras.com\/fr\/wp-json\/wp\/v2\/pages\/16421","targetHints":{"allow":["GET"]}}],"collection":[{"href":"https:\/\/www.hair-lounge-meloneras.com\/fr\/wp-json\/wp\/v2\/pages"}],"about":[{"href":"https:\/\/www.hair-lounge-meloneras.com\/fr\/wp-json\/wp\/v2\/types\/page"}],"author":[{"embeddable":true,"href":"https:\/\/www.hair-lounge-meloneras.com\/fr\/wp-json\/wp\/v2\/users\/2"}],"replies":[{"embeddable":true,"href":"https:\/\/www.hair-lounge-meloneras.com\/fr\/wp-json\/wp\/v2\/comments?post=16421"}],"version-history":[{"count":3,"href":"https:\/\/www.hair-lounge-meloneras.com\/fr\/wp-json\/wp\/v2\/pages\/16421\/revisions"}],"predecessor-version":[{"id":16440,"href":"https:\/\/www.hair-lounge-meloneras.com\/fr\/wp-json\/wp\/v2\/pages\/16421\/revisions\/16440"}],"wp:attachment":[{"href":"https:\/\/www.hair-lounge-meloneras.com\/fr\/wp-json\/wp\/v2\/media?parent=16421"}],"curies":[{"name":"wp","href":"https:\/\/api.w.org\/{rel}","templated":true}]}}