{"id":16426,"date":"2015-05-20T14:24:45","date_gmt":"2015-05-20T12:24:45","guid":{"rendered":"https:\/\/www.hair-lounge-meloneras.com\/ueber-uns\/"},"modified":"2022-01-08T12:52:03","modified_gmt":"2022-01-08T11:52:03","slug":"sur-nous","status":"publish","type":"page","link":"https:\/\/www.hair-lounge-meloneras.com\/fr\/sur-nous\/","title":{"rendered":"Sur nous"},"content":{"rendered":"<div class=\"wpb-content-wrapper\"><p>[vc_row css_animation=\u00a0\u00bb\u00a0\u00bb row_type=\u00a0\u00bbrow\u00a0\u00bb use_row_as_full_screen_section=\u00a0\u00bbno\u00a0\u00bb type=\u00a0\u00bbgrid\u00a0\u00bb angled_section=\u00a0\u00bbno\u00a0\u00bb text_align=\u00a0\u00bbleft\u00a0\u00bb background_image_as_pattern=\u00a0\u00bbwithout_pattern\u00a0\u00bb padding_top=\u00a0\u00bb0&Prime; padding_bottom=\u00a0\u00bb0&Prime; css=\u00a0\u00bb.vc_custom_1476264148724{margin-top: 70px !important;margin-bottom: 70px !important;}\u00a0\u00bb][vc_column width=\u00a0\u00bb2\/3&Prime; css=\u00a0\u00bb.vc_custom_1476264160335{margin-top: 20px !important;margin-bottom: 20px !important;}\u00a0\u00bb]<div class='qode_image_gallery_no_space light highlight_active'>\n            <div class='qode_image_gallery_holder' style='height: 500px;'>\n                <ul ><li >\n                    <div style=\"height: 500px; width:852px;\"><img decoding=\"async\" itemprop=\"image\" src=\"https:\/\/www.hair-lounge-meloneras.com\/wp-content\/uploads\/2015\/05\/Hair-Lounge01.png\" alt=\"\" \/><\/div><\/li><li >\n                    <div style=\"height: 500px; width:852px;\"><img decoding=\"async\" itemprop=\"image\" src=\"https:\/\/www.hair-lounge-meloneras.com\/wp-content\/uploads\/2015\/05\/Hair-Lounge02.png\" alt=\"\" \/><\/div><\/li><li >\n                    <div style=\"height: 500px; width:852px;\"><img decoding=\"async\" itemprop=\"image\" src=\"https:\/\/www.hair-lounge-meloneras.com\/wp-content\/uploads\/2015\/05\/Hair-Lounge03.png\" alt=\"\" \/><\/div><\/li><li >\n                    <div style=\"height: 500px; width:852px;\"><img decoding=\"async\" itemprop=\"image\" src=\"https:\/\/www.hair-lounge-meloneras.com\/wp-content\/uploads\/2015\/05\/Hair-Lounge04.png\" alt=\"\" \/><\/div><\/li><li >\n                    <div style=\"height: 500px; width:852px;\"><img decoding=\"async\" itemprop=\"image\" src=\"https:\/\/www.hair-lounge-meloneras.com\/wp-content\/uploads\/2015\/05\/Hair-Lounge05.png\" alt=\"\" \/><\/div><\/li><li >\n                    <div style=\"height: 500px; width:852px;\"><img decoding=\"async\" itemprop=\"image\" src=\"https:\/\/www.hair-lounge-meloneras.com\/wp-content\/uploads\/2015\/05\/Hair-Lounge06.png\" alt=\"\" \/><\/div><\/li><li >\n                    <div style=\"height: 500px; width:852px;\"><img decoding=\"async\" itemprop=\"image\" src=\"https:\/\/www.hair-lounge-meloneras.com\/wp-content\/uploads\/2015\/05\/Hair-Lounge07.png\" alt=\"\" \/><\/div><\/li><li >\n                    <div style=\"height: 500px; width:852px;\"><img decoding=\"async\" itemprop=\"image\" src=\"https:\/\/www.hair-lounge-meloneras.com\/wp-content\/uploads\/2015\/05\/Hair-Lounge08.png\" alt=\"\" \/><\/div><\/li><li >\n                    <div style=\"height: 500px; width:852px;\"><img decoding=\"async\" itemprop=\"image\" src=\"https:\/\/www.hair-lounge-meloneras.com\/wp-content\/uploads\/2015\/05\/Hair-Lounge09.png\" alt=\"\" \/><\/div><\/li><\/ul>\n          <\/div>\n          <div class='controls'>\n              <a class='prev-slide' href='#'><span><i class='fa fa-angle-left'><\/i><\/span><\/a>\n              <a class='next-slide' href='#'><span><i class='fa fa-angle-right'><\/i><\/span><\/a>\n          <\/div>\n      <\/div>[\/vc_column][vc_column width=\u00a0\u00bb1\/3&Prime;][vc_separator type=\u00a0\u00bbtransparent\u00a0\u00bb up=\u00a0\u00bb30&Prime; down=\u00a0\u00bb0&Prime;][vc_column_text]<span style=\"font-size: 130%;\"><strong>HAIR\u00a0LOUNGE\u00a0MELONERAS<\/strong><\/span>[\/vc_column_text][vc_separator type=\u00a0\u00bbtransparent\u00a0\u00bb up=\u00a0\u00bb24&Prime;][vc_column_text]Laissez-vous porter au Hair Lounge Meloneras! Que vous soyez touriste, r\u00e9sident ou <strong>canario<\/strong> &#8211; venez et nous vous dirons tout ce que vous devez savoir sur les derni\u00e8res tendances du monde de la coiffure. Prenez place, relaxez-vous et laissez-vous faire par nos experts tout en profitant d\u2019une magnifique vue sur la mer.[\/vc_column_text][vc_separator type=\u00a0\u00bbtransparent\u00a0\u00bb up=\u00a0\u00bb24&Prime; down=\u00a0\u00bb24&Prime;][vc_column_text]<strong><span style=\"color: #b8525b;\">PLUS D\u2019INFO SUR <\/span><\/strong><br \/>\n<strong><span style=\"color: #b8525b;\">SANDRA HOHNER ET SON EQUIPE<\/span><\/strong>[\/vc_column_text]<span data-type=\"normal\"  class=\"qode_icon_shortcode  q_font_awsome_icon fa-4x  q_icon_animation\" style=\" \"><i class=\"qode_icon_font_awesome fa fa-arrow-down qode_icon_element\" style=\"\" ><\/i><\/span>[\/vc_column][\/vc_row][vc_row css_animation=\u00a0\u00bb\u00a0\u00bb row_type=\u00a0\u00bbrow\u00a0\u00bb use_row_as_full_screen_section=\u00a0\u00bbno\u00a0\u00bb type=\u00a0\u00bbgrid\u00a0\u00bb angled_section=\u00a0\u00bbyes\u00a0\u00bb angled_section_position=\u00a0\u00bbtop\u00a0\u00bb angled_section_direction=\u00a0\u00bbfrom_right_to_left\u00a0\u00bb text_align=\u00a0\u00bbleft\u00a0\u00bb background_image_as_pattern=\u00a0\u00bbwithout_pattern\u00a0\u00bb background_color=\u00a0\u00bb#f9f9f9&Prime; padding_top=\u00a0\u00bb20&Prime;][vc_column width=\u00a0\u00bb1\/2&Prime;][vc_separator type=\u00a0\u00bbtransparent\u00a0\u00bb up=\u00a0\u00bb184&Prime; down=\u00a0\u00bb0&Prime;][vc_column_text]<\/p>\n<h3>Sandra Hohner<\/h3>\n<p><em>Coiffeuse diplom\u00e9e- Master\u2019s degree<\/em>[\/vc_column_text][vc_separator type=\u00a0\u00bbtransparent\u00a0\u00bb up=\u00a0\u00bb27&Prime; down=\u00a0\u00bb0&Prime;][vc_column_text]<\/p>\n<p style=\"text-align: justify;\">En 1999, Sandra Hohner, d\u2019origine allemande, a re\u00e7u son dipl\u00f4me (master\u2019s degree) de coiffure \u00e0 Munich, Bavi\u00e8re. Fin 2002, Sandra a quitt\u00e9 l\u2019Allemagne afin de commencer une nouvelle vie \u00e0 Grande Canarie. D\u00e8s lors, elle dirige avec succ\u00e8s son propre salon de coiffure. Gr\u00e2ce \u00e0 son talent, votre look obsol\u00e8te vous quittera pour laisser place \u00e0 une coupe ultra moderne.<\/p>\n<hr \/>\n<p><em>\u00ab\u00a0La mission d\u2019une bonne coiffeuse est de mettre la beaut\u00e9 de la personne en avant et de la rendre visible aux yeux de son entourage.\u00a0\u00bb <\/em>&#8211; Sandra[\/vc_column_text][vc_separator type=\u00a0\u00bbtransparent\u00a0\u00bb up=\u00a0\u00bb24&Prime; down=\u00a0\u00bb0&Prime;]<span class='q_social_icon_holder normal_social' data-color=#8d8d8d data-hover-color=#c15660><a itemprop='url' href='mailto:info@hair-lounge-meloneras.com' target='_blank'><i class=\"qode_icon_font_awesome fa fa-envelope  simple_social\" style=\"color: #8d8d8d;margin: 0 4px 0 0;font-size: 22px;\" ><\/i><\/a><\/span><span class='q_social_icon_holder normal_social' data-color=#8d8d8d data-hover-color=#c15660><a itemprop='url' href='https:\/\/www.facebook.com\/HairstudioMaspalomas' target='_blank'><i class=\"qode_icon_font_awesome fa fa-facebook  simple_social\" style=\"color: #8d8d8d;margin: 0 4px 0 0;font-size: 22px;\" ><\/i><\/a><\/span>[\/vc_column][vc_column width=\u00a0\u00bb1\/2&Prime;][vc_single_image image=\u00a0\u00bb16013&Prime; img_size=\u00a0\u00bbfull\u00a0\u00bb qode_css_animation=\u00a0\u00bb\u00a0\u00bb][\/vc_column][\/vc_row][vc_row css_animation=\u00a0\u00bb\u00a0\u00bb row_type=\u00a0\u00bbrow\u00a0\u00bb use_row_as_full_screen_section=\u00a0\u00bbno\u00a0\u00bb type=\u00a0\u00bbgrid\u00a0\u00bb angled_section=\u00a0\u00bbyes\u00a0\u00bb angled_section_position=\u00a0\u00bbboth\u00a0\u00bb angled_section_direction=\u00a0\u00bbfrom_right_to_left\u00a0\u00bb text_align=\u00a0\u00bbleft\u00a0\u00bb background_image_as_pattern=\u00a0\u00bbwithout_pattern\u00a0\u00bb background_color=\u00a0\u00bb#ffffff\u00a0\u00bb padding_top=\u00a0\u00bb80&Prime; padding_bottom=\u00a0\u00bb0&Prime;][vc_column width=\u00a0\u00bb1\/2&Prime;][vc_single_image image=\u00a0\u00bb16602&Prime; img_size=\u00a0\u00bbfull\u00a0\u00bb qode_css_animation=\u00a0\u00bb\u00a0\u00bb][\/vc_column][vc_column width=\u00a0\u00bb1\/2&Prime;][vc_separator type=\u00a0\u00bbtransparent\u00a0\u00bb up=\u00a0\u00bb40&Prime;][vc_column_text]<\/p>\n<h3>Richard Rodriguez<\/h3>\n<p><em>Coiffeur &amp; Maquilleur<\/em>[\/vc_column_text][vc_separator type=\u00a0\u00bbtransparent\u00a0\u00bb up=\u00a0\u00bb40&Prime;][vc_column_text]Richard Rodriguez a \u00e9tudi\u00e9 le m\u00e9tier de coiffeur en 1992 dans une prestigieuse acad\u00e9mie italienne au Venezuela.<br \/>\nAujourd&rsquo;hui encore, il suit de nombreux s\u00e9minaires et formations dans le secteur de la beaut\u00e9 et compte parmi les coiffeurs les plus r\u00e9put\u00e9s de Gran Canaria.<br \/>\nIl est un v\u00e9ritable expert des crini\u00e8res longues et des coupes de cheveux masculines \u00e0 la mode.<br \/>\nLes techniques de coloration et de m\u00e8ches les plus modernes ainsi que les maquillages exclusifs pour toutes les occasions ne manquent pas dans son assortiment.<br \/>\nSa plus grande r\u00e9ussite est de voir ses clients sortir du magasin heureux.<br \/>\nIl a fait de sa vocation son m\u00e9tier.<\/p>\n<p>[\/vc_column_text][vc_separator type=\u00a0\u00bbtransparent\u00a0\u00bb up=\u00a0\u00bb40&Prime;][\/vc_column][\/vc_row]<\/p>\n<div class=\"shariff\"><ul class=\"shariff-buttons theme-default orientation-horizontal buttonsize-medium\"><li class=\"shariff-button twitter shariff-nocustomcolor\" style=\"background-color:#1e3050\"><a href=\"https:\/\/twitter.com\/share?url=https%3A%2F%2Fwww.hair-lounge-meloneras.com%2Ffr%2Fsur-nous%2F&text=Sur%20nous\" title=\"Partager sur X (Twitter)\" aria-label=\"Partager sur X (Twitter)\" role=\"button\" rel=\"noreferrernoopener nofollow\" class=\"shariff-link\" style=\"; background-color:#000000; color:#fff\" target=\"_blank\"><span class=\"shariff-icon\" style=\"\"><svg xmlns=\"http:\/\/www.w3.org\/2000\/svg\" height=\"1em\" viewBox=\"0 0 512 512\"><!--! Font Awesome Free 6.4.2 by @fontawesome - https:\/\/fontawesome.com License - https:\/\/fontawesome.com\/license (Commercial License) Copyright 2023 Fonticons, Inc. --><style>svg{fill:#ffffff}<\/style><path d=\"M389.2 48h70.6L305.6 224.2 487 464H345L233.7 318.6 106.5 464H35.8L200.7 275.5 26.8 48H172.4L272.9 180.9 389.2 48zM364.4 421.8h39.1L151.1 88h-42L364.4 421.8z\"\/><\/svg><\/span><span class=\"shariff-text\">tweeter<\/span>&nbsp;<\/a><\/li><li class=\"shariff-button facebook shariff-nocustomcolor\" style=\"background-color:#4273c8\"><a href=\"https:\/\/www.facebook.com\/sharer\/sharer.php?u=https%3A%2F%2Fwww.hair-lounge-meloneras.com%2Ffr%2Fsur-nous%2F\" title=\"Partager sur Facebook\" aria-label=\"Partager sur Facebook\" role=\"button\" rel=\"noreferrernoopener nofollow\" class=\"shariff-link\" style=\"; background-color:#3b5998; color:#fff\" target=\"_blank\"><span class=\"shariff-icon\" style=\"\"><svg width=\"32px\" height=\"20px\" xmlns=\"http:\/\/www.w3.org\/2000\/svg\" viewBox=\"0 0 18 32\"><path fill=\"#3b5998\" d=\"M17.1 0.2v4.7h-2.8q-1.5 0-2.1 0.6t-0.5 1.9v3.4h5.2l-0.7 5.3h-4.5v13.6h-5.5v-13.6h-4.5v-5.3h4.5v-3.9q0-3.3 1.9-5.2t5-1.8q2.6 0 4.1 0.2z\"\/><\/svg><\/span><span class=\"shariff-text\">partager<\/span>&nbsp;<\/a><\/li><li class=\"shariff-button whatsapp shariff-nocustomcolor\" style=\"background-color:#5cbe4a\"><a href=\"https:\/\/api.whatsapp.com\/send?text=https%3A%2F%2Fwww.hair-lounge-meloneras.com%2Ffr%2Fsur-nous%2F%20Sur%20nous\" title=\"Partager sur Whatsapp\" aria-label=\"Partager sur Whatsapp\" role=\"button\" rel=\"noreferrernoopener nofollow\" class=\"shariff-link\" style=\"; background-color:#34af23; color:#fff\" target=\"_blank\"><span class=\"shariff-icon\" style=\"\"><svg width=\"32px\" height=\"20px\" xmlns=\"http:\/\/www.w3.org\/2000\/svg\" viewBox=\"0 0 32 32\"><path fill=\"#34af23\" d=\"M17.6 17.4q0.2 0 1.7 0.8t1.6 0.9q0 0.1 0 0.3 0 0.6-0.3 1.4-0.3 0.7-1.3 1.2t-1.8 0.5q-1 0-3.4-1.1-1.7-0.8-3-2.1t-2.6-3.3q-1.3-1.9-1.3-3.5v-0.1q0.1-1.6 1.3-2.8 0.4-0.4 0.9-0.4 0.1 0 0.3 0t0.3 0q0.3 0 0.5 0.1t0.3 0.5q0.1 0.4 0.6 1.6t0.4 1.3q0 0.4-0.6 1t-0.6 0.8q0 0.1 0.1 0.3 0.6 1.3 1.8 2.4 1 0.9 2.7 1.8 0.2 0.1 0.4 0.1 0.3 0 1-0.9t0.9-0.9zM14 26.9q2.3 0 4.3-0.9t3.6-2.4 2.4-3.6 0.9-4.3-0.9-4.3-2.4-3.6-3.6-2.4-4.3-0.9-4.3 0.9-3.6 2.4-2.4 3.6-0.9 4.3q0 3.6 2.1 6.6l-1.4 4.2 4.3-1.4q2.8 1.9 6.2 1.9zM14 2.2q2.7 0 5.2 1.1t4.3 2.9 2.9 4.3 1.1 5.2-1.1 5.2-2.9 4.3-4.3 2.9-5.2 1.1q-3.5 0-6.5-1.7l-7.4 2.4 2.4-7.2q-1.9-3.2-1.9-6.9 0-2.7 1.1-5.2t2.9-4.3 4.3-2.9 5.2-1.1z\"\/><\/svg><\/span><span class=\"shariff-text\">partager<\/span>&nbsp;<\/a><\/li><li class=\"shariff-button printer shariff-nocustomcolor\" style=\"background-color:#a8a8a8\"><a href=\"javascript:window.print()\" title=\"imprimer\" aria-label=\"imprimer\" role=\"button\" rel=\"noreferrernoopener nofollow\" class=\"shariff-link\" style=\"; background-color:#999; color:#fff\"><span class=\"shariff-icon\" style=\"\"><svg width=\"32px\" height=\"20px\" xmlns=\"http:\/\/www.w3.org\/2000\/svg\" viewBox=\"0 0 30 32\"><path fill=\"#999\" d=\"M6.8 27.4h16v-4.6h-16v4.6zM6.8 16h16v-6.8h-2.8q-0.7 0-1.2-0.5t-0.5-1.2v-2.8h-11.4v11.4zM27.4 17.2q0-0.5-0.3-0.8t-0.8-0.4-0.8 0.4-0.3 0.8 0.3 0.8 0.8 0.3 0.8-0.3 0.3-0.8zM29.7 17.2v7.4q0 0.2-0.2 0.4t-0.4 0.2h-4v2.8q0 0.7-0.5 1.2t-1.2 0.5h-17.2q-0.7 0-1.2-0.5t-0.5-1.2v-2.8h-4q-0.2 0-0.4-0.2t-0.2-0.4v-7.4q0-1.4 1-2.4t2.4-1h1.2v-9.7q0-0.7 0.5-1.2t1.2-0.5h12q0.7 0 1.6 0.4t1.3 0.8l2.7 2.7q0.5 0.5 0.9 1.4t0.4 1.6v4.6h1.1q1.4 0 2.4 1t1 2.4z\"\/><\/svg><\/span><span class=\"shariff-text\">imprimer<\/span>&nbsp;<\/a><\/li><\/ul><\/div><\/div>","protected":false},"excerpt":{"rendered":"<p>[vc_row css_animation=\u00a0\u00bb\u00a0\u00bb row_type=\u00a0\u00bbrow\u00a0\u00bb use_row_as_full_screen_section=\u00a0\u00bbno\u00a0\u00bb type=\u00a0\u00bbgrid\u00a0\u00bb angled_section=\u00a0\u00bbno\u00a0\u00bb text_align=\u00a0\u00bbleft\u00a0\u00bb background_image_as_pattern=\u00a0\u00bbwithout_pattern\u00a0\u00bb padding_top=\u00a0\u00bb0&Prime; padding_bottom=\u00a0\u00bb0&Prime; css=\u00a0\u00bb.vc_custom_1476264148724{margin-top: 70px !important;margin-bottom: 70px !important;}\u00a0\u00bb][vc_column width=\u00a0\u00bb2\/3&Prime; css=\u00a0\u00bb.vc_custom_1476264160335{margin-top: 20px !important;margin-bottom: 20px !important;}\u00a0\u00bb][\/vc_column][vc_column width=\u00a0\u00bb1\/3&Prime;][vc_separator type=\u00a0\u00bbtransparent\u00a0\u00bb up=\u00a0\u00bb30&Prime; down=\u00a0\u00bb0&Prime;][vc_column_text]HAIR\u00a0LOUNGE\u00a0MELONERAS[\/vc_column_text][vc_separator type=\u00a0\u00bbtransparent\u00a0\u00bb up=\u00a0\u00bb24&Prime;][vc_column_text]Laissez-vous porter au Hair Lounge Meloneras! Que vous soyez touriste, r\u00e9sident ou canario &#8211; venez et nous vous dirons&#8230;<\/p>\n","protected":false},"author":2,"featured_media":0,"parent":0,"menu_order":1,"comment_status":"open","ping_status":"closed","template":"full_width.php","meta":{"footnotes":""},"class_list":["post-16426","page","type-page","status-publish","hentry"],"yoast_head":"<!-- This site is optimized with the Yoast SEO plugin v27.4 - https:\/\/yoast.com\/product\/yoast-seo-wordpress\/ -->\n<title>Sur nous - Beauty-Lounge-Maspalomas by Sandra Hohner<\/title>\n<meta name=\"description\" content=\"Sandra Hohner, deutsche Friseurmeisterin und zertifizierte Meisterin und ihr Team heissen Sie auf Gran Canaria willkommen in der Hair-Lounge-Meloneras.\" \/>\n<meta name=\"robots\" content=\"index, follow, max-snippet:-1, max-image-preview:large, max-video-preview:-1\" \/>\n<link rel=\"canonical\" href=\"https:\/\/www.hair-lounge-meloneras.com\/fr\/sur-nous\/\" \/>\n<meta property=\"og:locale\" content=\"fr_FR\" \/>\n<meta property=\"og:type\" content=\"article\" \/>\n<meta property=\"og:title\" content=\"Sur nous - Beauty-Lounge-Maspalomas by Sandra Hohner\" \/>\n<meta property=\"og:description\" content=\"Sandra Hohner, deutsche Friseurmeisterin und zertifizierte Meisterin und ihr Team heissen Sie auf Gran Canaria willkommen in der Hair-Lounge-Meloneras.\" \/>\n<meta property=\"og:url\" content=\"https:\/\/www.hair-lounge-meloneras.com\/fr\/sur-nous\/\" \/>\n<meta property=\"og:site_name\" content=\"Beauty-Lounge-Maspalomas by Sandra Hohner\" \/>\n<meta property=\"article:modified_time\" content=\"2022-01-08T11:52:03+00:00\" \/>\n<meta name=\"twitter:card\" content=\"summary_large_image\" \/>\n<meta name=\"twitter:label1\" content=\"Dur\u00e9e de lecture estim\u00e9e\" \/>\n\t<meta name=\"twitter:data1\" content=\"2 minutes\" \/>\n<script type=\"application\/ld+json\" class=\"yoast-schema-graph\">{\"@context\":\"https:\\\/\\\/schema.org\",\"@graph\":[{\"@type\":\"WebPage\",\"@id\":\"https:\\\/\\\/www.hair-lounge-meloneras.com\\\/fr\\\/sur-nous\\\/\",\"url\":\"https:\\\/\\\/www.hair-lounge-meloneras.com\\\/fr\\\/sur-nous\\\/\",\"name\":\"Sur nous - Beauty-Lounge-Maspalomas by Sandra Hohner\",\"isPartOf\":{\"@id\":\"https:\\\/\\\/www.hair-lounge-meloneras.com\\\/fr\\\/#website\"},\"datePublished\":\"2015-05-20T12:24:45+00:00\",\"dateModified\":\"2022-01-08T11:52:03+00:00\",\"description\":\"Sandra Hohner, deutsche Friseurmeisterin und zertifizierte Meisterin und ihr Team heissen Sie auf Gran Canaria willkommen in der Hair-Lounge-Meloneras.\",\"breadcrumb\":{\"@id\":\"https:\\\/\\\/www.hair-lounge-meloneras.com\\\/fr\\\/sur-nous\\\/#breadcrumb\"},\"inLanguage\":\"fr-FR\",\"potentialAction\":[{\"@type\":\"ReadAction\",\"target\":[\"https:\\\/\\\/www.hair-lounge-meloneras.com\\\/fr\\\/sur-nous\\\/\"]}]},{\"@type\":\"BreadcrumbList\",\"@id\":\"https:\\\/\\\/www.hair-lounge-meloneras.com\\\/fr\\\/sur-nous\\\/#breadcrumb\",\"itemListElement\":[{\"@type\":\"ListItem\",\"position\":1,\"name\":\"Home\",\"item\":\"https:\\\/\\\/www.hair-lounge-meloneras.com\\\/fr\\\/\"},{\"@type\":\"ListItem\",\"position\":2,\"name\":\"Sur nous\"}]},{\"@type\":\"WebSite\",\"@id\":\"https:\\\/\\\/www.hair-lounge-meloneras.com\\\/fr\\\/#website\",\"url\":\"https:\\\/\\\/www.hair-lounge-meloneras.com\\\/fr\\\/\",\"name\":\"Beauty-Lounge-Maspalomas by Sandra Hohner\",\"description\":\"YOUR BEAUTY IS OUR MISSION\",\"potentialAction\":[{\"@type\":\"SearchAction\",\"target\":{\"@type\":\"EntryPoint\",\"urlTemplate\":\"https:\\\/\\\/www.hair-lounge-meloneras.com\\\/fr\\\/?s={search_term_string}\"},\"query-input\":{\"@type\":\"PropertyValueSpecification\",\"valueRequired\":true,\"valueName\":\"search_term_string\"}}],\"inLanguage\":\"fr-FR\"}]}<\/script>\n<!-- \/ Yoast SEO plugin. -->","yoast_head_json":{"title":"Sur nous - Beauty-Lounge-Maspalomas by Sandra Hohner","description":"Sandra Hohner, deutsche Friseurmeisterin und zertifizierte Meisterin und ihr Team heissen Sie auf Gran Canaria willkommen in der Hair-Lounge-Meloneras.","robots":{"index":"index","follow":"follow","max-snippet":"max-snippet:-1","max-image-preview":"max-image-preview:large","max-video-preview":"max-video-preview:-1"},"canonical":"https:\/\/www.hair-lounge-meloneras.com\/fr\/sur-nous\/","og_locale":"fr_FR","og_type":"article","og_title":"Sur nous - Beauty-Lounge-Maspalomas by Sandra Hohner","og_description":"Sandra Hohner, deutsche Friseurmeisterin und zertifizierte Meisterin und ihr Team heissen Sie auf Gran Canaria willkommen in der Hair-Lounge-Meloneras.","og_url":"https:\/\/www.hair-lounge-meloneras.com\/fr\/sur-nous\/","og_site_name":"Beauty-Lounge-Maspalomas by Sandra Hohner","article_modified_time":"2022-01-08T11:52:03+00:00","twitter_card":"summary_large_image","twitter_misc":{"Dur\u00e9e de lecture estim\u00e9e":"2 minutes"},"schema":{"@context":"https:\/\/schema.org","@graph":[{"@type":"WebPage","@id":"https:\/\/www.hair-lounge-meloneras.com\/fr\/sur-nous\/","url":"https:\/\/www.hair-lounge-meloneras.com\/fr\/sur-nous\/","name":"Sur nous - Beauty-Lounge-Maspalomas by Sandra Hohner","isPartOf":{"@id":"https:\/\/www.hair-lounge-meloneras.com\/fr\/#website"},"datePublished":"2015-05-20T12:24:45+00:00","dateModified":"2022-01-08T11:52:03+00:00","description":"Sandra Hohner, deutsche Friseurmeisterin und zertifizierte Meisterin und ihr Team heissen Sie auf Gran Canaria willkommen in der Hair-Lounge-Meloneras.","breadcrumb":{"@id":"https:\/\/www.hair-lounge-meloneras.com\/fr\/sur-nous\/#breadcrumb"},"inLanguage":"fr-FR","potentialAction":[{"@type":"ReadAction","target":["https:\/\/www.hair-lounge-meloneras.com\/fr\/sur-nous\/"]}]},{"@type":"BreadcrumbList","@id":"https:\/\/www.hair-lounge-meloneras.com\/fr\/sur-nous\/#breadcrumb","itemListElement":[{"@type":"ListItem","position":1,"name":"Home","item":"https:\/\/www.hair-lounge-meloneras.com\/fr\/"},{"@type":"ListItem","position":2,"name":"Sur nous"}]},{"@type":"WebSite","@id":"https:\/\/www.hair-lounge-meloneras.com\/fr\/#website","url":"https:\/\/www.hair-lounge-meloneras.com\/fr\/","name":"Beauty-Lounge-Maspalomas by Sandra Hohner","description":"YOUR BEAUTY IS OUR MISSION","potentialAction":[{"@type":"SearchAction","target":{"@type":"EntryPoint","urlTemplate":"https:\/\/www.hair-lounge-meloneras.com\/fr\/?s={search_term_string}"},"query-input":{"@type":"PropertyValueSpecification","valueRequired":true,"valueName":"search_term_string"}}],"inLanguage":"fr-FR"}]}},"_links":{"self":[{"href":"https:\/\/www.hair-lounge-meloneras.com\/fr\/wp-json\/wp\/v2\/pages\/16426","targetHints":{"allow":["GET"]}}],"collection":[{"href":"https:\/\/www.hair-lounge-meloneras.com\/fr\/wp-json\/wp\/v2\/pages"}],"about":[{"href":"https:\/\/www.hair-lounge-meloneras.com\/fr\/wp-json\/wp\/v2\/types\/page"}],"author":[{"embeddable":true,"href":"https:\/\/www.hair-lounge-meloneras.com\/fr\/wp-json\/wp\/v2\/users\/2"}],"replies":[{"embeddable":true,"href":"https:\/\/www.hair-lounge-meloneras.com\/fr\/wp-json\/wp\/v2\/comments?post=16426"}],"version-history":[{"count":4,"href":"https:\/\/www.hair-lounge-meloneras.com\/fr\/wp-json\/wp\/v2\/pages\/16426\/revisions"}],"predecessor-version":[{"id":16607,"href":"https:\/\/www.hair-lounge-meloneras.com\/fr\/wp-json\/wp\/v2\/pages\/16426\/revisions\/16607"}],"wp:attachment":[{"href":"https:\/\/www.hair-lounge-meloneras.com\/fr\/wp-json\/wp\/v2\/media?parent=16426"}],"curies":[{"name":"wp","href":"https:\/\/api.w.org\/{rel}","templated":true}]}}