{"id":16792,"date":"2022-04-14T23:31:24","date_gmt":"2022-04-14T21:31:24","guid":{"rendered":"https:\/\/www.hair-lounge-meloneras.com\/beauty-behandlungen\/"},"modified":"2022-08-07T20:46:15","modified_gmt":"2022-08-07T18:46:15","slug":"beauty-behandlungen","status":"publish","type":"page","link":"https:\/\/www.hair-lounge-meloneras.com\/fr\/beauty-behandlungen\/","title":{"rendered":"Beauty Behandlungen"},"content":{"rendered":"<p style=\"text-align: right;\">Den Alltag hinter sich lassen<\/p>\n<p>Ganz\u00adheitliche Be\u00adhandlungs\u00admethoden mit aus\u00adgew\u00e4hlten<strong> Kosmetik\u00adprodukten<\/strong> in einer liebe\u00advollen Atmosph\u00e4re helfen Ihnen, die eigene Harmonie von K\u00f6rper, Geist und Seele neu zu entdecken.Bei <strong>Gesund\u00adheits- und Beauty-An\u00adwend\u00adungen, von Ganz-K\u00f6rper\u00adbe\u00adhand\u00adlungen<\/strong> bis <strong>Waxing, sowie Fadendepilation oder auch eine kosmetische Fusspflege oder Manik\u00fcre inklusive <\/strong>pflegender <strong>Fuss- und Handmassage,\u00a0<\/strong> n\u00e4hren wir nicht nur Ihre Haut, sondern auch Ihre Seele. Genie\u00dfen Sie die wohl\u00adtuende Wirkung und Pflege unserer entspannenden Anwendungen und ausgesuchten <strong>Massagen.<\/strong><\/p>\n<p>Man wird es Ihnen von Kopf bis Fu\u00df ansehen!<\/p>\n<p>&nbsp;<\/p>\n<p>&nbsp;<\/p>\n<p>Wir verwenden hierf\u00fcr hochwertigste <strong>Kosmetikprodukte<\/strong> von <strong>Aroms Nature<\/strong><\/p>\n<p>&nbsp;<\/p>\n<p>Sie haben anspruchsvolle, reife Haut.<\/p>\n<p>Dann ist unsere <strong>Bulgarian Rose Behandlung<\/strong> ein Muss.<\/p>\n<p>Nach einem schonenden Peeling und Ausreinigung werden sie mit einer <strong>Jadeedelstein Massage<\/strong> verw\u00f6hnt. Auch eine intensive <strong>Gesichtsmaske<\/strong> und <strong>Vitaminampulle<\/strong> ist beinhaltet.<\/p>\n<p>Schon ab <strong>97\u20ac<\/strong> erh\u00e4ltlich<\/p>\n<p>&nbsp;<\/p>\n<p>&nbsp;<\/p>\n<p>Sie m\u00f6chten sowohl von innen als auch von aussen rundum gesund und vital sein.<\/p>\n<p>Auch hierbei begleiten wir sie gerne.<\/p>\n<p>Nach einer ausf\u00fchrlichen <strong>Ern\u00e4hrungsberatung<\/strong> mit einem<strong> Ern\u00e4hrungsplan<\/strong> realisieren wir eine entgiftenden <strong>Gesichtsbehandlung<\/strong> mit unserem einzigartigen <strong>Detoxprodukten<\/strong>.<\/p>\n<p>Ab <strong>179\u20ac<\/strong> bei uns erh\u00e4ltlich<\/p>\n<p>&nbsp;<\/p>\n<p>Fragen sie auch nach unserer <strong>Ganzk\u00f6rperentschlackungsmassage<\/strong> inklusive Ern\u00e4hrungsplan.<\/p>\n<p>Schon ab <strong>199\u20ac<\/strong><\/p>\n<p><img loading=\"lazy\" decoding=\"async\" class=\"alignleft size-full wp-image-16769\" src=\"https:\/\/www.hair-lounge-meloneras.com\/wp-content\/uploads\/2022\/04\/471b1e62-0e15-432f-9932-096fdf28c4f8.jpg\" alt=\"\" width=\"768\" height=\"1024\" srcset=\"https:\/\/www.hair-lounge-meloneras.com\/wp-content\/uploads\/2022\/04\/471b1e62-0e15-432f-9932-096fdf28c4f8.jpg 768w, https:\/\/www.hair-lounge-meloneras.com\/wp-content\/uploads\/2022\/04\/471b1e62-0e15-432f-9932-096fdf28c4f8-225x300.jpg 225w, https:\/\/www.hair-lounge-meloneras.com\/wp-content\/uploads\/2022\/04\/471b1e62-0e15-432f-9932-096fdf28c4f8-600x800.jpg 600w, https:\/\/www.hair-lounge-meloneras.com\/wp-content\/uploads\/2022\/04\/471b1e62-0e15-432f-9932-096fdf28c4f8-700x933.jpg 700w\" sizes=\"auto, (max-width: 768px) 100vw, 768px\" \/><\/p>\n<p>&nbsp;<\/p>\n<p>&nbsp;<\/p>\n<div class=\"shariff\"><ul class=\"shariff-buttons theme-default orientation-horizontal buttonsize-medium\"><li class=\"shariff-button twitter shariff-nocustomcolor\" style=\"background-color:#1e3050\"><a href=\"https:\/\/twitter.com\/share?url=https%3A%2F%2Fwww.hair-lounge-meloneras.com%2Ffr%2Fbeauty-behandlungen%2F&text=Beauty%20Behandlungen\" title=\"Partager sur X (Twitter)\" aria-label=\"Partager sur X (Twitter)\" role=\"button\" rel=\"noreferrernoopener nofollow\" class=\"shariff-link\" style=\"; background-color:#000000; color:#fff\" target=\"_blank\"><span class=\"shariff-icon\" style=\"\"><svg xmlns=\"http:\/\/www.w3.org\/2000\/svg\" height=\"1em\" viewBox=\"0 0 512 512\"><!--! Font Awesome Free 6.4.2 by @fontawesome - https:\/\/fontawesome.com License - https:\/\/fontawesome.com\/license (Commercial License) Copyright 2023 Fonticons, Inc. --><style>svg{fill:#ffffff}<\/style><path d=\"M389.2 48h70.6L305.6 224.2 487 464H345L233.7 318.6 106.5 464H35.8L200.7 275.5 26.8 48H172.4L272.9 180.9 389.2 48zM364.4 421.8h39.1L151.1 88h-42L364.4 421.8z\"\/><\/svg><\/span><span class=\"shariff-text\">tweeter<\/span>&nbsp;<\/a><\/li><li class=\"shariff-button facebook shariff-nocustomcolor\" style=\"background-color:#4273c8\"><a href=\"https:\/\/www.facebook.com\/sharer\/sharer.php?u=https%3A%2F%2Fwww.hair-lounge-meloneras.com%2Ffr%2Fbeauty-behandlungen%2F\" title=\"Partager sur Facebook\" aria-label=\"Partager sur Facebook\" role=\"button\" rel=\"noreferrernoopener nofollow\" class=\"shariff-link\" style=\"; background-color:#3b5998; color:#fff\" target=\"_blank\"><span class=\"shariff-icon\" style=\"\"><svg width=\"32px\" height=\"20px\" xmlns=\"http:\/\/www.w3.org\/2000\/svg\" viewBox=\"0 0 18 32\"><path fill=\"#3b5998\" d=\"M17.1 0.2v4.7h-2.8q-1.5 0-2.1 0.6t-0.5 1.9v3.4h5.2l-0.7 5.3h-4.5v13.6h-5.5v-13.6h-4.5v-5.3h4.5v-3.9q0-3.3 1.9-5.2t5-1.8q2.6 0 4.1 0.2z\"\/><\/svg><\/span><span class=\"shariff-text\">partager<\/span>&nbsp;<\/a><\/li><li class=\"shariff-button whatsapp shariff-nocustomcolor\" style=\"background-color:#5cbe4a\"><a href=\"https:\/\/api.whatsapp.com\/send?text=https%3A%2F%2Fwww.hair-lounge-meloneras.com%2Ffr%2Fbeauty-behandlungen%2F%20Beauty%20Behandlungen\" title=\"Partager sur Whatsapp\" aria-label=\"Partager sur Whatsapp\" role=\"button\" rel=\"noreferrernoopener nofollow\" class=\"shariff-link\" style=\"; background-color:#34af23; color:#fff\" target=\"_blank\"><span class=\"shariff-icon\" style=\"\"><svg width=\"32px\" height=\"20px\" xmlns=\"http:\/\/www.w3.org\/2000\/svg\" viewBox=\"0 0 32 32\"><path fill=\"#34af23\" d=\"M17.6 17.4q0.2 0 1.7 0.8t1.6 0.9q0 0.1 0 0.3 0 0.6-0.3 1.4-0.3 0.7-1.3 1.2t-1.8 0.5q-1 0-3.4-1.1-1.7-0.8-3-2.1t-2.6-3.3q-1.3-1.9-1.3-3.5v-0.1q0.1-1.6 1.3-2.8 0.4-0.4 0.9-0.4 0.1 0 0.3 0t0.3 0q0.3 0 0.5 0.1t0.3 0.5q0.1 0.4 0.6 1.6t0.4 1.3q0 0.4-0.6 1t-0.6 0.8q0 0.1 0.1 0.3 0.6 1.3 1.8 2.4 1 0.9 2.7 1.8 0.2 0.1 0.4 0.1 0.3 0 1-0.9t0.9-0.9zM14 26.9q2.3 0 4.3-0.9t3.6-2.4 2.4-3.6 0.9-4.3-0.9-4.3-2.4-3.6-3.6-2.4-4.3-0.9-4.3 0.9-3.6 2.4-2.4 3.6-0.9 4.3q0 3.6 2.1 6.6l-1.4 4.2 4.3-1.4q2.8 1.9 6.2 1.9zM14 2.2q2.7 0 5.2 1.1t4.3 2.9 2.9 4.3 1.1 5.2-1.1 5.2-2.9 4.3-4.3 2.9-5.2 1.1q-3.5 0-6.5-1.7l-7.4 2.4 2.4-7.2q-1.9-3.2-1.9-6.9 0-2.7 1.1-5.2t2.9-4.3 4.3-2.9 5.2-1.1z\"\/><\/svg><\/span><span class=\"shariff-text\">partager<\/span>&nbsp;<\/a><\/li><li class=\"shariff-button printer shariff-nocustomcolor\" style=\"background-color:#a8a8a8\"><a href=\"javascript:window.print()\" title=\"imprimer\" aria-label=\"imprimer\" role=\"button\" rel=\"noreferrernoopener nofollow\" class=\"shariff-link\" style=\"; background-color:#999; color:#fff\"><span class=\"shariff-icon\" style=\"\"><svg width=\"32px\" height=\"20px\" xmlns=\"http:\/\/www.w3.org\/2000\/svg\" viewBox=\"0 0 30 32\"><path fill=\"#999\" d=\"M6.8 27.4h16v-4.6h-16v4.6zM6.8 16h16v-6.8h-2.8q-0.7 0-1.2-0.5t-0.5-1.2v-2.8h-11.4v11.4zM27.4 17.2q0-0.5-0.3-0.8t-0.8-0.4-0.8 0.4-0.3 0.8 0.3 0.8 0.8 0.3 0.8-0.3 0.3-0.8zM29.7 17.2v7.4q0 0.2-0.2 0.4t-0.4 0.2h-4v2.8q0 0.7-0.5 1.2t-1.2 0.5h-17.2q-0.7 0-1.2-0.5t-0.5-1.2v-2.8h-4q-0.2 0-0.4-0.2t-0.2-0.4v-7.4q0-1.4 1-2.4t2.4-1h1.2v-9.7q0-0.7 0.5-1.2t1.2-0.5h12q0.7 0 1.6 0.4t1.3 0.8l2.7 2.7q0.5 0.5 0.9 1.4t0.4 1.6v4.6h1.1q1.4 0 2.4 1t1 2.4z\"\/><\/svg><\/span><span class=\"shariff-text\">imprimer<\/span>&nbsp;<\/a><\/li><\/ul><\/div>","protected":false},"excerpt":{"rendered":"<p>Den Alltag hinter sich lassen Ganz\u00adheitliche Be\u00adhandlungs\u00admethoden mit aus\u00adgew\u00e4hlten Kosmetik\u00adprodukten in einer liebe\u00advollen Atmosph\u00e4re helfen Ihnen, die eigene Harmonie von K\u00f6rper, Geist und Seele neu zu entdecken.Bei Gesund\u00adheits- und Beauty-An\u00adwend\u00adungen, von Ganz-K\u00f6rper\u00adbe\u00adhand\u00adlungen bis Waxing, sowie Fadendepilation oder auch eine kosmetische Fusspflege oder Manik\u00fcre inklusive pflegender&#8230;<\/p>\n","protected":false},"author":4,"featured_media":0,"parent":0,"menu_order":5,"comment_status":"closed","ping_status":"closed","template":"","meta":{"footnotes":""},"class_list":["post-16792","page","type-page","status-publish","hentry"],"yoast_head":"<!-- This site is optimized with the Yoast SEO plugin v27.4 - https:\/\/yoast.com\/product\/yoast-seo-wordpress\/ -->\n<title>Beauty Behandlungen - Beauty Lounge Maspalomas<\/title>\n<meta name=\"description\" content=\"hochwertige medizinische sowie klassische Kosmetikbehandlungen, Fusspflege, Manik\u00fcre, Waxing Depilation, Wellnessbehandlungen, Detox\" \/>\n<meta name=\"robots\" content=\"index, follow, max-snippet:-1, max-image-preview:large, max-video-preview:-1\" \/>\n<link rel=\"canonical\" href=\"https:\/\/www.hair-lounge-meloneras.com\/fr\/beauty-behandlungen\/\" \/>\n<meta property=\"og:locale\" content=\"fr_FR\" \/>\n<meta property=\"og:type\" content=\"article\" \/>\n<meta property=\"og:title\" content=\"Beauty Behandlungen - Beauty Lounge Maspalomas\" \/>\n<meta property=\"og:description\" content=\"hochwertige medizinische sowie klassische Kosmetikbehandlungen, Fusspflege, Manik\u00fcre, Waxing Depilation, Wellnessbehandlungen, Detox\" \/>\n<meta property=\"og:url\" content=\"https:\/\/www.hair-lounge-meloneras.com\/fr\/beauty-behandlungen\/\" \/>\n<meta property=\"og:site_name\" content=\"Beauty-Lounge-Maspalomas by Sandra Hohner\" \/>\n<meta property=\"article:modified_time\" content=\"2022-08-07T18:46:15+00:00\" \/>\n<meta property=\"og:image\" content=\"https:\/\/www.hair-lounge-meloneras.com\/wp-content\/uploads\/2022\/04\/471b1e62-0e15-432f-9932-096fdf28c4f8.jpg\" \/>\n<meta name=\"twitter:card\" content=\"summary_large_image\" \/>\n<meta name=\"twitter:label1\" content=\"Dur\u00e9e de lecture estim\u00e9e\" \/>\n\t<meta name=\"twitter:data1\" content=\"2 minutes\" \/>\n<script type=\"application\/ld+json\" class=\"yoast-schema-graph\">{\"@context\":\"https:\\\/\\\/schema.org\",\"@graph\":[{\"@type\":\"Article\",\"@id\":\"https:\\\/\\\/www.hair-lounge-meloneras.com\\\/fr\\\/beauty-behandlungen\\\/#article\",\"isPartOf\":{\"@id\":\"https:\\\/\\\/www.hair-lounge-meloneras.com\\\/fr\\\/beauty-behandlungen\\\/\"},\"author\":{\"name\":\"Sandra Hohner\",\"@id\":\"https:\\\/\\\/www.hair-lounge-meloneras.com\\\/fr\\\/#\\\/schema\\\/person\\\/8904464e9b2cb418ec4bbc4cb663dfd4\"},\"headline\":\"Beauty Behandlungen\",\"datePublished\":\"2022-04-14T21:31:24+00:00\",\"dateModified\":\"2022-08-07T18:46:15+00:00\",\"mainEntityOfPage\":{\"@id\":\"https:\\\/\\\/www.hair-lounge-meloneras.com\\\/fr\\\/beauty-behandlungen\\\/\"},\"wordCount\":216,\"image\":{\"@id\":\"https:\\\/\\\/www.hair-lounge-meloneras.com\\\/fr\\\/beauty-behandlungen\\\/#primaryimage\"},\"thumbnailUrl\":\"https:\\\/\\\/www.hair-lounge-meloneras.com\\\/wp-content\\\/uploads\\\/2022\\\/04\\\/471b1e62-0e15-432f-9932-096fdf28c4f8.jpg\",\"inLanguage\":\"fr-FR\"},{\"@type\":\"WebPage\",\"@id\":\"https:\\\/\\\/www.hair-lounge-meloneras.com\\\/fr\\\/beauty-behandlungen\\\/\",\"url\":\"https:\\\/\\\/www.hair-lounge-meloneras.com\\\/fr\\\/beauty-behandlungen\\\/\",\"name\":\"Beauty Behandlungen - Beauty Lounge Maspalomas\",\"isPartOf\":{\"@id\":\"https:\\\/\\\/www.hair-lounge-meloneras.com\\\/fr\\\/#website\"},\"primaryImageOfPage\":{\"@id\":\"https:\\\/\\\/www.hair-lounge-meloneras.com\\\/fr\\\/beauty-behandlungen\\\/#primaryimage\"},\"image\":{\"@id\":\"https:\\\/\\\/www.hair-lounge-meloneras.com\\\/fr\\\/beauty-behandlungen\\\/#primaryimage\"},\"thumbnailUrl\":\"https:\\\/\\\/www.hair-lounge-meloneras.com\\\/wp-content\\\/uploads\\\/2022\\\/04\\\/471b1e62-0e15-432f-9932-096fdf28c4f8.jpg\",\"datePublished\":\"2022-04-14T21:31:24+00:00\",\"dateModified\":\"2022-08-07T18:46:15+00:00\",\"description\":\"hochwertige medizinische sowie klassische Kosmetikbehandlungen, Fusspflege, Manik\u00fcre, Waxing Depilation, Wellnessbehandlungen, Detox\",\"breadcrumb\":{\"@id\":\"https:\\\/\\\/www.hair-lounge-meloneras.com\\\/fr\\\/beauty-behandlungen\\\/#breadcrumb\"},\"inLanguage\":\"fr-FR\",\"potentialAction\":[{\"@type\":\"ReadAction\",\"target\":[\"https:\\\/\\\/www.hair-lounge-meloneras.com\\\/fr\\\/beauty-behandlungen\\\/\"]}]},{\"@type\":\"ImageObject\",\"inLanguage\":\"fr-FR\",\"@id\":\"https:\\\/\\\/www.hair-lounge-meloneras.com\\\/fr\\\/beauty-behandlungen\\\/#primaryimage\",\"url\":\"https:\\\/\\\/www.hair-lounge-meloneras.com\\\/wp-content\\\/uploads\\\/2022\\\/04\\\/471b1e62-0e15-432f-9932-096fdf28c4f8.jpg\",\"contentUrl\":\"https:\\\/\\\/www.hair-lounge-meloneras.com\\\/wp-content\\\/uploads\\\/2022\\\/04\\\/471b1e62-0e15-432f-9932-096fdf28c4f8.jpg\"},{\"@type\":\"BreadcrumbList\",\"@id\":\"https:\\\/\\\/www.hair-lounge-meloneras.com\\\/fr\\\/beauty-behandlungen\\\/#breadcrumb\",\"itemListElement\":[{\"@type\":\"ListItem\",\"position\":1,\"name\":\"Home\",\"item\":\"https:\\\/\\\/www.hair-lounge-meloneras.com\\\/fr\\\/\"},{\"@type\":\"ListItem\",\"position\":2,\"name\":\"Beauty Behandlungen\"}]},{\"@type\":\"WebSite\",\"@id\":\"https:\\\/\\\/www.hair-lounge-meloneras.com\\\/fr\\\/#website\",\"url\":\"https:\\\/\\\/www.hair-lounge-meloneras.com\\\/fr\\\/\",\"name\":\"Beauty-Lounge-Maspalomas by Sandra Hohner\",\"description\":\"YOUR BEAUTY IS OUR MISSION\",\"potentialAction\":[{\"@type\":\"SearchAction\",\"target\":{\"@type\":\"EntryPoint\",\"urlTemplate\":\"https:\\\/\\\/www.hair-lounge-meloneras.com\\\/fr\\\/?s={search_term_string}\"},\"query-input\":{\"@type\":\"PropertyValueSpecification\",\"valueRequired\":true,\"valueName\":\"search_term_string\"}}],\"inLanguage\":\"fr-FR\"},{\"@type\":\"Person\",\"@id\":\"https:\\\/\\\/www.hair-lounge-meloneras.com\\\/fr\\\/#\\\/schema\\\/person\\\/8904464e9b2cb418ec4bbc4cb663dfd4\",\"name\":\"Sandra Hohner\",\"image\":{\"@type\":\"ImageObject\",\"inLanguage\":\"fr-FR\",\"@id\":\"https:\\\/\\\/secure.gravatar.com\\\/avatar\\\/ce50fc274cbf08f58ceec675ca5f28a7bd97fa02a42c60fe381622b92a7f3656?s=96&d=mm&r=g\",\"url\":\"https:\\\/\\\/secure.gravatar.com\\\/avatar\\\/ce50fc274cbf08f58ceec675ca5f28a7bd97fa02a42c60fe381622b92a7f3656?s=96&d=mm&r=g\",\"contentUrl\":\"https:\\\/\\\/secure.gravatar.com\\\/avatar\\\/ce50fc274cbf08f58ceec675ca5f28a7bd97fa02a42c60fe381622b92a7f3656?s=96&d=mm&r=g\",\"caption\":\"Sandra Hohner\"},\"description\":\"Pr\u00e4mierte Starfriseurin aus M\u00fcnchen, spezialisiert in Haarextensions mit der Marke Great Lenghts.Mitarbeiter Make Up Artist, modernste Schneide und F\u00e4rbetechniken, Wellnessbehandlungen, Depilation, Fadendepilation, Pedik\u00fcre, Manik\u00fcre\",\"sameAs\":[\"http:\\\/\\\/www.beauty-lounge-maspalomas.com\",\"https:\\\/\\\/www.facebook.com\\\/Beautyloungemaspalomas\",\"https:\\\/\\\/www.instagram.com\\\/sandrahohner\\\/?hl=de\",\"https:\\\/\\\/www.linkedin.com\\\/in\\\/sandra-hohner-95903796\\\/\"],\"url\":\"https:\\\/\\\/www.hair-lounge-meloneras.com\\\/fr\\\/author\\\/sandra\\\/\"}]}<\/script>\n<!-- \/ Yoast SEO plugin. -->","yoast_head_json":{"title":"Beauty Behandlungen - Beauty Lounge Maspalomas","description":"hochwertige medizinische sowie klassische Kosmetikbehandlungen, Fusspflege, Manik\u00fcre, Waxing Depilation, Wellnessbehandlungen, Detox","robots":{"index":"index","follow":"follow","max-snippet":"max-snippet:-1","max-image-preview":"max-image-preview:large","max-video-preview":"max-video-preview:-1"},"canonical":"https:\/\/www.hair-lounge-meloneras.com\/fr\/beauty-behandlungen\/","og_locale":"fr_FR","og_type":"article","og_title":"Beauty Behandlungen - Beauty Lounge Maspalomas","og_description":"hochwertige medizinische sowie klassische Kosmetikbehandlungen, Fusspflege, Manik\u00fcre, Waxing Depilation, Wellnessbehandlungen, Detox","og_url":"https:\/\/www.hair-lounge-meloneras.com\/fr\/beauty-behandlungen\/","og_site_name":"Beauty-Lounge-Maspalomas by Sandra Hohner","article_modified_time":"2022-08-07T18:46:15+00:00","og_image":[{"url":"https:\/\/www.hair-lounge-meloneras.com\/wp-content\/uploads\/2022\/04\/471b1e62-0e15-432f-9932-096fdf28c4f8.jpg","type":"","width":"","height":""}],"twitter_card":"summary_large_image","twitter_misc":{"Dur\u00e9e de lecture estim\u00e9e":"2 minutes"},"schema":{"@context":"https:\/\/schema.org","@graph":[{"@type":"Article","@id":"https:\/\/www.hair-lounge-meloneras.com\/fr\/beauty-behandlungen\/#article","isPartOf":{"@id":"https:\/\/www.hair-lounge-meloneras.com\/fr\/beauty-behandlungen\/"},"author":{"name":"Sandra Hohner","@id":"https:\/\/www.hair-lounge-meloneras.com\/fr\/#\/schema\/person\/8904464e9b2cb418ec4bbc4cb663dfd4"},"headline":"Beauty Behandlungen","datePublished":"2022-04-14T21:31:24+00:00","dateModified":"2022-08-07T18:46:15+00:00","mainEntityOfPage":{"@id":"https:\/\/www.hair-lounge-meloneras.com\/fr\/beauty-behandlungen\/"},"wordCount":216,"image":{"@id":"https:\/\/www.hair-lounge-meloneras.com\/fr\/beauty-behandlungen\/#primaryimage"},"thumbnailUrl":"https:\/\/www.hair-lounge-meloneras.com\/wp-content\/uploads\/2022\/04\/471b1e62-0e15-432f-9932-096fdf28c4f8.jpg","inLanguage":"fr-FR"},{"@type":"WebPage","@id":"https:\/\/www.hair-lounge-meloneras.com\/fr\/beauty-behandlungen\/","url":"https:\/\/www.hair-lounge-meloneras.com\/fr\/beauty-behandlungen\/","name":"Beauty Behandlungen - Beauty Lounge Maspalomas","isPartOf":{"@id":"https:\/\/www.hair-lounge-meloneras.com\/fr\/#website"},"primaryImageOfPage":{"@id":"https:\/\/www.hair-lounge-meloneras.com\/fr\/beauty-behandlungen\/#primaryimage"},"image":{"@id":"https:\/\/www.hair-lounge-meloneras.com\/fr\/beauty-behandlungen\/#primaryimage"},"thumbnailUrl":"https:\/\/www.hair-lounge-meloneras.com\/wp-content\/uploads\/2022\/04\/471b1e62-0e15-432f-9932-096fdf28c4f8.jpg","datePublished":"2022-04-14T21:31:24+00:00","dateModified":"2022-08-07T18:46:15+00:00","description":"hochwertige medizinische sowie klassische Kosmetikbehandlungen, Fusspflege, Manik\u00fcre, Waxing Depilation, Wellnessbehandlungen, Detox","breadcrumb":{"@id":"https:\/\/www.hair-lounge-meloneras.com\/fr\/beauty-behandlungen\/#breadcrumb"},"inLanguage":"fr-FR","potentialAction":[{"@type":"ReadAction","target":["https:\/\/www.hair-lounge-meloneras.com\/fr\/beauty-behandlungen\/"]}]},{"@type":"ImageObject","inLanguage":"fr-FR","@id":"https:\/\/www.hair-lounge-meloneras.com\/fr\/beauty-behandlungen\/#primaryimage","url":"https:\/\/www.hair-lounge-meloneras.com\/wp-content\/uploads\/2022\/04\/471b1e62-0e15-432f-9932-096fdf28c4f8.jpg","contentUrl":"https:\/\/www.hair-lounge-meloneras.com\/wp-content\/uploads\/2022\/04\/471b1e62-0e15-432f-9932-096fdf28c4f8.jpg"},{"@type":"BreadcrumbList","@id":"https:\/\/www.hair-lounge-meloneras.com\/fr\/beauty-behandlungen\/#breadcrumb","itemListElement":[{"@type":"ListItem","position":1,"name":"Home","item":"https:\/\/www.hair-lounge-meloneras.com\/fr\/"},{"@type":"ListItem","position":2,"name":"Beauty Behandlungen"}]},{"@type":"WebSite","@id":"https:\/\/www.hair-lounge-meloneras.com\/fr\/#website","url":"https:\/\/www.hair-lounge-meloneras.com\/fr\/","name":"Beauty-Lounge-Maspalomas by Sandra Hohner","description":"YOUR BEAUTY IS OUR MISSION","potentialAction":[{"@type":"SearchAction","target":{"@type":"EntryPoint","urlTemplate":"https:\/\/www.hair-lounge-meloneras.com\/fr\/?s={search_term_string}"},"query-input":{"@type":"PropertyValueSpecification","valueRequired":true,"valueName":"search_term_string"}}],"inLanguage":"fr-FR"},{"@type":"Person","@id":"https:\/\/www.hair-lounge-meloneras.com\/fr\/#\/schema\/person\/8904464e9b2cb418ec4bbc4cb663dfd4","name":"Sandra Hohner","image":{"@type":"ImageObject","inLanguage":"fr-FR","@id":"https:\/\/secure.gravatar.com\/avatar\/ce50fc274cbf08f58ceec675ca5f28a7bd97fa02a42c60fe381622b92a7f3656?s=96&d=mm&r=g","url":"https:\/\/secure.gravatar.com\/avatar\/ce50fc274cbf08f58ceec675ca5f28a7bd97fa02a42c60fe381622b92a7f3656?s=96&d=mm&r=g","contentUrl":"https:\/\/secure.gravatar.com\/avatar\/ce50fc274cbf08f58ceec675ca5f28a7bd97fa02a42c60fe381622b92a7f3656?s=96&d=mm&r=g","caption":"Sandra Hohner"},"description":"Pr\u00e4mierte Starfriseurin aus M\u00fcnchen, spezialisiert in Haarextensions mit der Marke Great Lenghts.Mitarbeiter Make Up Artist, modernste Schneide und F\u00e4rbetechniken, Wellnessbehandlungen, Depilation, Fadendepilation, Pedik\u00fcre, Manik\u00fcre","sameAs":["http:\/\/www.beauty-lounge-maspalomas.com","https:\/\/www.facebook.com\/Beautyloungemaspalomas","https:\/\/www.instagram.com\/sandrahohner\/?hl=de","https:\/\/www.linkedin.com\/in\/sandra-hohner-95903796\/"],"url":"https:\/\/www.hair-lounge-meloneras.com\/fr\/author\/sandra\/"}]}},"_links":{"self":[{"href":"https:\/\/www.hair-lounge-meloneras.com\/fr\/wp-json\/wp\/v2\/pages\/16792","targetHints":{"allow":["GET"]}}],"collection":[{"href":"https:\/\/www.hair-lounge-meloneras.com\/fr\/wp-json\/wp\/v2\/pages"}],"about":[{"href":"https:\/\/www.hair-lounge-meloneras.com\/fr\/wp-json\/wp\/v2\/types\/page"}],"author":[{"embeddable":true,"href":"https:\/\/www.hair-lounge-meloneras.com\/fr\/wp-json\/wp\/v2\/users\/4"}],"replies":[{"embeddable":true,"href":"https:\/\/www.hair-lounge-meloneras.com\/fr\/wp-json\/wp\/v2\/comments?post=16792"}],"version-history":[{"count":2,"href":"https:\/\/www.hair-lounge-meloneras.com\/fr\/wp-json\/wp\/v2\/pages\/16792\/revisions"}],"predecessor-version":[{"id":16816,"href":"https:\/\/www.hair-lounge-meloneras.com\/fr\/wp-json\/wp\/v2\/pages\/16792\/revisions\/16816"}],"wp:attachment":[{"href":"https:\/\/www.hair-lounge-meloneras.com\/fr\/wp-json\/wp\/v2\/media?parent=16792"}],"curies":[{"name":"wp","href":"https:\/\/api.w.org\/{rel}","templated":true}]}}